
{"id":74690,"date":"2018-01-08T17:22:43","date_gmt":"2018-01-08T17:22:43","guid":{"rendered":"http:\/\/oticasnew.com.br\/web\/?page_id=74690"},"modified":"2026-01-13T19:19:32","modified_gmt":"2026-01-13T19:19:32","slug":"pagina-inicial","status":"publish","type":"page","link":"https:\/\/oticasnew.com.br\/web\/","title":{"rendered":"P\u00e1gina Inicial"},"content":{"rendered":"<p>[vc_row][vc_column][rev_slider_vc alias=&#8221;Banner&#8221; el_class=&#8221;erick.dev-slide-responsive&#8221;][\/vc_column][\/vc_row][vc_row][vc_column width=&#8221;1\/2&#8243;][vc_single_image image=&#8221;76417&#8243; img_size=&#8221;full&#8221; css_animation=&#8221;zoomInDown&#8221;][\/vc_column][vc_column width=&#8221;1\/2&#8243;] [vc_empty_space height=&#8221;150px&#8221;] [vc_column_text css_animation=&#8221;none&#8221;]<\/p>\n<h1 style=\"text-align: left;\"><span style=\"color: #083b7e;\"><strong>SOBRE N\u00d3S<\/strong><\/span><\/h1>\n<h3 style=\"text-align: left;\"><span style=\"color: #f58734;\"><strong>Desde 2006, buscamos criar uma rela\u00e7\u00e3o de confian\u00e7a com todos nossos clientes trazendo sempre o melhor custo benef\u00edcio.<\/strong><\/span><\/h3>\n<h3 style=\"text-align: left;\"><span style=\"color: #f58734;\"><strong>Apresentamos uma variada gama de op\u00e7\u00f5es em lentes, marcas e arma\u00e7\u00f5es te dando a liberdade de escolher o que combina mais com voc\u00ea. Venha nos visitar ou entre em contato para encontrar o que procura!<\/strong><\/span><\/h3>\n<p>[\/vc_column_text][\/vc_column][\/vc_row][vc_row css=&#8221;.vc_custom_1521481754527{padding-top: 20px !important;}&#8221;][vc_column][vc_row_inner][vc_column_inner width=&#8221;1\/3&#8243;][\/vc_column_inner][vc_column_inner width=&#8221;1\/3&#8243; css=&#8221;.vc_custom_1521471876272{padding-right: 100px !important;padding-left: 100px !important;}&#8221;][vc_separator border_width=&#8221;2&#8243;][\/vc_column_inner][vc_column_inner width=&#8221;1\/3&#8243;][\/vc_column_inner][\/vc_row_inner]<div class=\"ult-spacer spacer-69e21d358f8ad\" data-id=\"69e21d358f8ad\" data-height=\"50\" data-height-mobile=\"50\" data-height-tab=\"50\" data-height-tab-portrait=\"\" data-height-mobile-landscape=\"\" style=\"clear:both;display:block;\"><\/div>[vc_column_text]<\/p>\n<h3 style=\"text-align: center;\"><span style=\"color: #083b7e;\"><strong>NOSSOS PARCEIROS<\/strong><\/span><\/h3>\n<p>[\/vc_column_text]<div class=\"ult-spacer spacer-69e21d358f8c3\" data-id=\"69e21d358f8c3\" data-height=\"50\" data-height-mobile=\"50\" data-height-tab=\"50\" data-height-tab-portrait=\"\" data-height-mobile-landscape=\"\" style=\"clear:both;display:block;\"><\/div><div id=\"ult-carousel-108675835669e21d358f9fc\" class=\"ult-carousel-wrapper   ult_horizontal\" data-gutter=\"6\" data-rtl=\"false\" ><div class=\"ult-carousel-43421581469e21d358f8dd \" >[vc_single_image image=&#8221;76199&#8243; img_size=&#8221;full&#8221; alignment=&#8221;center&#8221;][vc_single_image image=&#8221;76206&#8243; img_size=&#8221;full&#8221; alignment=&#8221;center&#8221;][vc_single_image image=&#8221;76205&#8243; img_size=&#8221;full&#8221; alignment=&#8221;center&#8221;][vc_single_image image=&#8221;76200&#8243; img_size=&#8221;full&#8221; alignment=&#8221;center&#8221;][vc_single_image image=&#8221;76204&#8243; img_size=&#8221;full&#8221; alignment=&#8221;center&#8221;][vc_single_image image=&#8221;76203&#8243; img_size=&#8221;full&#8221; alignment=&#8221;center&#8221;][vc_single_image image=&#8221;74830&#8243; img_size=&#8221;full&#8221; alignment=&#8221;center&#8221;][vc_single_image image=&#8221;76195&#8243; img_size=&#8221;full&#8221; alignment=&#8221;center&#8221;][vc_single_image image=&#8221;76198&#8243; img_size=&#8221;full&#8221; alignment=&#8221;center&#8221;][vc_single_image image=&#8221;76202&#8243; img_size=&#8221;full&#8221; alignment=&#8221;center&#8221;][vc_single_image image=&#8221;76197&#8243; img_size=&#8221;full&#8221; alignment=&#8221;center&#8221;][vc_single_image image=&#8221;76201&#8243; img_size=&#8221;full&#8221; alignment=&#8221;center&#8221;]<\/div><\/div>\t\t\t<script type=\"text\/javascript\">\n\t\t\t\tjQuery(document).ready(function ($) {\n\t\t\t\t\tif( typeof jQuery('.ult-carousel-43421581469e21d358f8dd').slick == \"function\"){\n\t\t\t\t\t\t$('.ult-carousel-43421581469e21d358f8dd').slick({dots: false,autoplay: true,autoplaySpeed: 5000,speed: 300,infinite: true,arrows: true,nextArrow: '<button type=\"button\" role=\"button\" aria-label=\"Next\" style=\"color:#333333; font-size:20px;\" class=\"slick-next default\"><i class=\"ultsl-arrow-right6\"><\/i><\/button>',prevArrow: '<button type=\"button\" role=\"button\" aria-label=\"Previous\" style=\"color:#333333; font-size:20px;\" class=\"slick-prev default\"><i class=\"ultsl-arrow-left6\"><\/i><\/button>',slidesToScroll:5,slidesToShow:5,swipe: true,draggable: true,touchMove: true,pauseOnHover: true,responsive: [\n\t\t\t\t\t\t\t{\n\t\t\t\t\t\t\t  breakpoint: 1025,\n\t\t\t\t\t\t\t  settings: {\n\t\t\t\t\t\t\t\tslidesToShow: 5,\n\t\t\t\t\t\t\t\tslidesToScroll: 5,  \n\t\t\t\t\t\t\t  }\n\t\t\t\t\t\t\t},\n\t\t\t\t\t\t\t{\n\t\t\t\t\t\t\t  breakpoint: 769,\n\t\t\t\t\t\t\t  settings: {\n\t\t\t\t\t\t\t\tslidesToShow: 3,\n\t\t\t\t\t\t\t\tslidesToScroll: 3\n\t\t\t\t\t\t\t  }\n\t\t\t\t\t\t\t},\n\t\t\t\t\t\t\t{\n\t\t\t\t\t\t\t  breakpoint: 481,\n\t\t\t\t\t\t\t  settings: {\n\t\t\t\t\t\t\t\tslidesToShow: 2,\n\t\t\t\t\t\t\t\tslidesToScroll: 2\n\t\t\t\t\t\t\t  }\n\t\t\t\t\t\t\t}\n\t\t\t\t\t\t],pauseOnDotsHover: true,customPaging: function(slider, i) {\n                   return '<i type=\"button\" style= \"color:#333333;\" class=\"ultsl-record\" data-role=\"none\"><\/i>';\n                },});\n\t\t\t\t\t}\n\t\t\t\t});\n\t\t\t<\/script>\n\t\t\t[\/vc_column][\/vc_row][vc_row][vc_column]<div id=\"modal-trg-txt-wrap-4109\" class=\"ult-modal-input-wrapper ult-adjust-bottom-margin    \" data-keypress-control=\"keypress-control-enable\" data-overlay-control=\"overlay-control-enable\"><div data-class-id=\"content-69e21d358fa7c8-58271656\" class=\"ult-onload overlay-show \" data-overlay-class=\"overlay-cornerbottomleft\" data-onload-delay=\"2\"><\/div><\/div>\n<div class=\"ult-overlay content-69e21d358fa7c8-58271656 \" data-class=\"content-69e21d358fa7c8-58271656\" id=\"button-click-overlay\" style=\"background:rgba(255,255,255,0.01); display:none;\">\n\t<div class=\"ult_modal ult-fade ult-medium\">\n\t<div class=\"ult-overlay-close popup-edge-top-left\" style=\"width:15px;height:15px; background-color: #ea9c00;border-radius: 50%;padding:10px;box-sizing: content-box; top:-17.5px;left:-17.5px;\"><div class=\"ult-overlay-close-inside\">Close<\/div><\/div>\n\t\t<div id=\"ult-modal-wrap-9081\" class=\"ult_modal-content ult-hide\" style=\"border-style:solid;border-width:0px;border-radius:0px;border-color:;\">\n\t\t\t<div  data-ultimate-target='#ult-modal-wrap-9081 .ult_modal-body'  data-responsive-json-new='{\"font-size\":\"\",\"line-height\":\"\"}'  class=\"ult_modal-body ult-responsive ult-html\" style=\"\">\n\t\t\t<a href=\"https:\/\/api.whatsapp.com\/send?phone=5511959116796\" target=\"_blank\" rel=\"noopener\"><img loading=\"lazy\" class=\"alignnone wp-image-75055\" src=\"https:\/\/oticasnew.com.br\/web\/wp-content\/uploads\/2018\/05\/whatsapp.png\" alt=\"\" width=\"213\" height=\"88\" \/><\/a>\n\t\t\t<\/div>\n\t<\/div>\n\t<\/div>\n<\/div>[\/vc_column][\/vc_row]<\/p>\n","protected":false},"excerpt":{"rendered":"<p>[vc_row][vc_column][rev_slider_vc alias=&#8221;Banner&#8221; el_class=&#8221;erick.dev-slide-responsive&#8221;][\/vc_column][\/vc_row][vc_row][vc_column width=&#8221;1\/2&#8243;][vc_single_image image=&#8221;76417&#8243; img_size=&#8221;full&#8221; css_animation=&#8221;zoomInDown&#8221;][\/vc_column][vc_column width=&#8221;1\/2&#8243;] [vc_empty_space height=&#8221;150px&#8221;] [vc_column_text css_animation=&#8221;none&#8221;] SOBRE N\u00d3S Desde 2006, buscamos criar uma rela\u00e7\u00e3o de confian\u00e7a com todos nossos clientes trazendo sempre o melhor custo benef\u00edcio. Apresentamos uma variada gama de op\u00e7\u00f5es em lentes, marcas e arma\u00e7\u00f5es te dando a liberdade de escolher o que combina mais com voc\u00ea. [&hellip;]<\/p>\n","protected":false},"author":1,"featured_media":0,"parent":0,"menu_order":0,"comment_status":"closed","ping_status":"closed","template":"","meta":{"_mi_skip_tracking":false},"yoast_head":"<!-- This site is optimized with the Yoast SEO plugin v18.0 - https:\/\/yoast.com\/wordpress\/plugins\/seo\/ -->\n<title>Comprar Lentes no melhor pre\u00e7o - \u00d3ticas new | (11) 4976-4186<\/title>\n<meta name=\"description\" content=\"Na \u00d3ticas New voc\u00ea encontra Lentes de qualidade e profissionais capacitados a atender suas necessidades. Comprar lentes no melhor pre\u00e7o \u00e9 aqui!\" \/>\n<meta name=\"robots\" content=\"index, follow, max-snippet:-1, max-image-preview:large, max-video-preview:-1\" \/>\n<link rel=\"canonical\" href=\"https:\/\/oticasnew.com.br\/web\/\" \/>\n<meta property=\"og:locale\" content=\"en_US\" \/>\n<meta property=\"og:type\" content=\"article\" \/>\n<meta property=\"og:title\" content=\"Comprar Lentes no melhor pre\u00e7o - \u00d3ticas new | (11) 4976-4186\" \/>\n<meta property=\"og:description\" content=\"Na \u00d3ticas New voc\u00ea encontra Lentes de qualidade e profissionais capacitados a atender suas necessidades. Comprar lentes no melhor pre\u00e7o \u00e9 aqui!\" \/>\n<meta property=\"og:url\" content=\"https:\/\/oticasnew.com.br\/web\/\" \/>\n<meta property=\"og:site_name\" content=\"Oticas New\" \/>\n<meta property=\"article:modified_time\" content=\"2026-01-13T19:19:32+00:00\" \/>\n<meta property=\"og:image\" content=\"https:\/\/oticasnew.com.br\/web\/wp-content\/uploads\/2018\/05\/whatsapp.png\" \/>\n<meta name=\"twitter:card\" content=\"summary_large_image\" \/>\n<meta name=\"twitter:label1\" content=\"Est. reading time\" \/>\n\t<meta name=\"twitter:data1\" content=\"1 minute\" \/>\n<script type=\"application\/ld+json\" class=\"yoast-schema-graph\">{\"@context\":\"https:\/\/schema.org\",\"@graph\":[{\"@type\":\"WebSite\",\"@id\":\"https:\/\/oticasnew.com.br\/web\/#website\",\"url\":\"https:\/\/oticasnew.com.br\/web\/\",\"name\":\"Oticas New\",\"description\":\"\",\"potentialAction\":[{\"@type\":\"SearchAction\",\"target\":{\"@type\":\"EntryPoint\",\"urlTemplate\":\"https:\/\/oticasnew.com.br\/web\/?s={search_term_string}\"},\"query-input\":\"required name=search_term_string\"}],\"inLanguage\":\"en-US\"},{\"@type\":\"ImageObject\",\"@id\":\"https:\/\/oticasnew.com.br\/web\/#primaryimage\",\"inLanguage\":\"en-US\",\"url\":\"https:\/\/oticasnew.com.br\/web\/wp-content\/uploads\/2018\/05\/whatsapp.png\",\"contentUrl\":\"https:\/\/oticasnew.com.br\/web\/wp-content\/uploads\/2018\/05\/whatsapp.png\",\"width\":387,\"height\":160},{\"@type\":\"WebPage\",\"@id\":\"https:\/\/oticasnew.com.br\/web\/#webpage\",\"url\":\"https:\/\/oticasnew.com.br\/web\/\",\"name\":\"Comprar Lentes no melhor pre\u00e7o - \u00d3ticas new | (11) 4976-4186\",\"isPartOf\":{\"@id\":\"https:\/\/oticasnew.com.br\/web\/#website\"},\"primaryImageOfPage\":{\"@id\":\"https:\/\/oticasnew.com.br\/web\/#primaryimage\"},\"datePublished\":\"2018-01-08T17:22:43+00:00\",\"dateModified\":\"2026-01-13T19:19:32+00:00\",\"description\":\"Na \u00d3ticas New voc\u00ea encontra Lentes de qualidade e profissionais capacitados a atender suas necessidades. Comprar lentes no melhor pre\u00e7o \u00e9 aqui!\",\"breadcrumb\":{\"@id\":\"https:\/\/oticasnew.com.br\/web\/#breadcrumb\"},\"inLanguage\":\"en-US\",\"potentialAction\":[{\"@type\":\"ReadAction\",\"target\":[\"https:\/\/oticasnew.com.br\/web\/\"]}]},{\"@type\":\"BreadcrumbList\",\"@id\":\"https:\/\/oticasnew.com.br\/web\/#breadcrumb\",\"itemListElement\":[{\"@type\":\"ListItem\",\"position\":1,\"name\":\"Home\",\"item\":\"https:\/\/oticasnew.com.br\/web\/\"},{\"@type\":\"ListItem\",\"position\":2,\"name\":\"P\u00e1gina Inicial\"}]}]}<\/script>\n<!-- \/ Yoast SEO plugin. -->","yoast_head_json":{"title":"Comprar Lentes no melhor pre\u00e7o - \u00d3ticas new | (11) 4976-4186","description":"Na \u00d3ticas New voc\u00ea encontra Lentes de qualidade e profissionais capacitados a atender suas necessidades. Comprar lentes no melhor pre\u00e7o \u00e9 aqui!","robots":{"index":"index","follow":"follow","max-snippet":"max-snippet:-1","max-image-preview":"max-image-preview:large","max-video-preview":"max-video-preview:-1"},"canonical":"https:\/\/oticasnew.com.br\/web\/","og_locale":"en_US","og_type":"article","og_title":"Comprar Lentes no melhor pre\u00e7o - \u00d3ticas new | (11) 4976-4186","og_description":"Na \u00d3ticas New voc\u00ea encontra Lentes de qualidade e profissionais capacitados a atender suas necessidades. Comprar lentes no melhor pre\u00e7o \u00e9 aqui!","og_url":"https:\/\/oticasnew.com.br\/web\/","og_site_name":"Oticas New","article_modified_time":"2026-01-13T19:19:32+00:00","og_image":[{"url":"https:\/\/oticasnew.com.br\/web\/wp-content\/uploads\/2018\/05\/whatsapp.png"}],"twitter_card":"summary_large_image","twitter_misc":{"Est. reading time":"1 minute"},"schema":{"@context":"https:\/\/schema.org","@graph":[{"@type":"WebSite","@id":"https:\/\/oticasnew.com.br\/web\/#website","url":"https:\/\/oticasnew.com.br\/web\/","name":"Oticas New","description":"","potentialAction":[{"@type":"SearchAction","target":{"@type":"EntryPoint","urlTemplate":"https:\/\/oticasnew.com.br\/web\/?s={search_term_string}"},"query-input":"required name=search_term_string"}],"inLanguage":"en-US"},{"@type":"ImageObject","@id":"https:\/\/oticasnew.com.br\/web\/#primaryimage","inLanguage":"en-US","url":"https:\/\/oticasnew.com.br\/web\/wp-content\/uploads\/2018\/05\/whatsapp.png","contentUrl":"https:\/\/oticasnew.com.br\/web\/wp-content\/uploads\/2018\/05\/whatsapp.png","width":387,"height":160},{"@type":"WebPage","@id":"https:\/\/oticasnew.com.br\/web\/#webpage","url":"https:\/\/oticasnew.com.br\/web\/","name":"Comprar Lentes no melhor pre\u00e7o - \u00d3ticas new | (11) 4976-4186","isPartOf":{"@id":"https:\/\/oticasnew.com.br\/web\/#website"},"primaryImageOfPage":{"@id":"https:\/\/oticasnew.com.br\/web\/#primaryimage"},"datePublished":"2018-01-08T17:22:43+00:00","dateModified":"2026-01-13T19:19:32+00:00","description":"Na \u00d3ticas New voc\u00ea encontra Lentes de qualidade e profissionais capacitados a atender suas necessidades. Comprar lentes no melhor pre\u00e7o \u00e9 aqui!","breadcrumb":{"@id":"https:\/\/oticasnew.com.br\/web\/#breadcrumb"},"inLanguage":"en-US","potentialAction":[{"@type":"ReadAction","target":["https:\/\/oticasnew.com.br\/web\/"]}]},{"@type":"BreadcrumbList","@id":"https:\/\/oticasnew.com.br\/web\/#breadcrumb","itemListElement":[{"@type":"ListItem","position":1,"name":"Home","item":"https:\/\/oticasnew.com.br\/web\/"},{"@type":"ListItem","position":2,"name":"P\u00e1gina Inicial"}]}]}},"_links":{"self":[{"href":"https:\/\/oticasnew.com.br\/web\/wp-json\/wp\/v2\/pages\/74690"}],"collection":[{"href":"https:\/\/oticasnew.com.br\/web\/wp-json\/wp\/v2\/pages"}],"about":[{"href":"https:\/\/oticasnew.com.br\/web\/wp-json\/wp\/v2\/types\/page"}],"author":[{"embeddable":true,"href":"https:\/\/oticasnew.com.br\/web\/wp-json\/wp\/v2\/users\/1"}],"replies":[{"embeddable":true,"href":"https:\/\/oticasnew.com.br\/web\/wp-json\/wp\/v2\/comments?post=74690"}],"version-history":[{"count":115,"href":"https:\/\/oticasnew.com.br\/web\/wp-json\/wp\/v2\/pages\/74690\/revisions"}],"predecessor-version":[{"id":78234,"href":"https:\/\/oticasnew.com.br\/web\/wp-json\/wp\/v2\/pages\/74690\/revisions\/78234"}],"wp:attachment":[{"href":"https:\/\/oticasnew.com.br\/web\/wp-json\/wp\/v2\/media?parent=74690"}],"curies":[{"name":"wp","href":"https:\/\/api.w.org\/{rel}","templated":true}]}}