
{"id":74846,"date":"2018-03-19T18:08:09","date_gmt":"2018-03-19T18:08:09","guid":{"rendered":"http:\/\/oticasnew.com.br\/web\/?page_id=74846"},"modified":"2021-10-22T18:51:49","modified_gmt":"2021-10-22T18:51:49","slug":"lentes-alta-miopia","status":"publish","type":"page","link":"https:\/\/oticasnew.com.br\/web\/lentes-alta-miopia\/","title":{"rendered":"Lentes Alta Miopia"},"content":{"rendered":"<p>[vc_row bg_type=&#8221;image&#8221; parallax_style=&#8221;vcpb-vz-jquery&#8221; bg_image_repeat=&#8221;no-repeat&#8221; bg_img_attach=&#8221;fixed&#8221; bg_override=&#8221;full&#8221; parallax_content=&#8221;parallax_content_value&#8221; fadeout_row=&#8221;fadeout_row_value&#8221; type=&#8221;full_width&#8221; css=&#8221;.vc_custom_1633545443250{padding-bottom: 300px !important;background-image: url(https:\/\/oticasnew.com.br\/web\/wp-content\/uploads\/2021\/10\/Oticas_New_Imagens_Site_Miopia-scaled.jpg?id=76290) !important;background-position: center !important;background-repeat: no-repeat !important;background-size: cover !important;}&#8221;][vc_column][\/vc_column][\/vc_row][vc_row bg_type=&#8221;image&#8221; parallax_style=&#8221;vcpb-vz-jquery&#8221; bg_image_new=&#8221;id^75074|url^https:\/\/oticasnew.com.br\/web\/wp-content\/uploads\/2018\/05\/imgs-47.png|caption^null|alt^null|title^imgs-47|description^null&#8221; bg_image_repeat=&#8221;no-repeat&#8221; bg_img_attach=&#8221;fixed&#8221; bg_override=&#8221;full&#8221; parallax_content=&#8221;parallax_content_value&#8221; fadeout_row=&#8221;fadeout_row_value&#8221; type=&#8221;full_width&#8221;][vc_column][vc_custom_heading text=&#8221;LENTES IDEAIS PARA A SUA MIOPIA&#8221; font_container=&#8221;tag:h1|text_align:center|color:%23083b7e&#8221; use_theme_fonts=&#8221;yes&#8221; css=&#8221;.vc_custom_1633545466569{border-bottom-width: px !important;border-bottom-color: #ffffff !important;border-bottom-style: solid !important;}&#8221;][vc_custom_heading text=&#8221;Esteja realmente preparado para fazer a melhor escolha para a sua necessidade!&#8221; font_container=&#8221;tag:h3|text_align:center|color:%23ff6500&#8243; use_theme_fonts=&#8221;yes&#8221;][\/vc_column][\/vc_row][vc_row type=&#8221;full_width&#8221; css=&#8221;.vc_custom_1633545729400{background-image: url(https:\/\/oticasnew.com.br\/web\/wp-content\/uploads\/2021\/09\/Oticas_New_Imagens_Site-1.png?id=76231) !important;background-position: center !important;background-repeat: no-repeat !important;background-size: cover !important;}&#8221;][vc_column css=&#8221;.vc_custom_1634910333730{padding-bottom: 129px !important;}&#8221; offset=&#8221;vc_hidden-md vc_hidden-sm&#8221;][vc_row_inner css=&#8221;.vc_custom_1520961061478{padding-top: 70px !important;padding-right: 50px !important;}&#8221;][vc_column_inner width=&#8221;1\/2&#8243;][vc_column_text css_animation=&#8221;left-to-right&#8221; css=&#8221;.vc_custom_1633546047815{padding-top: 30px !important;padding-right: 50px !important;padding-left: 50px !important;}&#8221;]<\/p>\n<h1><span style=\"color: #ff6500;\">AS LENTES DE ALTO \u00cdNDICE DE REFRA\u00c7\u00c3O PARA ALTA MIOPIA<\/span><\/h1>\n<p style=\"text-align: justify; font-size: 18px;\"><span style=\"color: #ffffff;\">As lentes para alta miopia s\u00e3o chamadas de lentes de alto \u00edndice de refra\u00e7\u00e3o. O \u00edndice de refra\u00e7\u00e3o quantifica o poder da mat\u00e9ria-prima da lente de mudar a dire\u00e7\u00e3o dos raios de luz e, assim, acertar o foco.\u00a0Quanto maior a taxa do \u00edndice de refra\u00e7\u00e3o, menor a espessura necess\u00e1ria para dar nitidez \u00e0 vis\u00e3o.<br \/>\nComo uma das caracter\u00edsticas das lentes para miopia \u00e9 ser fina no centro e grossa nas bordas, o \u00edndice de refra\u00e7\u00e3o \u00e9 ent\u00e3o o principal respons\u00e1vel por reduzir a espessura das lentes e minimizar o efeito fundo de garrafa.<\/span><\/p>\n<p>[\/vc_column_text][\/vc_column_inner][vc_column_inner width=&#8221;1\/2&#8243;][vc_column_text css_animation=&#8221;left-to-right&#8221; css=&#8221;.vc_custom_1633546132558{padding-top: 30px !important;padding-right: 50px !important;padding-left: 50px !important;}&#8221;]<\/p>\n<h1><span style=\"color: #ff6500;\">RESOLVA SEU PROBLEMA<\/span><br \/>\n<span style=\"color: #ff6500;\">CONFORTAVELMENTE<\/span><\/h1>\n<p style=\"text-align: justify; font-size: 18px;\"><span style=\"color: #ffffff;\">Lentes com apar\u00eancia de grossas e com efeito de fundo de garrafa s\u00e3o esteticamente desagrad\u00e1veis para os m\u00edopes que querem disfar\u00e7ar o seu grau.<br \/>\nHoje em dia existem no mercado as lentes de alto \u00edndice e lenticular que resolvem esse problema.<br \/>\nEscolher o melhor \u00edndice para a sua lente e a melhor arma\u00e7\u00e3o vai fazer um \u00f3culos com grau alto passar despercebido entre as pessoas.<br \/>\nDescubra as op\u00e7\u00f5es de lentes que podem resolver o seu problema e esteja realmente preparado para fazer a melhor escolha para a sua necessidade!<\/span><\/p>\n<p>[\/vc_column_text][\/vc_column_inner][\/vc_row_inner][vc_row_inner css=&#8221;.vc_custom_1521483861872{padding-top: 50px !important;padding-right: 50px !important;}&#8221;][vc_column_inner][vc_column_text css_animation=&#8221;left-to-right&#8221; css=&#8221;.vc_custom_1633546161777{padding-top: 30px !important;padding-right: 50px !important;padding-left: 50px !important;}&#8221;]<\/p>\n<h2 style=\"text-align: center;\"><span style=\"color: #ff6500;\">O MATERIAL DAS LENTES<\/span><\/h2>\n<p style=\"font-size: 18px; text-align: center;\"><span style=\"color: #ffffff;\">Voc\u00ea encontra basicamente dois tipos de materiais de lentes de alto \u00edndice de refra\u00e7\u00e3o hoje no mercado: as lentes de cristal (vidro) e as lentes de resina.<\/span><\/p>\n<p>[\/vc_column_text][\/vc_column_inner][\/vc_row_inner][\/vc_column][\/vc_row][vc_row type=&#8221;full_width&#8221; css=&#8221;.vc_custom_1531246966044{background-image: url(https:\/\/oticasnew.com.br\/web\/wp-content\/uploads\/2018\/03\/img-07.png?id=74774) !important;background-position: center !important;background-repeat: no-repeat !important;background-size: cover !important;}&#8221;][vc_column css=&#8221;.vc_custom_1531247581292{padding-top: 50px !important;padding-bottom: 129px !important;}&#8221; offset=&#8221;vc_hidden-lg&#8221;][\/vc_column][\/vc_row][vc_row parallax_content=&#8221;parallax_content_value&#8221; fadeout_row=&#8221;fadeout_row_value&#8221; row_type=&#8221;parallax&#8221; css=&#8221;.vc_custom_1633449206676{background-image: url(https:\/\/oticasnew.com.br\/web\/wp-content\/uploads\/2018\/03\/fundo-09.png?id=74784) !important;background-position: center !important;background-repeat: no-repeat !important;background-size: cover !important;}&#8221;][vc_column css=&#8221;.vc_custom_1634910380730{padding-top: 90px !important;padding-bottom: 90px !important;}&#8221; offset=&#8221;vc_hidden-md vc_hidden-sm&#8221;][vc_row_inner css=&#8221;.vc_custom_1520968405301{margin-top: 10px !important;}&#8221;][vc_column_inner width=&#8221;1\/2&#8243; css=&#8221;.vc_custom_1634910660505{padding-right: 60px !important;}&#8221;][vc_custom_heading text=&#8221;AS LENTES DE CRISTAL&#8221; font_container=&#8221;tag:h2|text_align:left|color:%23ffffff&#8221; use_theme_fonts=&#8221;yes&#8221;][vc_empty_space height=&#8221;15&#8243;][vc_column_text]<\/p>\n<p style=\"text-align: left; font-size: 16px;\"><span style=\"color: #ffffff;\">As lentes de cristal possuem \u00edndices de refra\u00e7\u00e3o mais elevados como 1.7, 1.8 ou 1.9. No entanto, algumas caracter\u00edsticas fazem com que elas nem sempre sejam a op\u00e7\u00e3o mais indicada para voc\u00ea.<br \/>\nPor serem de vidro, as lentes de cristal s\u00e3o bastante pesadas e fr\u00e1geis, podendo provocar um grande desconforto para voc\u00ea, al\u00e9m de quebrarem mais facilmente.<br \/>\nOutro ponto bastante negativo \u00e9 o fato das lentes de cristal possu\u00edrem apenas design esf\u00e9rico.<\/span>[\/vc_column_text][\/vc_column_inner][vc_column_inner width=&#8221;1\/2&#8243; css=&#8221;.vc_custom_1633448932559{padding-left: 150px !important;}&#8221;][vc_custom_heading text=&#8221;LENTES DE RESINA&#8221; font_container=&#8221;tag:h2|text_align:left|color:%23ffffff&#8221; use_theme_fonts=&#8221;yes&#8221;][vc_empty_space height=&#8221;15&#8243;][vc_column_text]<\/p>\n<p style=\"text-align: left; font-size: 16px;\"><span style=\"color: #ffffff;\">As lentes de resina\u00a0tamb\u00e9m est\u00e3o dispon\u00edveis em \u00edndices de refra\u00e7\u00e3o mais elevados. Por serem bem mais leves e resistente, elas acabam sendo as mais recomendadas para os casos de alta miopia.<br \/>\nE a \u00f3tima not\u00edcia \u00e9 que algumas dessas lentes possuem design asf\u00e9rico. Com isso, al\u00e9m de lentes mais finas, voc\u00ea tamb\u00e9m consegue diminuir o aspecto<br \/>\nfundo de garrafa e as distor\u00e7\u00f5es nas laterais das lentes\u00a0<\/span>[\/vc_column_text][\/vc_column_inner][\/vc_row_inner][\/vc_column][\/vc_row][vc_row parallax_content=&#8221;parallax_content_value&#8221; fadeout_row=&#8221;fadeout_row_value&#8221; row_type=&#8221;parallax&#8221;][vc_column offset=&#8221;vc_hidden-md vc_hidden-sm&#8221; css=&#8221;.vc_custom_1634910565179{padding-top: 70px !important;padding-bottom: 70px !important;}&#8221;][vc_custom_heading text=&#8221;O \u00cdNDICE DE REFRA\u00c7\u00c3O DAS LENTES&#8221; font_container=&#8221;tag:h2|text_align:center|color:%23003376&#8243; use_theme_fonts=&#8221;yes&#8221; css=&#8221;.vc_custom_1521483317455{padding-bottom: 20px !important;}&#8221;][vc_row_inner css=&#8221;.vc_custom_1520952155130{margin-top: 25px !important;}&#8221;][vc_column_inner width=&#8221;1\/2&#8243; css=&#8221;.vc_custom_1521483600425{border-right-width: 2px !important;border-right-color: #565656 !important;border-right-style: solid !important;}&#8221;][vc_custom_heading text=&#8221;LENTES 1.67&#8243; font_container=&#8221;tag:h2|text_align:center|color:%23ff6500&#8243; use_theme_fonts=&#8221;yes&#8221;][vc_empty_space height=&#8221;15&#8243;][vc_column_text css=&#8221;.vc_custom_1521483587751{padding-right: 50px !important;}&#8221;]<\/p>\n<p style=\"font-size: 17px; text-align: center;\"><span style=\"color: #444444;\">S\u00e3o as lentes indicadas para as pessoas que possuem de 4 a 6 graus de miopia. <\/span><\/p>\n<p>[\/vc_column_text][\/vc_column_inner][vc_column_inner width=&#8221;1\/2&#8243;][vc_custom_heading text=&#8221;LENTES 1.74&#8243; font_container=&#8221;tag:h2|text_align:center|color:%23ff6500&#8243; use_theme_fonts=&#8221;yes&#8221; css=&#8221;.vc_custom_1633546359589{padding-left: 50px !important;}&#8221;][vc_empty_space height=&#8221;15&#8243;][vc_column_text css=&#8221;.vc_custom_1521483623406{padding-left: 50px !important;}&#8221;]<\/p>\n<p style=\"font-size: 17px; text-align: center;\"><span style=\"color: #444444;\"> S\u00e3o as lentes em resina mais finas no mercado e s\u00e3o indicadas para graus \u00e0 cima de 6 graus.<\/span><\/p>\n<p>[\/vc_column_text][\/vc_column_inner][\/vc_row_inner][\/vc_column][\/vc_row][vc_row css=&#8221;.vc_custom_1522266107699{padding-top: 60px !important;padding-bottom: 80px !important;background-position: center !important;background-repeat: no-repeat !important;background-size: cover !important;}&#8221;][vc_column][vc_custom_heading text=&#8221;PROCESSO LENTICULAR&#8221; font_container=&#8221;tag:h1|text_align:center|color:%23003079&#8243; use_theme_fonts=&#8221;yes&#8221; css=&#8221;.vc_custom_1633546521075{padding-right: 40px !important;padding-left: 40px !important;}&#8221;][vc_row_inner][vc_column_inner width=&#8221;1\/3&#8243;][\/vc_column_inner][vc_column_inner width=&#8221;1\/3&#8243;][vc_separator border_width=&#8221;2&#8243; css=&#8221;.vc_custom_1522266127910{padding-top: 20px !important;padding-bottom: 30px !important;}&#8221;][\/vc_column_inner][vc_column_inner width=&#8221;1\/3&#8243;][\/vc_column_inner][\/vc_row_inner][vc_row_inner][vc_column_inner width=&#8221;1\/2&#8243;][vc_images_carousel images=&#8221;76299,76300&#8243; img_size=&#8221;500&#215;400&#8243; autoplay=&#8221;yes&#8221; hide_pagination_control=&#8221;yes&#8221;][\/vc_column_inner][vc_column_inner width=&#8221;1\/2&#8243; css=&#8221;.vc_custom_1522266175622{padding-top: 0px !important;}&#8221;][vc_column_text]<\/p>\n<p style=\"font-size: 17px; text-align: justify;\">Processo de fabrica\u00e7\u00e3o usado para altas dioptrias onde o grau do usu\u00e1rio \u00e9 posicionado em frente do seu globo ocular com a utiliza\u00e7\u00e3o de uma arma\u00e7\u00e3o, fazendo com que a dioptria do usu\u00e1rio se encontre disposta em uma circunfer\u00eancia de 17mm a 25mm. O restante da lente praticamente n\u00e3o tem distor\u00e7\u00e3o de imagem pois \u00e9 uma lente quase plana.<br \/>\nGeralmente o material utilizado para a fabrica\u00e7\u00e3o da lente \u00e9 de alto \u00edndice dando maior acabamento no produto final.<br \/>\nO que o usu\u00e1rio precisa saber que a vis\u00e3o perif\u00e9rica fica bastante comprometida, pois a gradua\u00e7\u00e3o do usu\u00e1rio dessas lentes \u00e9 limitado a circunfer\u00eancia.[\/vc_column_text][\/vc_column_inner][\/vc_row_inner][vc_empty_space]<div id=\"modal-trg-txt-wrap-1940\" class=\"ult-modal-input-wrapper ult-adjust-bottom-margin    \" data-keypress-control=\"keypress-control-enable\" data-overlay-control=\"overlay-control-enable\"><div data-class-id=\"content-69e21d4366f178-77686422\" class=\"ult-onload overlay-show \" data-overlay-class=\"overlay-cornerbottomleft\" data-onload-delay=\"2\"><\/div><\/div>\n<div class=\"ult-overlay content-69e21d4366f178-77686422 \" data-class=\"content-69e21d4366f178-77686422\" id=\"button-click-overlay\" style=\"background:rgba(255,255,255,0.01); display:none;\">\n\t<div class=\"ult_modal ult-fade ult-medium\">\n\t<div class=\"ult-overlay-close popup-edge-top-left\" style=\"width:15px;height:15px; background-color: #ea9c00;border-radius: 50%;padding:10px;box-sizing: content-box; top:-17.5px;left:-17.5px;\"><div class=\"ult-overlay-close-inside\">Close<\/div><\/div>\n\t\t<div id=\"ult-modal-wrap-5040\" class=\"ult_modal-content ult-hide\" style=\"border-style:solid;border-width:0px;border-radius:0px;border-color:;\">\n\t\t\t<div  data-ultimate-target='#ult-modal-wrap-5040 .ult_modal-body'  data-responsive-json-new='{\"font-size\":\"\",\"line-height\":\"\"}'  class=\"ult_modal-body ult-responsive ult-html\" style=\"\">\n\t\t\t<a href=\"httpss:\/\/api.whatsapp.com\/send?phone=5511959116796\" target=\"_blank\" rel=\"noopener\"><img loading=\"lazy\" class=\"alignnone wp-image-75055\" src=\"https:\/\/oticasnew.com.br\/web\/wp-content\/uploads\/2018\/05\/whatsapp.png\" alt=\"\" width=\"199\" height=\"82\" \/><\/a>\n\t\t\t<\/div>\n\t<\/div>\n\t<\/div>\n<\/div>[vc_column_text]<\/p>\n<p style=\"text-align: center;\">A \u00d3ticas New est\u00e1 localizada em Santo Andr\u00e9, em local de f\u00e1cil acesso pelas principais cidades do Grande ABC, inclu\u00edndo S\u00e3o Bernardo do Campo, S\u00e3o Caetano do Sul, Mau\u00e1 e Diadema. Para saber mais sobre <span style=\"color: #003079;\"><strong>Lentes Alta Miopia<\/strong><\/span> entre em contato conosco atrav\u00e9s dos telefones (11) 4976-4186 | (11) 95911-6796.<\/p>\n<p>[\/vc_column_text][\/vc_column][\/vc_row]<\/p>\n","protected":false},"excerpt":{"rendered":"<p>[vc_row bg_type=&#8221;image&#8221; parallax_style=&#8221;vcpb-vz-jquery&#8221; bg_image_repeat=&#8221;no-repeat&#8221; bg_img_attach=&#8221;fixed&#8221; bg_override=&#8221;full&#8221; parallax_content=&#8221;parallax_content_value&#8221; fadeout_row=&#8221;fadeout_row_value&#8221; type=&#8221;full_width&#8221; css=&#8221;.vc_custom_1633545443250{padding-bottom: 300px !important;background-image: url(https:\/\/oticasnew.com.br\/web\/wp-content\/uploads\/2021\/10\/Oticas_New_Imagens_Site_Miopia-scaled.jpg?id=76290) !important;background-position: center !important;background-repeat: no-repeat !important;background-size: cover !important;}&#8221;][vc_column][\/vc_column][\/vc_row][vc_row bg_type=&#8221;image&#8221; parallax_style=&#8221;vcpb-vz-jquery&#8221; bg_image_new=&#8221;id^75074|url^https:\/\/oticasnew.com.br\/web\/wp-content\/uploads\/2018\/05\/imgs-47.png|caption^null|alt^null|title^imgs-47|description^null&#8221; bg_image_repeat=&#8221;no-repeat&#8221; bg_img_attach=&#8221;fixed&#8221; bg_override=&#8221;full&#8221; parallax_content=&#8221;parallax_content_value&#8221; fadeout_row=&#8221;fadeout_row_value&#8221; type=&#8221;full_width&#8221;][vc_column][vc_custom_heading text=&#8221;LENTES IDEAIS PARA A SUA MIOPIA&#8221; font_container=&#8221;tag:h1|text_align:center|color:%23083b7e&#8221; use_theme_fonts=&#8221;yes&#8221; css=&#8221;.vc_custom_1633545466569{border-bottom-width: px !important;border-bottom-color: #ffffff !important;border-bottom-style: solid !important;}&#8221;][vc_custom_heading text=&#8221;Esteja realmente preparado para fazer a melhor escolha para a sua [&hellip;]<\/p>\n","protected":false},"author":1,"featured_media":0,"parent":0,"menu_order":0,"comment_status":"closed","ping_status":"closed","template":"","meta":{"_mi_skip_tracking":false},"yoast_head":"<!-- This site is optimized with the Yoast SEO plugin v18.0 - https:\/\/yoast.com\/wordpress\/plugins\/seo\/ -->\n<title>Comprar Lentes Alta Miopia - \u00d3ticas new | (11) 4976-4186<\/title>\n<meta name=\"description\" content=\"As lentes para alta miopia s\u00e3o chamadas de lentes de alto \u00edndice de refra\u00e7\u00e3o. O \u00edndice de refra\u00e7\u00e3o quantifica o poder da mat\u00e9ria-prima da lente de mudar a dire\u00e7\u00e3o dos raios de luz e, assim, acertar o foco. Comprar lentes alta miopia na \u00d3ticas new!!\" \/>\n<meta name=\"robots\" content=\"index, follow, max-snippet:-1, max-image-preview:large, max-video-preview:-1\" \/>\n<link rel=\"canonical\" href=\"https:\/\/oticasnew.com.br\/web\/lentes-alta-miopia\/\" \/>\n<meta property=\"og:locale\" content=\"en_US\" \/>\n<meta property=\"og:type\" content=\"article\" \/>\n<meta property=\"og:title\" content=\"Comprar Lentes Alta Miopia - \u00d3ticas new | (11) 4976-4186\" \/>\n<meta property=\"og:description\" content=\"As lentes para alta miopia s\u00e3o chamadas de lentes de alto \u00edndice de refra\u00e7\u00e3o. O \u00edndice de refra\u00e7\u00e3o quantifica o poder da mat\u00e9ria-prima da lente de mudar a dire\u00e7\u00e3o dos raios de luz e, assim, acertar o foco. Comprar lentes alta miopia na \u00d3ticas new!!\" \/>\n<meta property=\"og:url\" content=\"https:\/\/oticasnew.com.br\/web\/lentes-alta-miopia\/\" \/>\n<meta property=\"og:site_name\" content=\"Oticas New\" \/>\n<meta property=\"article:modified_time\" content=\"2021-10-22T18:51:49+00:00\" \/>\n<meta property=\"og:image\" content=\"https:\/\/oticasnew.com.br\/web\/wp-content\/uploads\/2018\/05\/whatsapp.png\" \/>\n<meta name=\"twitter:card\" content=\"summary_large_image\" \/>\n<meta name=\"twitter:label1\" content=\"Est. reading time\" \/>\n\t<meta name=\"twitter:data1\" content=\"8 minutes\" \/>\n<script type=\"application\/ld+json\" class=\"yoast-schema-graph\">{\"@context\":\"https:\/\/schema.org\",\"@graph\":[{\"@type\":\"WebSite\",\"@id\":\"https:\/\/oticasnew.com.br\/web\/#website\",\"url\":\"https:\/\/oticasnew.com.br\/web\/\",\"name\":\"Oticas New\",\"description\":\"\",\"potentialAction\":[{\"@type\":\"SearchAction\",\"target\":{\"@type\":\"EntryPoint\",\"urlTemplate\":\"https:\/\/oticasnew.com.br\/web\/?s={search_term_string}\"},\"query-input\":\"required name=search_term_string\"}],\"inLanguage\":\"en-US\"},{\"@type\":\"ImageObject\",\"@id\":\"https:\/\/oticasnew.com.br\/web\/lentes-alta-miopia\/#primaryimage\",\"inLanguage\":\"en-US\",\"url\":\"https:\/\/oticasnew.com.br\/web\/wp-content\/uploads\/2018\/05\/whatsapp.png\",\"contentUrl\":\"https:\/\/oticasnew.com.br\/web\/wp-content\/uploads\/2018\/05\/whatsapp.png\",\"width\":387,\"height\":160},{\"@type\":\"WebPage\",\"@id\":\"https:\/\/oticasnew.com.br\/web\/lentes-alta-miopia\/#webpage\",\"url\":\"https:\/\/oticasnew.com.br\/web\/lentes-alta-miopia\/\",\"name\":\"Comprar Lentes Alta Miopia - \u00d3ticas new | (11) 4976-4186\",\"isPartOf\":{\"@id\":\"https:\/\/oticasnew.com.br\/web\/#website\"},\"primaryImageOfPage\":{\"@id\":\"https:\/\/oticasnew.com.br\/web\/lentes-alta-miopia\/#primaryimage\"},\"datePublished\":\"2018-03-19T18:08:09+00:00\",\"dateModified\":\"2021-10-22T18:51:49+00:00\",\"description\":\"As lentes para alta miopia s\u00e3o chamadas de lentes de alto \u00edndice de refra\u00e7\u00e3o. O \u00edndice de refra\u00e7\u00e3o quantifica o poder da mat\u00e9ria-prima da lente de mudar a dire\u00e7\u00e3o dos raios de luz e, assim, acertar o foco. Comprar lentes alta miopia na \u00d3ticas new!!\",\"breadcrumb\":{\"@id\":\"https:\/\/oticasnew.com.br\/web\/lentes-alta-miopia\/#breadcrumb\"},\"inLanguage\":\"en-US\",\"potentialAction\":[{\"@type\":\"ReadAction\",\"target\":[\"https:\/\/oticasnew.com.br\/web\/lentes-alta-miopia\/\"]}]},{\"@type\":\"BreadcrumbList\",\"@id\":\"https:\/\/oticasnew.com.br\/web\/lentes-alta-miopia\/#breadcrumb\",\"itemListElement\":[{\"@type\":\"ListItem\",\"position\":1,\"name\":\"Home\",\"item\":\"https:\/\/oticasnew.com.br\/web\/\"},{\"@type\":\"ListItem\",\"position\":2,\"name\":\"Lentes Alta Miopia\"}]}]}<\/script>\n<!-- \/ Yoast SEO plugin. -->","yoast_head_json":{"title":"Comprar Lentes Alta Miopia - \u00d3ticas new | (11) 4976-4186","description":"As lentes para alta miopia s\u00e3o chamadas de lentes de alto \u00edndice de refra\u00e7\u00e3o. O \u00edndice de refra\u00e7\u00e3o quantifica o poder da mat\u00e9ria-prima da lente de mudar a dire\u00e7\u00e3o dos raios de luz e, assim, acertar o foco. Comprar lentes alta miopia na \u00d3ticas new!!","robots":{"index":"index","follow":"follow","max-snippet":"max-snippet:-1","max-image-preview":"max-image-preview:large","max-video-preview":"max-video-preview:-1"},"canonical":"https:\/\/oticasnew.com.br\/web\/lentes-alta-miopia\/","og_locale":"en_US","og_type":"article","og_title":"Comprar Lentes Alta Miopia - \u00d3ticas new | (11) 4976-4186","og_description":"As lentes para alta miopia s\u00e3o chamadas de lentes de alto \u00edndice de refra\u00e7\u00e3o. O \u00edndice de refra\u00e7\u00e3o quantifica o poder da mat\u00e9ria-prima da lente de mudar a dire\u00e7\u00e3o dos raios de luz e, assim, acertar o foco. Comprar lentes alta miopia na \u00d3ticas new!!","og_url":"https:\/\/oticasnew.com.br\/web\/lentes-alta-miopia\/","og_site_name":"Oticas New","article_modified_time":"2021-10-22T18:51:49+00:00","og_image":[{"url":"https:\/\/oticasnew.com.br\/web\/wp-content\/uploads\/2018\/05\/whatsapp.png"}],"twitter_card":"summary_large_image","twitter_misc":{"Est. reading time":"8 minutes"},"schema":{"@context":"https:\/\/schema.org","@graph":[{"@type":"WebSite","@id":"https:\/\/oticasnew.com.br\/web\/#website","url":"https:\/\/oticasnew.com.br\/web\/","name":"Oticas New","description":"","potentialAction":[{"@type":"SearchAction","target":{"@type":"EntryPoint","urlTemplate":"https:\/\/oticasnew.com.br\/web\/?s={search_term_string}"},"query-input":"required name=search_term_string"}],"inLanguage":"en-US"},{"@type":"ImageObject","@id":"https:\/\/oticasnew.com.br\/web\/lentes-alta-miopia\/#primaryimage","inLanguage":"en-US","url":"https:\/\/oticasnew.com.br\/web\/wp-content\/uploads\/2018\/05\/whatsapp.png","contentUrl":"https:\/\/oticasnew.com.br\/web\/wp-content\/uploads\/2018\/05\/whatsapp.png","width":387,"height":160},{"@type":"WebPage","@id":"https:\/\/oticasnew.com.br\/web\/lentes-alta-miopia\/#webpage","url":"https:\/\/oticasnew.com.br\/web\/lentes-alta-miopia\/","name":"Comprar Lentes Alta Miopia - \u00d3ticas new | (11) 4976-4186","isPartOf":{"@id":"https:\/\/oticasnew.com.br\/web\/#website"},"primaryImageOfPage":{"@id":"https:\/\/oticasnew.com.br\/web\/lentes-alta-miopia\/#primaryimage"},"datePublished":"2018-03-19T18:08:09+00:00","dateModified":"2021-10-22T18:51:49+00:00","description":"As lentes para alta miopia s\u00e3o chamadas de lentes de alto \u00edndice de refra\u00e7\u00e3o. O \u00edndice de refra\u00e7\u00e3o quantifica o poder da mat\u00e9ria-prima da lente de mudar a dire\u00e7\u00e3o dos raios de luz e, assim, acertar o foco. Comprar lentes alta miopia na \u00d3ticas new!!","breadcrumb":{"@id":"https:\/\/oticasnew.com.br\/web\/lentes-alta-miopia\/#breadcrumb"},"inLanguage":"en-US","potentialAction":[{"@type":"ReadAction","target":["https:\/\/oticasnew.com.br\/web\/lentes-alta-miopia\/"]}]},{"@type":"BreadcrumbList","@id":"https:\/\/oticasnew.com.br\/web\/lentes-alta-miopia\/#breadcrumb","itemListElement":[{"@type":"ListItem","position":1,"name":"Home","item":"https:\/\/oticasnew.com.br\/web\/"},{"@type":"ListItem","position":2,"name":"Lentes Alta Miopia"}]}]}},"_links":{"self":[{"href":"https:\/\/oticasnew.com.br\/web\/wp-json\/wp\/v2\/pages\/74846"}],"collection":[{"href":"https:\/\/oticasnew.com.br\/web\/wp-json\/wp\/v2\/pages"}],"about":[{"href":"https:\/\/oticasnew.com.br\/web\/wp-json\/wp\/v2\/types\/page"}],"author":[{"embeddable":true,"href":"https:\/\/oticasnew.com.br\/web\/wp-json\/wp\/v2\/users\/1"}],"replies":[{"embeddable":true,"href":"https:\/\/oticasnew.com.br\/web\/wp-json\/wp\/v2\/comments?post=74846"}],"version-history":[{"count":43,"href":"https:\/\/oticasnew.com.br\/web\/wp-json\/wp\/v2\/pages\/74846\/revisions"}],"predecessor-version":[{"id":76405,"href":"https:\/\/oticasnew.com.br\/web\/wp-json\/wp\/v2\/pages\/74846\/revisions\/76405"}],"wp:attachment":[{"href":"https:\/\/oticasnew.com.br\/web\/wp-json\/wp\/v2\/media?parent=74846"}],"curies":[{"name":"wp","href":"https:\/\/api.w.org\/{rel}","templated":true}]}}