
{"id":74934,"date":"2018-04-03T15:42:04","date_gmt":"2018-04-03T15:42:04","guid":{"rendered":"http:\/\/oticasnew.com.br\/web\/?page_id=74934"},"modified":"2021-10-22T15:00:13","modified_gmt":"2021-10-22T15:00:13","slug":"oculos-de-seguranca","status":"publish","type":"page","link":"https:\/\/oticasnew.com.br\/web\/oculos-de-seguranca\/","title":{"rendered":"\u00d3culos de Seguran\u00e7a"},"content":{"rendered":"<p>[vc_row bg_type=&#8221;image&#8221; parallax_style=&#8221;vcpb-vz-jquery&#8221; bg_image_repeat=&#8221;no-repeat&#8221; bg_img_attach=&#8221;fixed&#8221; bg_override=&#8221;full&#8221; parallax_content=&#8221;parallax_content_value&#8221; fadeout_row=&#8221;fadeout_row_value&#8221; type=&#8221;full_width&#8221; css=&#8221;.vc_custom_1633549919304{padding-bottom: 300px !important;background-image: url(https:\/\/oticasnew.com.br\/web\/wp-content\/uploads\/2021\/09\/Oticas_New_Imagens-scaled.jpg?id=76233) !important;background-position: center !important;background-repeat: no-repeat !important;background-size: cover !important;}&#8221;][vc_column][\/vc_column][\/vc_row][vc_row bg_type=&#8221;image&#8221; parallax_style=&#8221;vcpb-vz-jquery&#8221; bg_image_new=&#8221;id^75074|url^https:\/\/oticasnew.com.br\/web\/wp-content\/uploads\/2018\/05\/imgs-47.png|caption^null|alt^null|title^imgs-47|description^null&#8221; bg_image_repeat=&#8221;no-repeat&#8221; bg_img_attach=&#8221;fixed&#8221; bg_override=&#8221;full&#8221; parallax_content=&#8221;parallax_content_value&#8221; fadeout_row=&#8221;fadeout_row_value&#8221; type=&#8221;full_width&#8221;][vc_column][vc_custom_heading text=&#8221;\u00d3CULOS DE SEGURAN\u00c7A COM GRAU&#8221; font_container=&#8221;tag:h1|text_align:center|color:%23083b7e&#8221; use_theme_fonts=&#8221;yes&#8221; css=&#8221;.vc_custom_1633549935312{border-bottom-width: px !important;border-bottom-color: #ffffff !important;border-bottom-style: solid !important;}&#8221;][vc_custom_heading text=&#8221;V\u00e1rios modelos para sua escolha ou melhor adapta\u00e7\u00e3o do grau do usu\u00e1rio.&#8221; font_container=&#8221;tag:h3|text_align:center|color:%23ff6500&#8243; use_theme_fonts=&#8221;yes&#8221;][\/vc_column][\/vc_row][vc_row type=&#8221;full_width&#8221; css=&#8221;.vc_custom_1632338208736{background-image: url(https:\/\/oticasnew.com.br\/web\/wp-content\/uploads\/2021\/09\/Oticas_New_Imagens_Site-1.png?id=76231) !important;background-position: center !important;background-repeat: no-repeat !important;background-size: cover !important;}&#8221;][vc_column css=&#8221;.vc_custom_1634914737623{padding-bottom: 129px !important;}&#8221; offset=&#8221;vc_hidden-md vc_hidden-sm&#8221;][vc_row_inner css=&#8221;.vc_custom_1520961061478{padding-top: 70px !important;padding-right: 50px !important;}&#8221;][vc_column_inner width=&#8221;1\/2&#8243; css=&#8221;.vc_custom_1520954274835{padding-left: 70px !important;}&#8221;][vc_column_text css_animation=&#8221;left-to-right&#8221; css=&#8221;.vc_custom_1632330475240{padding-top: 30px !important;padding-right: 50px !important;padding-left: 50px !important;}&#8221;]<\/p>\n<h2><span style=\"color: #ff6500;\">TECNOLOGIA MAIS NODERNA<\/span><\/h2>\n<p style=\"text-align: justify; font-size: 18px;\"><span style=\"color: #ffffff;\">As mais modernas tecnologias a disposi\u00e7\u00e3o das mais diversas necessidades.<br \/>\nDisponibilizamos lentes de vis\u00e3o simples, bifocais e multifocais.<\/span><\/p>\n<p>[\/vc_column_text][vc_column_text css_animation=&#8221;left-to-right&#8221; css=&#8221;.vc_custom_1632330233704{padding-top: 30px !important;padding-right: 50px !important;padding-left: 50px !important;}&#8221;]<\/p>\n<h2><span style=\"color: #ff6500;\">O MATERIAL DAS LENTES<\/span><\/h2>\n<p style=\"font-size: 18px;\"><span style=\"color: #ffffff;\">As lentes podem ser feitas em resina ou em cristal, todas nas medidas padr\u00e3o para \u00f3culos de seguran\u00e7a.<\/span><\/p>\n<p>[\/vc_column_text][\/vc_column_inner][vc_column_inner width=&#8221;1\/2&#8243;][vc_column_text css_animation=&#8221;left-to-right&#8221; css=&#8221;.vc_custom_1522770505285{padding-top: 30px !important;padding-right: 50px !important;padding-left: 50px !important;}&#8221;]<\/p>\n<p style=\"font-size: 18px; text-align: left;\"><span style=\"color: #ffffff;\">Conhe\u00e7a alguns dos benef\u00edcios dos \u00f3culos de seguran\u00e7a:<\/span><\/p>\n<p>[\/vc_column_text]<div class=\"smile_icon_list_wrap ult_info_list_container ult-adjust-bottom-margin   vc_custom_1522770328585\"><ul class=\"smile_icon_list top circle with_bg\"><li class=\"icon_list_item\" style=\" font-size:57px;\"><div class=\"icon_list_icon\" data-animation=\"fadeInUp\" data-animation-delay=\"03\" style=\"font-size:19px;border-width:1px;border-style:solid;background:#ffffff;color:#003376;border-color:#ffffff;\"><i class=\"Defaults-stack-overflow\" ><\/i><\/div><div class=\"icon_description\" id=\"Info-list-wrap-7096\" style=\"font-size:19px;\"><h3 class=\"ult-responsive\"  data-ultimate-target='#Info-list-wrap-7096 h3'  data-responsive-json-new='{\"font-size\":\"desktop:16px;\",\"line-height\":\"desktop:24px;\"}'  style=\"color:#ff6500;\">Alta tecnologia<\/h3><div class=\"icon_description_text ult-responsive\"  data-ultimate-target='#Info-list-wrap-7096 .icon_description_text'  data-responsive-json-new='{\"font-size\":\"desktop:13px;\",\"line-height\":\"desktop:18px;\"}'  style=\"color:#ff6500;\"><\/div><\/div><div class=\"icon_list_connector\" data-animation=\"fadeInLeft\" data-animation-delay=\"03\" style=\"border-color:#ffffff;\"><\/div><\/li><li class=\"icon_list_item\" style=\" font-size:57px;\"><div class=\"icon_list_icon\" data-animation=\"fadeInUp\" data-animation-delay=\"03\" style=\"font-size:19px;border-width:1px;border-style:solid;background:#ffffff;color:#003376;border-color:#ffffff;\"><i class=\"Defaults-shield\" ><\/i><\/div><div class=\"icon_description\" id=\"Info-list-wrap-8643\" style=\"font-size:19px;\"><h3 class=\"ult-responsive\"  data-ultimate-target='#Info-list-wrap-8643 h3'  data-responsive-json-new='{\"font-size\":\"desktop:16px;\",\"line-height\":\"desktop:24px;\"}'  style=\"color:#ff6500;\">M\u00e1ximo conforto e seguran\u00e7a<\/h3><div class=\"icon_description_text ult-responsive\"  data-ultimate-target='#Info-list-wrap-8643 .icon_description_text'  data-responsive-json-new='{\"font-size\":\"desktop:13px;\",\"line-height\":\"desktop:18px;\"}'  style=\"\"><\/div><\/div><div class=\"icon_list_connector\" data-animation=\"fadeInLeft\" data-animation-delay=\"03\" style=\"border-color:#ffffff;\"><\/div><\/li><li class=\"icon_list_item\" style=\" font-size:57px;\"><div class=\"icon_list_icon\" data-animation=\"fadeInUp\" data-animation-delay=\"03\" style=\"font-size:19px;border-width:1px;border-style:solid;background:#ffffff;color:#003376;border-color:#ffffff;\"><i class=\"Defaults-eye\" ><\/i><\/div><div class=\"icon_description\" id=\"Info-list-wrap-5429\" style=\"font-size:19px;\"><h3 class=\"ult-responsive\"  data-ultimate-target='#Info-list-wrap-5429 h3'  data-responsive-json-new='{\"font-size\":\"desktop:16px;\",\"line-height\":\"desktop:24px;\"}'  style=\"color:#ff6500;\">Lentes de resina ou cristal<\/h3><div class=\"icon_description_text ult-responsive\"  data-ultimate-target='#Info-list-wrap-5429 .icon_description_text'  data-responsive-json-new='{\"font-size\":\"desktop:13px;\",\"line-height\":\"desktop:18px;\"}'  style=\"\"><\/div><\/div><div class=\"icon_list_connector\" data-animation=\"fadeInLeft\" data-animation-delay=\"03\" style=\"border-color:#ffffff;\"><\/div><\/li><\/ul><\/div>[\/vc_column_inner][\/vc_row_inner][\/vc_column][\/vc_row][vc_row css=&#8221;.vc_custom_1522266107699{padding-top: 60px !important;padding-bottom: 80px !important;background-position: center !important;background-repeat: no-repeat !important;background-size: cover !important;}&#8221;][vc_column][vc_custom_heading text=&#8221;CONFIRA OS MODELOS ID Safety&#8221; font_container=&#8221;tag:h1|text_align:center|color:%23083b7e&#8221; use_theme_fonts=&#8221;yes&#8221; css=&#8221;.vc_custom_1633548273323{padding-right: 40px !important;padding-left: 40px !important;}&#8221;][vc_custom_heading text=&#8221;Todas as arma\u00e7\u00f5es de seguran\u00e7a ID Safety seguem com o n\u00famero do CA na haste&#8221; font_container=&#8221;tag:h3|text_align:center|color:%23ff6500&#8243; use_theme_fonts=&#8221;yes&#8221; css=&#8221;.vc_custom_1633548607081{padding-right: 40px !important;padding-left: 40px !important;}&#8221;][vc_empty_space height=&#8221;100px&#8221;]<div id=\"ult-carousel-107990252869e1fb0c2cdb3\" class=\"ult-carousel-wrapper  vc_custom_1531249135230  ult_horizontal\" data-gutter=\"15\" data-rtl=\"false\" ><div class=\"ult-carousel-25533348869e1fb0c2cc74 \" >[vc_row_inner][vc_column_inner][vc_single_image image=&#8221;76245&#8243; img_size=&#8221;full&#8221; alignment=&#8221;center&#8221; onclick=&#8221;link_image&#8221; css_animation=&#8221;right-to-left&#8221;][vc_empty_space height=&#8221;20&#8243;][vc_custom_heading text=&#8221;ID 1147BR TAM 56<br \/>\nCA 39,017&#8243; font_container=&#8221;tag:h2|text_align:center|color:%23f58734&#8243; use_theme_fonts=&#8221;yes&#8221; el_class=&#8221;heading-tittle-2&#8243; css=&#8221;.vc_custom_1633613833086{padding-top: 15px !important;}&#8221; link=&#8221;||&#8221;][\/vc_column_inner][\/vc_row_inner][vc_row_inner][vc_column_inner][vc_single_image image=&#8221;76244&#8243; img_size=&#8221;full&#8221; alignment=&#8221;center&#8221; onclick=&#8221;link_image&#8221; css_animation=&#8221;right-to-left&#8221;][vc_empty_space height=&#8221;20&#8243;][vc_custom_heading text=&#8221;ID 104E TAM 56<br \/>\nCA33.594&#8243; font_container=&#8221;tag:h2|text_align:center|color:%23f58734&#8243; use_theme_fonts=&#8221;yes&#8221; el_class=&#8221;heading-tittle-2&#8243; css=&#8221;.vc_custom_1633614228470{padding-top: 15px !important;}&#8221; link=&#8221;||&#8221;][\/vc_column_inner][\/vc_row_inner][vc_row_inner][vc_column_inner][vc_single_image image=&#8221;76243&#8243; img_size=&#8221;full&#8221; alignment=&#8221;center&#8221; onclick=&#8221;link_image&#8221; css_animation=&#8221;right-to-left&#8221;][vc_empty_space height=&#8221;20&#8243;][vc_custom_heading text=&#8221;ID 104 TAM 56<br \/>\nCA 33.594&#8243; font_container=&#8221;tag:h2|text_align:center|color:%23f58734&#8243; use_theme_fonts=&#8221;yes&#8221; el_class=&#8221;heading-tittle-2&#8243; css=&#8221;.vc_custom_1633614288971{padding-top: 5px !important;}&#8221; link=&#8221;||&#8221;][\/vc_column_inner][\/vc_row_inner][vc_row_inner][vc_column_inner][vc_single_image image=&#8221;76241&#8243; img_size=&#8221;full&#8221; alignment=&#8221;center&#8221; onclick=&#8221;link_image&#8221; css_animation=&#8221;right-to-left&#8221;][vc_empty_space height=&#8221;20&#8243;][vc_custom_heading text=&#8221;ID 103 TAM 56<br \/>\nCA 41.615&#8243; font_container=&#8221;tag:h2|text_align:center|color:%23f58734&#8243; use_theme_fonts=&#8221;yes&#8221; el_class=&#8221;heading-tittle-2&#8243; css=&#8221;.vc_custom_1633614352272{padding-top: 5px !important;}&#8221; link=&#8221;||&#8221;][\/vc_column_inner][\/vc_row_inner][vc_row_inner][vc_column_inner][vc_single_image image=&#8221;76242&#8243; img_size=&#8221;full&#8221; alignment=&#8221;center&#8221; onclick=&#8221;link_image&#8221; css_animation=&#8221;right-to-left&#8221;][vc_empty_space height=&#8221;20&#8243;][vc_custom_heading text=&#8221;ID 104 TAM 52<br \/>\nCA 33.594&#8243; font_container=&#8221;tag:h2|text_align:center|color:%23f58734&#8243; use_theme_fonts=&#8221;yes&#8221; el_class=&#8221;heading-tittle-2&#8243; css=&#8221;.vc_custom_1633614427415{padding-top: 15px !important;}&#8221; link=&#8221;||&#8221;][\/vc_column_inner][\/vc_row_inner]<\/div><\/div>\t\t\t<script type=\"text\/javascript\">\n\t\t\t\tjQuery(document).ready(function ($) {\n\t\t\t\t\tif( typeof jQuery('.ult-carousel-25533348869e1fb0c2cc74').slick == \"function\"){\n\t\t\t\t\t\t$('.ult-carousel-25533348869e1fb0c2cc74').slick({dots: false,autoplay: true,autoplaySpeed: 5000,speed: 300,infinite: true,arrows: true,nextArrow: '<button type=\"button\" role=\"button\" aria-label=\"Next\" style=\"color:#333333; font-size:30px;\" class=\"slick-next default\"><i class=\"ultsl-arrow-right6\"><\/i><\/button>',prevArrow: '<button type=\"button\" role=\"button\" aria-label=\"Previous\" style=\"color:#333333; font-size:30px;\" class=\"slick-prev default\"><i class=\"ultsl-arrow-left6\"><\/i><\/button>',slidesToScroll:1,slidesToShow:3,swipe: true,draggable: true,touchMove: true,pauseOnHover: true,centerMode: true,responsive: [\n\t\t\t\t\t\t\t{\n\t\t\t\t\t\t\t  breakpoint: 1025,\n\t\t\t\t\t\t\t  settings: {\n\t\t\t\t\t\t\t\tslidesToShow: 3,\n\t\t\t\t\t\t\t\tslidesToScroll: 1,  \n\t\t\t\t\t\t\t  }\n\t\t\t\t\t\t\t},\n\t\t\t\t\t\t\t{\n\t\t\t\t\t\t\t  breakpoint: 769,\n\t\t\t\t\t\t\t  settings: {\n\t\t\t\t\t\t\t\tslidesToShow: 3,\n\t\t\t\t\t\t\t\tslidesToScroll: 3\n\t\t\t\t\t\t\t  }\n\t\t\t\t\t\t\t},\n\t\t\t\t\t\t\t{\n\t\t\t\t\t\t\t  breakpoint: 481,\n\t\t\t\t\t\t\t  settings: {\n\t\t\t\t\t\t\t\tslidesToShow: 1,\n\t\t\t\t\t\t\t\tslidesToScroll: 1\n\t\t\t\t\t\t\t  }\n\t\t\t\t\t\t\t}\n\t\t\t\t\t\t],pauseOnDotsHover: true,customPaging: function(slider, i) {\n                   return '<i type=\"button\" style= \"color:#333333;\" class=\"ultsl-record\" data-role=\"none\"><\/i>';\n                },});\n\t\t\t\t\t}\n\t\t\t\t});\n\t\t\t<\/script>\n\t\t\t[vc_row_inner][vc_column_inner][vc_single_image image=&#8221;76307&#8243; img_size=&#8221;full&#8221; alignment=&#8221;center&#8221;][\/vc_column_inner][\/vc_row_inner]<div id=\"modal-trg-txt-wrap-3729\" class=\"ult-modal-input-wrapper ult-adjust-bottom-margin    \" data-keypress-control=\"keypress-control-enable\" data-overlay-control=\"overlay-control-enable\"><div data-class-id=\"content-69e1fb0c2ce502-23601485\" class=\"ult-onload overlay-show \" data-overlay-class=\"overlay-cornerbottomleft\" data-onload-delay=\"2\"><\/div><\/div>\n<div class=\"ult-overlay content-69e1fb0c2ce502-23601485 \" data-class=\"content-69e1fb0c2ce502-23601485\" id=\"button-click-overlay\" style=\"background:rgba(255,255,255,0.01); display:none;\">\n\t<div class=\"ult_modal ult-fade ult-medium\">\n\t<div class=\"ult-overlay-close popup-edge-top-left\" style=\"width:15px;height:15px; background-color: #ea9c00;border-radius: 50%;padding:10px;box-sizing: content-box; top:-17.5px;left:-17.5px;\"><div class=\"ult-overlay-close-inside\">Close<\/div><\/div>\n\t\t<div id=\"ult-modal-wrap-9421\" class=\"ult_modal-content ult-hide\" style=\"border-style:solid;border-width:0px;border-radius:0px;border-color:;\">\n\t\t\t<div  data-ultimate-target='#ult-modal-wrap-9421 .ult_modal-body'  data-responsive-json-new='{\"font-size\":\"\",\"line-height\":\"\"}'  class=\"ult_modal-body ult-responsive ult-html\" style=\"\">\n\t\t\t<a href=\"httpss:\/\/api.whatsapp.com\/send?phone=5511959116796\" target=\"_blank\" rel=\"noopener\"><img loading=\"lazy\" class=\"alignnone wp-image-75055\" src=\"https:\/\/oticasnew.com.br\/web\/wp-content\/uploads\/2018\/05\/whatsapp.png\" alt=\"\" width=\"199\" height=\"82\" \/><\/a>\n\t\t\t<\/div>\n\t<\/div>\n\t<\/div>\n<\/div>[vc_empty_space height=&#8221;64px&#8221;][vc_column_text]<\/p>\n<p style=\"text-align: center;\">A \u00d3ticas New est\u00e1 localizada em Santo Andr\u00e9, em local de f\u00e1cil acesso pelas principais cidades do Grande ABC, inclu\u00edndo S\u00e3o Bernardo do Campo, S\u00e3o Caetano do Sul, Mau\u00e1 e Diadema. Para saber mais sobre <span style=\"color: #083b7e;\"><strong>\u00d3culos de Seguran\u00e7a<\/strong><\/span>\u00a0entre em contato conosco atrav\u00e9s dos telefones (11) 4976-4186 | (11) 95911-6796.<\/p>\n<p>[\/vc_column_text][\/vc_column][\/vc_row]<\/p>\n","protected":false},"excerpt":{"rendered":"<p>[vc_row bg_type=&#8221;image&#8221; parallax_style=&#8221;vcpb-vz-jquery&#8221; bg_image_repeat=&#8221;no-repeat&#8221; bg_img_attach=&#8221;fixed&#8221; bg_override=&#8221;full&#8221; parallax_content=&#8221;parallax_content_value&#8221; fadeout_row=&#8221;fadeout_row_value&#8221; type=&#8221;full_width&#8221; css=&#8221;.vc_custom_1633549919304{padding-bottom: 300px !important;background-image: url(https:\/\/oticasnew.com.br\/web\/wp-content\/uploads\/2021\/09\/Oticas_New_Imagens-scaled.jpg?id=76233) !important;background-position: center !important;background-repeat: no-repeat !important;background-size: cover !important;}&#8221;][vc_column][\/vc_column][\/vc_row][vc_row bg_type=&#8221;image&#8221; parallax_style=&#8221;vcpb-vz-jquery&#8221; bg_image_new=&#8221;id^75074|url^https:\/\/oticasnew.com.br\/web\/wp-content\/uploads\/2018\/05\/imgs-47.png|caption^null|alt^null|title^imgs-47|description^null&#8221; bg_image_repeat=&#8221;no-repeat&#8221; bg_img_attach=&#8221;fixed&#8221; bg_override=&#8221;full&#8221; parallax_content=&#8221;parallax_content_value&#8221; fadeout_row=&#8221;fadeout_row_value&#8221; type=&#8221;full_width&#8221;][vc_column][vc_custom_heading text=&#8221;\u00d3CULOS DE SEGURAN\u00c7A COM GRAU&#8221; font_container=&#8221;tag:h1|text_align:center|color:%23083b7e&#8221; use_theme_fonts=&#8221;yes&#8221; css=&#8221;.vc_custom_1633549935312{border-bottom-width: px !important;border-bottom-color: #ffffff !important;border-bottom-style: solid !important;}&#8221;][vc_custom_heading text=&#8221;V\u00e1rios modelos para sua escolha ou melhor adapta\u00e7\u00e3o do grau do usu\u00e1rio.&#8221; [&hellip;]<\/p>\n","protected":false},"author":1,"featured_media":0,"parent":0,"menu_order":0,"comment_status":"closed","ping_status":"closed","template":"","meta":{"_mi_skip_tracking":false},"yoast_head":"<!-- This site is optimized with the Yoast SEO plugin v18.0 - https:\/\/yoast.com\/wordpress\/plugins\/seo\/ -->\n<title>Comprar \u00d3culos de seguran\u00e7a - \u00d3ticas new | (11) 4976-4186<\/title>\n<meta name=\"description\" content=\"Disponibilizamos lentes de vis\u00e3o simples, bifocais e multifocais. As lentes podem ser feitas em resina ou em cristal, todas nas medidas padr\u00e3o para \u00f3culos de seguran\u00e7a. As mais modernas tecnologias em lentes e \u00f3culos voc\u00ea encontra na \u00d3ticas new!!\" \/>\n<meta name=\"robots\" content=\"index, follow, max-snippet:-1, max-image-preview:large, max-video-preview:-1\" \/>\n<link rel=\"canonical\" href=\"https:\/\/oticasnew.com.br\/web\/oculos-de-seguranca\/\" \/>\n<meta property=\"og:locale\" content=\"en_US\" \/>\n<meta property=\"og:type\" content=\"article\" \/>\n<meta property=\"og:title\" content=\"Comprar \u00d3culos de seguran\u00e7a - \u00d3ticas new | (11) 4976-4186\" \/>\n<meta property=\"og:description\" content=\"Disponibilizamos lentes de vis\u00e3o simples, bifocais e multifocais. As lentes podem ser feitas em resina ou em cristal, todas nas medidas padr\u00e3o para \u00f3culos de seguran\u00e7a. As mais modernas tecnologias em lentes e \u00f3culos voc\u00ea encontra na \u00d3ticas new!!\" \/>\n<meta property=\"og:url\" content=\"https:\/\/oticasnew.com.br\/web\/oculos-de-seguranca\/\" \/>\n<meta property=\"og:site_name\" content=\"Oticas New\" \/>\n<meta property=\"article:modified_time\" content=\"2021-10-22T15:00:13+00:00\" \/>\n<meta property=\"og:image\" content=\"https:\/\/oticasnew.com.br\/web\/wp-content\/uploads\/2018\/05\/whatsapp.png\" \/>\n<meta name=\"twitter:card\" content=\"summary_large_image\" \/>\n<meta name=\"twitter:label1\" content=\"Est. reading time\" \/>\n\t<meta name=\"twitter:data1\" content=\"5 minutes\" \/>\n<script type=\"application\/ld+json\" class=\"yoast-schema-graph\">{\"@context\":\"https:\/\/schema.org\",\"@graph\":[{\"@type\":\"WebSite\",\"@id\":\"https:\/\/oticasnew.com.br\/web\/#website\",\"url\":\"https:\/\/oticasnew.com.br\/web\/\",\"name\":\"Oticas New\",\"description\":\"\",\"potentialAction\":[{\"@type\":\"SearchAction\",\"target\":{\"@type\":\"EntryPoint\",\"urlTemplate\":\"https:\/\/oticasnew.com.br\/web\/?s={search_term_string}\"},\"query-input\":\"required name=search_term_string\"}],\"inLanguage\":\"en-US\"},{\"@type\":\"ImageObject\",\"@id\":\"https:\/\/oticasnew.com.br\/web\/oculos-de-seguranca\/#primaryimage\",\"inLanguage\":\"en-US\",\"url\":\"https:\/\/oticasnew.com.br\/web\/wp-content\/uploads\/2018\/05\/whatsapp.png\",\"contentUrl\":\"https:\/\/oticasnew.com.br\/web\/wp-content\/uploads\/2018\/05\/whatsapp.png\",\"width\":387,\"height\":160},{\"@type\":\"WebPage\",\"@id\":\"https:\/\/oticasnew.com.br\/web\/oculos-de-seguranca\/#webpage\",\"url\":\"https:\/\/oticasnew.com.br\/web\/oculos-de-seguranca\/\",\"name\":\"Comprar \u00d3culos de seguran\u00e7a - \u00d3ticas new | (11) 4976-4186\",\"isPartOf\":{\"@id\":\"https:\/\/oticasnew.com.br\/web\/#website\"},\"primaryImageOfPage\":{\"@id\":\"https:\/\/oticasnew.com.br\/web\/oculos-de-seguranca\/#primaryimage\"},\"datePublished\":\"2018-04-03T15:42:04+00:00\",\"dateModified\":\"2021-10-22T15:00:13+00:00\",\"description\":\"Disponibilizamos lentes de vis\u00e3o simples, bifocais e multifocais. As lentes podem ser feitas em resina ou em cristal, todas nas medidas padr\u00e3o para \u00f3culos de seguran\u00e7a. As mais modernas tecnologias em lentes e \u00f3culos voc\u00ea encontra na \u00d3ticas new!!\",\"breadcrumb\":{\"@id\":\"https:\/\/oticasnew.com.br\/web\/oculos-de-seguranca\/#breadcrumb\"},\"inLanguage\":\"en-US\",\"potentialAction\":[{\"@type\":\"ReadAction\",\"target\":[\"https:\/\/oticasnew.com.br\/web\/oculos-de-seguranca\/\"]}]},{\"@type\":\"BreadcrumbList\",\"@id\":\"https:\/\/oticasnew.com.br\/web\/oculos-de-seguranca\/#breadcrumb\",\"itemListElement\":[{\"@type\":\"ListItem\",\"position\":1,\"name\":\"Home\",\"item\":\"https:\/\/oticasnew.com.br\/web\/\"},{\"@type\":\"ListItem\",\"position\":2,\"name\":\"\u00d3culos de Seguran\u00e7a\"}]}]}<\/script>\n<!-- \/ Yoast SEO plugin. -->","yoast_head_json":{"title":"Comprar \u00d3culos de seguran\u00e7a - \u00d3ticas new | (11) 4976-4186","description":"Disponibilizamos lentes de vis\u00e3o simples, bifocais e multifocais. As lentes podem ser feitas em resina ou em cristal, todas nas medidas padr\u00e3o para \u00f3culos de seguran\u00e7a. As mais modernas tecnologias em lentes e \u00f3culos voc\u00ea encontra na \u00d3ticas new!!","robots":{"index":"index","follow":"follow","max-snippet":"max-snippet:-1","max-image-preview":"max-image-preview:large","max-video-preview":"max-video-preview:-1"},"canonical":"https:\/\/oticasnew.com.br\/web\/oculos-de-seguranca\/","og_locale":"en_US","og_type":"article","og_title":"Comprar \u00d3culos de seguran\u00e7a - \u00d3ticas new | (11) 4976-4186","og_description":"Disponibilizamos lentes de vis\u00e3o simples, bifocais e multifocais. As lentes podem ser feitas em resina ou em cristal, todas nas medidas padr\u00e3o para \u00f3culos de seguran\u00e7a. As mais modernas tecnologias em lentes e \u00f3culos voc\u00ea encontra na \u00d3ticas new!!","og_url":"https:\/\/oticasnew.com.br\/web\/oculos-de-seguranca\/","og_site_name":"Oticas New","article_modified_time":"2021-10-22T15:00:13+00:00","og_image":[{"url":"https:\/\/oticasnew.com.br\/web\/wp-content\/uploads\/2018\/05\/whatsapp.png"}],"twitter_card":"summary_large_image","twitter_misc":{"Est. reading time":"5 minutes"},"schema":{"@context":"https:\/\/schema.org","@graph":[{"@type":"WebSite","@id":"https:\/\/oticasnew.com.br\/web\/#website","url":"https:\/\/oticasnew.com.br\/web\/","name":"Oticas New","description":"","potentialAction":[{"@type":"SearchAction","target":{"@type":"EntryPoint","urlTemplate":"https:\/\/oticasnew.com.br\/web\/?s={search_term_string}"},"query-input":"required name=search_term_string"}],"inLanguage":"en-US"},{"@type":"ImageObject","@id":"https:\/\/oticasnew.com.br\/web\/oculos-de-seguranca\/#primaryimage","inLanguage":"en-US","url":"https:\/\/oticasnew.com.br\/web\/wp-content\/uploads\/2018\/05\/whatsapp.png","contentUrl":"https:\/\/oticasnew.com.br\/web\/wp-content\/uploads\/2018\/05\/whatsapp.png","width":387,"height":160},{"@type":"WebPage","@id":"https:\/\/oticasnew.com.br\/web\/oculos-de-seguranca\/#webpage","url":"https:\/\/oticasnew.com.br\/web\/oculos-de-seguranca\/","name":"Comprar \u00d3culos de seguran\u00e7a - \u00d3ticas new | (11) 4976-4186","isPartOf":{"@id":"https:\/\/oticasnew.com.br\/web\/#website"},"primaryImageOfPage":{"@id":"https:\/\/oticasnew.com.br\/web\/oculos-de-seguranca\/#primaryimage"},"datePublished":"2018-04-03T15:42:04+00:00","dateModified":"2021-10-22T15:00:13+00:00","description":"Disponibilizamos lentes de vis\u00e3o simples, bifocais e multifocais. As lentes podem ser feitas em resina ou em cristal, todas nas medidas padr\u00e3o para \u00f3culos de seguran\u00e7a. As mais modernas tecnologias em lentes e \u00f3culos voc\u00ea encontra na \u00d3ticas new!!","breadcrumb":{"@id":"https:\/\/oticasnew.com.br\/web\/oculos-de-seguranca\/#breadcrumb"},"inLanguage":"en-US","potentialAction":[{"@type":"ReadAction","target":["https:\/\/oticasnew.com.br\/web\/oculos-de-seguranca\/"]}]},{"@type":"BreadcrumbList","@id":"https:\/\/oticasnew.com.br\/web\/oculos-de-seguranca\/#breadcrumb","itemListElement":[{"@type":"ListItem","position":1,"name":"Home","item":"https:\/\/oticasnew.com.br\/web\/"},{"@type":"ListItem","position":2,"name":"\u00d3culos de Seguran\u00e7a"}]}]}},"_links":{"self":[{"href":"https:\/\/oticasnew.com.br\/web\/wp-json\/wp\/v2\/pages\/74934"}],"collection":[{"href":"https:\/\/oticasnew.com.br\/web\/wp-json\/wp\/v2\/pages"}],"about":[{"href":"https:\/\/oticasnew.com.br\/web\/wp-json\/wp\/v2\/types\/page"}],"author":[{"embeddable":true,"href":"https:\/\/oticasnew.com.br\/web\/wp-json\/wp\/v2\/users\/1"}],"replies":[{"embeddable":true,"href":"https:\/\/oticasnew.com.br\/web\/wp-json\/wp\/v2\/comments?post=74934"}],"version-history":[{"count":46,"href":"https:\/\/oticasnew.com.br\/web\/wp-json\/wp\/v2\/pages\/74934\/revisions"}],"predecessor-version":[{"id":76371,"href":"https:\/\/oticasnew.com.br\/web\/wp-json\/wp\/v2\/pages\/74934\/revisions\/76371"}],"wp:attachment":[{"href":"https:\/\/oticasnew.com.br\/web\/wp-json\/wp\/v2\/media?parent=74934"}],"curies":[{"name":"wp","href":"https:\/\/api.w.org\/{rel}","templated":true}]}}