
{"id":74981,"date":"2018-04-05T16:03:00","date_gmt":"2018-04-05T16:03:00","guid":{"rendered":"http:\/\/oticasnew.com.br\/web\/?page_id=74981"},"modified":"2021-10-22T13:31:28","modified_gmt":"2021-10-22T13:31:28","slug":"lentes-hb-dynamic","status":"publish","type":"page","link":"https:\/\/oticasnew.com.br\/web\/lentes-hb-dynamic\/","title":{"rendered":"HB Dynamic"},"content":{"rendered":"<p>[vc_row bg_type=&#8221;image&#8221; parallax_style=&#8221;vcpb-vz-jquery&#8221; bg_image_new=&#8221;id^75074|url^https:\/\/oticasnew.com.br\/web\/wp-content\/uploads\/2018\/05\/imgs-47.png|caption^null|alt^null|title^imgs-47|description^null&#8221; bg_image_repeat=&#8221;no-repeat&#8221; bg_img_attach=&#8221;fixed&#8221; bg_override=&#8221;full&#8221; parallax_content=&#8221;parallax_content_value&#8221; fadeout_row=&#8221;fadeout_row_value&#8221; type=&#8221;full_width&#8221; css=&#8221;.vc_custom_1633459365740{padding-bottom: 300px !important;background-image: url(https:\/\/oticasnew.com.br\/web\/wp-content\/uploads\/2021\/10\/Oticas_New_Imagens_Site_HB_Dynamic-scaled.jpg?id=76285) !important;background-position: center !important;background-repeat: no-repeat !important;background-size: cover !important;}&#8221;][vc_column][\/vc_column][\/vc_row][vc_row bg_type=&#8221;image&#8221; parallax_style=&#8221;vcpb-vz-jquery&#8221; bg_image_new=&#8221;id^75074|url^https:\/\/oticasnew.com.br\/web\/wp-content\/uploads\/2018\/05\/imgs-47.png|caption^null|alt^null|title^imgs-47|description^null&#8221; bg_image_repeat=&#8221;no-repeat&#8221; bg_img_attach=&#8221;fixed&#8221; bg_override=&#8221;full&#8221; parallax_content=&#8221;parallax_content_value&#8221; fadeout_row=&#8221;fadeout_row_value&#8221; type=&#8221;full_width&#8221;][vc_column][vc_custom_heading text=&#8221;HB DYNAMIC&#8221; font_container=&#8221;tag:h1|text_align:center|color:%23083b7e&#8221; use_theme_fonts=&#8221;yes&#8221; css=&#8221;.vc_custom_1632758788221{border-bottom-width: px !important;border-bottom-color: #ffffff !important;border-bottom-style: solid !important;}&#8221;][vc_custom_heading text=&#8221;Conforto e equil\u00edbrio a qualquer dist\u00e2ncia&#8221; font_container=&#8221;tag:h3|text_align:center|color:%23ff6500&#8243; use_theme_fonts=&#8221;yes&#8221;][\/vc_column][\/vc_row][vc_row type=&#8221;full_width&#8221; css=&#8221;.vc_custom_1632510853174{background-image: url(https:\/\/oticasnew.com.br\/web\/wp-content\/uploads\/2021\/09\/Oticas_New_Imagens_Site-1.png?id=76231) !important;background-position: center !important;background-repeat: no-repeat !important;background-size: cover !important;}&#8221;][vc_column css=&#8221;.vc_custom_1634908809516{padding-bottom: 129px !important;}&#8221; offset=&#8221;vc_hidden-md vc_hidden-sm&#8221;][vc_row_inner css=&#8221;.vc_custom_1522943851006{padding-top: 40px !important;padding-right: 50px !important;}&#8221;][vc_column_inner width=&#8221;1\/2&#8243; css=&#8221;.vc_custom_1634908777554{padding-top: 70px !important;padding-left: 70px !important;}&#8221;][vc_column_text css_animation=&#8221;left-to-right&#8221; css=&#8221;.vc_custom_1632510997080{padding-top: 30px !important;padding-right: 50px !important;padding-left: 50px !important;}&#8221;]<\/p>\n<h1><span style=\"color: #ff6500;\">O QUE S\u00c3O LENTES HB DYNAMIC<\/span><\/h1>\n<p style=\"text-align: justify; font-size: 18px;\"><span style=\"color: #ffffff;\">As lentes HB Dynamic s\u00e3o lentes progressivas digitais com design suave que oferecem aos usu\u00e1rios uma sensa\u00e7\u00e3o maior de conforto.<br \/>\n<\/span><\/p>\n<p>[\/vc_column_text][vc_column_text css_animation=&#8221;left-to-right&#8221; css=&#8221;.vc_custom_1632511023683{padding-top: 65px !important;padding-right: 50px !important;padding-left: 50px !important;}&#8221;]<\/p>\n<h1><span style=\"color: #ff6500;\">RECOMENDA\u00c7\u00c3O<\/span><\/h1>\n<p style=\"text-align: justify; font-size: 18px;\"><span style=\"color: #ffffff;\">Indicado para usu\u00e1rios que procuram qualidade com o melhor custo benef\u00edcio.<\/span><\/p>\n<p>[\/vc_column_text][\/vc_column_inner][vc_column_inner width=&#8221;1\/2&#8243;][vc_column_text css_animation=&#8221;left-to-right&#8221; css=&#8221;.vc_custom_1631729748796{padding-top: 30px !important;padding-right: 50px !important;padding-left: 50px !important;}&#8221;]<\/p>\n<p style=\"font-size: 18px; text-align: left;\"><strong><span style=\"color: #ffffff;\">Vantagens e benef\u00edcios das lentes HB Dynamic:<\/span><\/strong><\/p>\n<p>[\/vc_column_text]<div class=\"smile_icon_list_wrap ult_info_list_container ult-adjust-bottom-margin   vc_custom_1520960906756\"><ul class=\"smile_icon_list top circle with_bg\"><li class=\"icon_list_item\" style=\" font-size:57px;\"><div class=\"icon_list_icon\" data-animation=\"fadeInUp\" data-animation-delay=\"03\" style=\"font-size:19px;border-width:1px;border-style:solid;background:#ffffff;color:#003376;border-color:#ffffff;\"><i class=\"Defaults-compress\" ><\/i><\/div><div class=\"icon_description\" id=\"Info-list-wrap-4722\" style=\"font-size:19px;\"><h3 class=\"ult-responsive\"  data-ultimate-target='#Info-list-wrap-4722 h3'  data-responsive-json-new='{\"font-size\":\"desktop:16px;\",\"line-height\":\"desktop:24px;\"}'  style=\"color:#ff6500;\">Tecnologia Digital<\/h3><div class=\"icon_description_text ult-responsive\"  data-ultimate-target='#Info-list-wrap-4722 .icon_description_text'  data-responsive-json-new='{\"font-size\":\"desktop:13px;\",\"line-height\":\"desktop:18px;\"}'  style=\"\"><p><span style=\"color: #ffffff;\">Desenho progressivo customizado<\/span><\/p>\n<\/div><\/div><div class=\"icon_list_connector\" data-animation=\"fadeInLeft\" data-animation-delay=\"03\" style=\"border-color:#ffffff;\"><\/div><\/li><li class=\"icon_list_item\" style=\" font-size:57px;\"><div class=\"icon_list_icon\" data-animation=\"fadeInUp\" data-animation-delay=\"03\" style=\"font-size:19px;border-width:1px;border-style:solid;background:#ffffff;color:#003376;border-color:#ffffff;\"><i class=\"Defaults-tint\" ><\/i><\/div><div class=\"icon_description\" id=\"Info-list-wrap-1284\" style=\"font-size:19px;\"><h3 class=\"ult-responsive\"  data-ultimate-target='#Info-list-wrap-1284 h3'  data-responsive-json-new='{\"font-size\":\"desktop:16px;\",\"line-height\":\"desktop:24px;\"}'  style=\"color:#ff6500;\">Progress\u00e3o controlada<\/h3><div class=\"icon_description_text ult-responsive\"  data-ultimate-target='#Info-list-wrap-1284 .icon_description_text'  data-responsive-json-new='{\"font-size\":\"desktop:13px;\",\"line-height\":\"desktop:18px;\"}'  style=\"\"><p><span style=\"color: #ffffff;\">Transi\u00e7\u00e3o suave entre os campos de vis\u00e3o<\/span><\/p>\n<\/div><\/div><div class=\"icon_list_connector\" data-animation=\"fadeInLeft\" data-animation-delay=\"03\" style=\"border-color:#ffffff;\"><\/div><\/li><li class=\"icon_list_item\" style=\" font-size:57px;\"><div class=\"icon_list_icon\" data-animation=\"fadeInUp\" data-animation-delay=\"03\" style=\"font-size:19px;border-width:1px;border-style:solid;background:#ffffff;color:#003376;border-color:#ffffff;\"><i class=\"Defaults-check-square-o\" ><\/i><\/div><div class=\"icon_description\" id=\"Info-list-wrap-7433\" style=\"font-size:19px;\"><h3 class=\"ult-responsive\"  data-ultimate-target='#Info-list-wrap-7433 h3'  data-responsive-json-new='{\"font-size\":\"desktop:16px;\",\"line-height\":\"desktop:24px;\"}'  style=\"color:#ff6500;\">Ergonomia confort\u00e1vel<\/h3><div class=\"icon_description_text ult-responsive\"  data-ultimate-target='#Info-list-wrap-7433 .icon_description_text'  data-responsive-json-new='{\"font-size\":\"desktop:13px;\",\"line-height\":\"desktop:18px;\"}'  style=\"\"><p><span style=\"color: #ffffff;\">F\u00e1cil adapta\u00e7\u00e3o<\/span><\/p>\n<\/div><\/div><div class=\"icon_list_connector\" data-animation=\"fadeInLeft\" data-animation-delay=\"03\" style=\"border-color:#ffffff;\"><\/div><\/li><\/ul><\/div><div class=\"smile_icon_list_wrap ult_info_list_container ult-adjust-bottom-margin   vc_custom_1520960906756\"><ul class=\"smile_icon_list top circle with_bg\"><li class=\"icon_list_item\" style=\" font-size:57px;\"><div class=\"icon_list_icon\" data-animation=\"fadeInUp\" data-animation-delay=\"03\" style=\"font-size:19px;border-width:1px;border-style:solid;background:#ffffff;color:#003376;border-color:#ffffff;\"><i class=\"Defaults-close remove times\" ><\/i><\/div><div class=\"icon_description\" id=\"Info-list-wrap-1994\" style=\"font-size:19px;\"><h3 class=\"ult-responsive\"  data-ultimate-target='#Info-list-wrap-1994 h3'  data-responsive-json-new='{\"font-size\":\"desktop:16px;\",\"line-height\":\"desktop:24px;\"}'  style=\"color:#ff6500;\">Controle dos astigmatismos indesej\u00e1veis<\/h3><div class=\"icon_description_text ult-responsive\"  data-ultimate-target='#Info-list-wrap-1994 .icon_description_text'  data-responsive-json-new='{\"font-size\":\"desktop:13px;\",\"line-height\":\"desktop:18px;\"}'  style=\"\"><p><span style=\"color: #ffffff;\">Vis\u00f5es perif\u00e9ricas est\u00e1veis e reduzidas<\/span><\/p>\n<\/div><\/div><div class=\"icon_list_connector\" data-animation=\"fadeInLeft\" data-animation-delay=\"03\" style=\"border-color:#ffffff;\"><\/div><\/li><li class=\"icon_list_item\" style=\" font-size:57px;\"><div class=\"icon_list_icon\" data-animation=\"fadeInUp\" data-animation-delay=\"03\" style=\"font-size:19px;border-width:1px;border-style:solid;background:#ffffff;color:#003376;border-color:#ffffff;\"><i class=\"Defaults-eye\" ><\/i><\/div><div class=\"icon_description\" id=\"Info-list-wrap-1710\" style=\"font-size:19px;\"><h3 class=\"ult-responsive\"  data-ultimate-target='#Info-list-wrap-1710 h3'  data-responsive-json-new='{\"font-size\":\"desktop:16px;\",\"line-height\":\"desktop:24px;\"}'  style=\"color:#ff6500;\">Intera\u00e7\u00e3o de vis\u00e3o binocular<\/h3><div class=\"icon_description_text ult-responsive\"  data-ultimate-target='#Info-list-wrap-1710 .icon_description_text'  data-responsive-json-new='{\"font-size\":\"desktop:13px;\",\"line-height\":\"desktop:18px;\"}'  style=\"\"><p><span style=\"color: #ffffff;\">Simetria horizontal, identificando as imagens com OD e OE simultaneamente<\/span><\/p>\n<\/div><\/div><div class=\"icon_list_connector\" data-animation=\"fadeInLeft\" data-animation-delay=\"03\" style=\"border-color:#ffffff;\"><\/div><\/li><\/ul><\/div>[\/vc_column_inner][\/vc_row_inner][\/vc_column][\/vc_row][vc_row css=&#8221;.vc_custom_1522266107699{padding-top: 60px !important;padding-bottom: 80px !important;background-position: center !important;background-repeat: no-repeat !important;background-size: cover !important;}&#8221;][vc_column][vc_custom_heading text=&#8221;AVALIA\u00c7\u00c3O DO CAMPO VISUAL&#8221; font_container=&#8221;tag:h1|text_align:center|color:%23083b7e&#8221; use_theme_fonts=&#8221;yes&#8221; css=&#8221;.vc_custom_1632511133293{padding-right: 40px !important;padding-left: 40px !important;}&#8221;][vc_row_inner][vc_column_inner width=&#8221;1\/3&#8243;][\/vc_column_inner][vc_column_inner width=&#8221;1\/3&#8243;][vc_separator border_width=&#8221;2&#8243; css=&#8221;.vc_custom_1522266127910{padding-top: 20px !important;padding-bottom: 30px !important;}&#8221;][\/vc_column_inner][vc_column_inner width=&#8221;1\/3&#8243;][\/vc_column_inner][\/vc_row_inner][vc_row_inner css=&#8221;.vc_custom_1522266056918{padding-top: 50px !important;}&#8221;][vc_column_inner width=&#8221;1\/2&#8243;][vc_single_image image=&#8221;76259&#8243; img_size=&#8221;full&#8221; alignment=&#8221;center&#8221;][\/vc_column_inner][vc_column_inner width=&#8221;1\/2&#8243; css=&#8221;.vc_custom_1526386020064{padding-top: 15px !important;}&#8221;][vc_custom_heading text=&#8221;PERCEP\u00c7\u00c3O DO USU\u00c1RIO&#8221; font_container=&#8221;tag:h2|text_align:left|color:%23ff6500&#8243; use_theme_fonts=&#8221;yes&#8221; css=&#8221;.vc_custom_1632511242389{padding-right: 40px !important;}&#8221;][vc_empty_space height=&#8221;15&#8243;]<div class=\"uavc-list-icon uavc-list-icon-wrapper ult-adjust-bottom-margin   \"><ul class=\"uavc-list\"><li><div class=\"uavc-list-content\" id=\"list-icon-wrap-5992\">\n<div class=\"uavc-list-icon  \" data-animation=\"\" data-animation-delay=\"03\" style=\"margin-right:30px;\"><div class=\"ult-just-icon-wrapper  \"><div class=\"align-icon\" style=\"text-align:center;\">\n<div class=\"aio-icon none \"  style=\"color:#083b7e;font-size:20px;display:inline-block;\">\n\t<i class=\"Defaults-check\"><\/i>\n<\/div><\/div><\/div>\n<\/div><span  data-ultimate-target='#list-icon-wrap-5992 .uavc-list-desc'  data-responsive-json-new='{\"font-size\":\"\",\"line-height\":\"\"}'  class=\"uavc-list-desc ult-responsive\" style=\"\">Bom desempenho para todas as atividades;<\/span><\/div><\/li><li><div class=\"uavc-list-content\" id=\"list-icon-wrap-5903\">\n<div class=\"uavc-list-icon  \" data-animation=\"\" data-animation-delay=\"03\" style=\"margin-right:30px;\"><div class=\"ult-just-icon-wrapper  \"><div class=\"align-icon\" style=\"text-align:center;\">\n<div class=\"aio-icon none \"  style=\"color:#083b7e;font-size:20px;display:inline-block;\">\n\t<i class=\"Defaults-check\"><\/i>\n<\/div><\/div><\/div>\n<\/div><span  data-ultimate-target='#list-icon-wrap-5903 .uavc-list-desc'  data-responsive-json-new='{\"font-size\":\"\",\"line-height\":\"\"}'  class=\"uavc-list-desc ult-responsive\" style=\"\">Conforto para olhar em todas as dire\u00e7\u00f5es sem salto de imagem;<\/span><\/div><\/li><li><div class=\"uavc-list-content\" id=\"list-icon-wrap-1331\">\n<div class=\"uavc-list-icon  \" data-animation=\"\" data-animation-delay=\"03\" style=\"margin-right:30px;\"><div class=\"ult-just-icon-wrapper  \"><div class=\"align-icon\" style=\"text-align:center;\">\n<div class=\"aio-icon none \"  style=\"color:#083b7e;font-size:20px;display:inline-block;\">\n\t<i class=\"Defaults-check\"><\/i>\n<\/div><\/div><\/div>\n<\/div><span  data-ultimate-target='#list-icon-wrap-1331 .uavc-list-desc'  data-responsive-json-new='{\"font-size\":\"\",\"line-height\":\"\"}'  class=\"uavc-list-desc ult-responsive\" style=\"\">Campo de vis\u00e3o mais amplo;<\/span><\/div><\/li><li><div class=\"uavc-list-content\" id=\"list-icon-wrap-4126\">\n<div class=\"uavc-list-icon  \" data-animation=\"\" data-animation-delay=\"03\" style=\"margin-right:30px;\"><div class=\"ult-just-icon-wrapper  \"><div class=\"align-icon\" style=\"text-align:center;\">\n<div class=\"aio-icon none \"  style=\"color:#083b7e;font-size:20px;display:inline-block;\">\n\t<i class=\"Defaults-check\"><\/i>\n<\/div><\/div><\/div>\n<\/div><span  data-ultimate-target='#list-icon-wrap-4126 .uavc-list-desc'  data-responsive-json-new='{\"font-size\":\"\",\"line-height\":\"\"}'  class=\"uavc-list-desc ult-responsive\" style=\"\">Redu\u00e7\u00e3o de efeito de flutua\u00e7\u00e3o;<\/span><\/div><\/li><li><div class=\"uavc-list-content\" id=\"list-icon-wrap-3456\">\n<div class=\"uavc-list-icon  \" data-animation=\"\" data-animation-delay=\"03\" style=\"margin-right:30px;\"><div class=\"ult-just-icon-wrapper  \"><div class=\"align-icon\" style=\"text-align:center;\">\n<div class=\"aio-icon none \"  style=\"color:#083b7e;font-size:20px;display:inline-block;\">\n\t<i class=\"Defaults-check\"><\/i>\n<\/div><\/div><\/div>\n<\/div><span  data-ultimate-target='#list-icon-wrap-3456 .uavc-list-desc'  data-responsive-json-new='{\"font-size\":\"\",\"line-height\":\"\"}'  class=\"uavc-list-desc ult-responsive\" style=\"\">Posi\u00e7\u00e3o natural de leitura;<\/span><\/div><\/li><\/ul><\/div>[\/vc_column_inner][\/vc_row_inner]<div id=\"modal-trg-txt-wrap-6230\" class=\"ult-modal-input-wrapper ult-adjust-bottom-margin    \" data-keypress-control=\"keypress-control-enable\" data-overlay-control=\"overlay-control-enable\"><div data-class-id=\"content-69e21d7cb9fe90-35257579\" class=\"ult-onload overlay-show \" data-overlay-class=\"overlay-cornerbottomleft\" data-onload-delay=\"2\"><\/div><\/div>\n<div class=\"ult-overlay content-69e21d7cb9fe90-35257579 \" data-class=\"content-69e21d7cb9fe90-35257579\" id=\"button-click-overlay\" style=\"background:rgba(255,255,255,0.01); display:none;\">\n\t<div class=\"ult_modal ult-fade ult-medium\">\n\t<div class=\"ult-overlay-close popup-edge-top-left\" style=\"width:15px;height:15px; background-color: #ea9c00;border-radius: 50%;padding:10px;box-sizing: content-box; top:-17.5px;left:-17.5px;\"><div class=\"ult-overlay-close-inside\">Close<\/div><\/div>\n\t\t<div id=\"ult-modal-wrap-4908\" class=\"ult_modal-content ult-hide\" style=\"border-style:solid;border-width:0px;border-radius:0px;border-color:;\">\n\t\t\t<div  data-ultimate-target='#ult-modal-wrap-4908 .ult_modal-body'  data-responsive-json-new='{\"font-size\":\"\",\"line-height\":\"\"}'  class=\"ult_modal-body ult-responsive ult-html\" style=\"\">\n\t\t\t<a href=\"httpss:\/\/api.whatsapp.com\/send?phone=5511959116796\" target=\"_blank\" rel=\"noopener\"><img loading=\"lazy\" class=\"alignnone wp-image-75055\" src=\"https:\/\/oticasnew.com.br\/web\/wp-content\/uploads\/2018\/05\/whatsapp.png\" alt=\"\" width=\"199\" height=\"82\" \/><\/a>\n\t\t\t<\/div>\n\t<\/div>\n\t<\/div>\n<\/div>[vc_empty_space height=&#8221;64px&#8221;][vc_column_text]<\/p>\n<p style=\"text-align: center;\">A \u00d3ticas New est\u00e1 localizada em Santo Andr\u00e9, em local de f\u00e1cil acesso pelas principais cidades do Grande ABC, inclu\u00edndo S\u00e3o Bernardo do Campo, S\u00e3o Caetano do Sul, Mau\u00e1 e Diadema. Para saber mais sobre <span style=\"color: #083b7e;\"><strong>Lentes HB Dynamic<\/strong><\/span>\u00a0entre em contato conosco atrav\u00e9s dos telefones (11) 4976-4186 | (11) 95911-6796.<\/p>\n<p>[\/vc_column_text][\/vc_column][\/vc_row]<\/p>\n","protected":false},"excerpt":{"rendered":"<p>[vc_row bg_type=&#8221;image&#8221; parallax_style=&#8221;vcpb-vz-jquery&#8221; bg_image_new=&#8221;id^75074|url^https:\/\/oticasnew.com.br\/web\/wp-content\/uploads\/2018\/05\/imgs-47.png|caption^null|alt^null|title^imgs-47|description^null&#8221; bg_image_repeat=&#8221;no-repeat&#8221; bg_img_attach=&#8221;fixed&#8221; bg_override=&#8221;full&#8221; parallax_content=&#8221;parallax_content_value&#8221; fadeout_row=&#8221;fadeout_row_value&#8221; type=&#8221;full_width&#8221; css=&#8221;.vc_custom_1633459365740{padding-bottom: 300px !important;background-image: url(https:\/\/oticasnew.com.br\/web\/wp-content\/uploads\/2021\/10\/Oticas_New_Imagens_Site_HB_Dynamic-scaled.jpg?id=76285) !important;background-position: center !important;background-repeat: no-repeat !important;background-size: cover !important;}&#8221;][vc_column][\/vc_column][\/vc_row][vc_row bg_type=&#8221;image&#8221; parallax_style=&#8221;vcpb-vz-jquery&#8221; bg_image_new=&#8221;id^75074|url^https:\/\/oticasnew.com.br\/web\/wp-content\/uploads\/2018\/05\/imgs-47.png|caption^null|alt^null|title^imgs-47|description^null&#8221; bg_image_repeat=&#8221;no-repeat&#8221; bg_img_attach=&#8221;fixed&#8221; bg_override=&#8221;full&#8221; parallax_content=&#8221;parallax_content_value&#8221; fadeout_row=&#8221;fadeout_row_value&#8221; type=&#8221;full_width&#8221;][vc_column][vc_custom_heading text=&#8221;HB DYNAMIC&#8221; font_container=&#8221;tag:h1|text_align:center|color:%23083b7e&#8221; use_theme_fonts=&#8221;yes&#8221; css=&#8221;.vc_custom_1632758788221{border-bottom-width: px !important;border-bottom-color: #ffffff !important;border-bottom-style: solid !important;}&#8221;][vc_custom_heading text=&#8221;Conforto e equil\u00edbrio a qualquer dist\u00e2ncia&#8221; font_container=&#8221;tag:h3|text_align:center|color:%23ff6500&#8243; use_theme_fonts=&#8221;yes&#8221;][\/vc_column][\/vc_row][vc_row type=&#8221;full_width&#8221; css=&#8221;.vc_custom_1632510853174{background-image: url(https:\/\/oticasnew.com.br\/web\/wp-content\/uploads\/2021\/09\/Oticas_New_Imagens_Site-1.png?id=76231) !important;background-position: center !important;background-repeat: [&hellip;]<\/p>\n","protected":false},"author":1,"featured_media":0,"parent":0,"menu_order":0,"comment_status":"closed","ping_status":"closed","template":"","meta":{"_mi_skip_tracking":false},"yoast_head":"<!-- This site is optimized with the Yoast SEO plugin v18.0 - https:\/\/yoast.com\/wordpress\/plugins\/seo\/ -->\n<title>Comprar Lentes HB Dynamic - \u00d3ticas new | (11) 4976-4186<\/title>\n<meta name=\"description\" content=\"As Lentes HB Dynamic s\u00e3o lentes progressivas digitais com design suave que oferecem aos usu\u00e1rios uma sensa\u00e7\u00e3o maior de conforto. Comprar Lentes HB Dynamic \u00e9 na \u00d3ticas NEW!\" \/>\n<meta name=\"robots\" content=\"index, follow, max-snippet:-1, max-image-preview:large, max-video-preview:-1\" \/>\n<link rel=\"canonical\" href=\"https:\/\/oticasnew.com.br\/web\/lentes-hb-dynamic\/\" \/>\n<meta property=\"og:locale\" content=\"en_US\" \/>\n<meta property=\"og:type\" content=\"article\" \/>\n<meta property=\"og:title\" content=\"Comprar Lentes HB Dynamic - \u00d3ticas new | (11) 4976-4186\" \/>\n<meta property=\"og:description\" content=\"As Lentes HB Dynamic s\u00e3o lentes progressivas digitais com design suave que oferecem aos usu\u00e1rios uma sensa\u00e7\u00e3o maior de conforto. Comprar Lentes HB Dynamic \u00e9 na \u00d3ticas NEW!\" \/>\n<meta property=\"og:url\" content=\"https:\/\/oticasnew.com.br\/web\/lentes-hb-dynamic\/\" \/>\n<meta property=\"og:site_name\" content=\"Oticas New\" \/>\n<meta property=\"article:modified_time\" content=\"2021-10-22T13:31:28+00:00\" \/>\n<meta property=\"og:image\" content=\"https:\/\/oticasnew.com.br\/web\/wp-content\/uploads\/2018\/05\/whatsapp.png\" \/>\n<meta name=\"twitter:card\" content=\"summary_large_image\" \/>\n<meta name=\"twitter:label1\" content=\"Est. reading time\" \/>\n\t<meta name=\"twitter:data1\" content=\"5 minutes\" \/>\n<script type=\"application\/ld+json\" class=\"yoast-schema-graph\">{\"@context\":\"https:\/\/schema.org\",\"@graph\":[{\"@type\":\"WebSite\",\"@id\":\"https:\/\/oticasnew.com.br\/web\/#website\",\"url\":\"https:\/\/oticasnew.com.br\/web\/\",\"name\":\"Oticas New\",\"description\":\"\",\"potentialAction\":[{\"@type\":\"SearchAction\",\"target\":{\"@type\":\"EntryPoint\",\"urlTemplate\":\"https:\/\/oticasnew.com.br\/web\/?s={search_term_string}\"},\"query-input\":\"required name=search_term_string\"}],\"inLanguage\":\"en-US\"},{\"@type\":\"ImageObject\",\"@id\":\"https:\/\/oticasnew.com.br\/web\/lentes-hb-dynamic\/#primaryimage\",\"inLanguage\":\"en-US\",\"url\":\"https:\/\/oticasnew.com.br\/web\/wp-content\/uploads\/2018\/05\/whatsapp.png\",\"contentUrl\":\"https:\/\/oticasnew.com.br\/web\/wp-content\/uploads\/2018\/05\/whatsapp.png\",\"width\":387,\"height\":160},{\"@type\":\"WebPage\",\"@id\":\"https:\/\/oticasnew.com.br\/web\/lentes-hb-dynamic\/#webpage\",\"url\":\"https:\/\/oticasnew.com.br\/web\/lentes-hb-dynamic\/\",\"name\":\"Comprar Lentes HB Dynamic - \u00d3ticas new | (11) 4976-4186\",\"isPartOf\":{\"@id\":\"https:\/\/oticasnew.com.br\/web\/#website\"},\"primaryImageOfPage\":{\"@id\":\"https:\/\/oticasnew.com.br\/web\/lentes-hb-dynamic\/#primaryimage\"},\"datePublished\":\"2018-04-05T16:03:00+00:00\",\"dateModified\":\"2021-10-22T13:31:28+00:00\",\"description\":\"As Lentes HB Dynamic s\u00e3o lentes progressivas digitais com design suave que oferecem aos usu\u00e1rios uma sensa\u00e7\u00e3o maior de conforto. Comprar Lentes HB Dynamic \u00e9 na \u00d3ticas NEW!\",\"breadcrumb\":{\"@id\":\"https:\/\/oticasnew.com.br\/web\/lentes-hb-dynamic\/#breadcrumb\"},\"inLanguage\":\"en-US\",\"potentialAction\":[{\"@type\":\"ReadAction\",\"target\":[\"https:\/\/oticasnew.com.br\/web\/lentes-hb-dynamic\/\"]}]},{\"@type\":\"BreadcrumbList\",\"@id\":\"https:\/\/oticasnew.com.br\/web\/lentes-hb-dynamic\/#breadcrumb\",\"itemListElement\":[{\"@type\":\"ListItem\",\"position\":1,\"name\":\"Home\",\"item\":\"https:\/\/oticasnew.com.br\/web\/\"},{\"@type\":\"ListItem\",\"position\":2,\"name\":\"HB Dynamic\"}]}]}<\/script>\n<!-- \/ Yoast SEO plugin. -->","yoast_head_json":{"title":"Comprar Lentes HB Dynamic - \u00d3ticas new | (11) 4976-4186","description":"As Lentes HB Dynamic s\u00e3o lentes progressivas digitais com design suave que oferecem aos usu\u00e1rios uma sensa\u00e7\u00e3o maior de conforto. Comprar Lentes HB Dynamic \u00e9 na \u00d3ticas NEW!","robots":{"index":"index","follow":"follow","max-snippet":"max-snippet:-1","max-image-preview":"max-image-preview:large","max-video-preview":"max-video-preview:-1"},"canonical":"https:\/\/oticasnew.com.br\/web\/lentes-hb-dynamic\/","og_locale":"en_US","og_type":"article","og_title":"Comprar Lentes HB Dynamic - \u00d3ticas new | (11) 4976-4186","og_description":"As Lentes HB Dynamic s\u00e3o lentes progressivas digitais com design suave que oferecem aos usu\u00e1rios uma sensa\u00e7\u00e3o maior de conforto. Comprar Lentes HB Dynamic \u00e9 na \u00d3ticas NEW!","og_url":"https:\/\/oticasnew.com.br\/web\/lentes-hb-dynamic\/","og_site_name":"Oticas New","article_modified_time":"2021-10-22T13:31:28+00:00","og_image":[{"url":"https:\/\/oticasnew.com.br\/web\/wp-content\/uploads\/2018\/05\/whatsapp.png"}],"twitter_card":"summary_large_image","twitter_misc":{"Est. reading time":"5 minutes"},"schema":{"@context":"https:\/\/schema.org","@graph":[{"@type":"WebSite","@id":"https:\/\/oticasnew.com.br\/web\/#website","url":"https:\/\/oticasnew.com.br\/web\/","name":"Oticas New","description":"","potentialAction":[{"@type":"SearchAction","target":{"@type":"EntryPoint","urlTemplate":"https:\/\/oticasnew.com.br\/web\/?s={search_term_string}"},"query-input":"required name=search_term_string"}],"inLanguage":"en-US"},{"@type":"ImageObject","@id":"https:\/\/oticasnew.com.br\/web\/lentes-hb-dynamic\/#primaryimage","inLanguage":"en-US","url":"https:\/\/oticasnew.com.br\/web\/wp-content\/uploads\/2018\/05\/whatsapp.png","contentUrl":"https:\/\/oticasnew.com.br\/web\/wp-content\/uploads\/2018\/05\/whatsapp.png","width":387,"height":160},{"@type":"WebPage","@id":"https:\/\/oticasnew.com.br\/web\/lentes-hb-dynamic\/#webpage","url":"https:\/\/oticasnew.com.br\/web\/lentes-hb-dynamic\/","name":"Comprar Lentes HB Dynamic - \u00d3ticas new | (11) 4976-4186","isPartOf":{"@id":"https:\/\/oticasnew.com.br\/web\/#website"},"primaryImageOfPage":{"@id":"https:\/\/oticasnew.com.br\/web\/lentes-hb-dynamic\/#primaryimage"},"datePublished":"2018-04-05T16:03:00+00:00","dateModified":"2021-10-22T13:31:28+00:00","description":"As Lentes HB Dynamic s\u00e3o lentes progressivas digitais com design suave que oferecem aos usu\u00e1rios uma sensa\u00e7\u00e3o maior de conforto. Comprar Lentes HB Dynamic \u00e9 na \u00d3ticas NEW!","breadcrumb":{"@id":"https:\/\/oticasnew.com.br\/web\/lentes-hb-dynamic\/#breadcrumb"},"inLanguage":"en-US","potentialAction":[{"@type":"ReadAction","target":["https:\/\/oticasnew.com.br\/web\/lentes-hb-dynamic\/"]}]},{"@type":"BreadcrumbList","@id":"https:\/\/oticasnew.com.br\/web\/lentes-hb-dynamic\/#breadcrumb","itemListElement":[{"@type":"ListItem","position":1,"name":"Home","item":"https:\/\/oticasnew.com.br\/web\/"},{"@type":"ListItem","position":2,"name":"HB Dynamic"}]}]}},"_links":{"self":[{"href":"https:\/\/oticasnew.com.br\/web\/wp-json\/wp\/v2\/pages\/74981"}],"collection":[{"href":"https:\/\/oticasnew.com.br\/web\/wp-json\/wp\/v2\/pages"}],"about":[{"href":"https:\/\/oticasnew.com.br\/web\/wp-json\/wp\/v2\/types\/page"}],"author":[{"embeddable":true,"href":"https:\/\/oticasnew.com.br\/web\/wp-json\/wp\/v2\/users\/1"}],"replies":[{"embeddable":true,"href":"https:\/\/oticasnew.com.br\/web\/wp-json\/wp\/v2\/comments?post=74981"}],"version-history":[{"count":67,"href":"https:\/\/oticasnew.com.br\/web\/wp-json\/wp\/v2\/pages\/74981\/revisions"}],"predecessor-version":[{"id":76365,"href":"https:\/\/oticasnew.com.br\/web\/wp-json\/wp\/v2\/pages\/74981\/revisions\/76365"}],"wp:attachment":[{"href":"https:\/\/oticasnew.com.br\/web\/wp-json\/wp\/v2\/media?parent=74981"}],"curies":[{"name":"wp","href":"https:\/\/api.w.org\/{rel}","templated":true}]}}