
{"id":75331,"date":"2018-07-23T18:18:38","date_gmt":"2018-07-23T18:18:38","guid":{"rendered":"http:\/\/oticasnew.com.br\/web\/?page_id=75331"},"modified":"2025-08-18T13:14:23","modified_gmt":"2025-08-18T13:14:23","slug":"especialista-em-lentes-multifocais-sbc","status":"publish","type":"page","link":"https:\/\/oticasnew.com.br\/web\/especialista-em-lentes-multifocais-sbc\/","title":{"rendered":"Especialista em Lentes Multifocais SBC"},"content":{"rendered":"<p>[vc_row type=&#8221;full_width&#8221; bg_type=&#8221;image&#8221; parallax_style=&#8221;vcpb-default&#8221; bg_image_new=&#8221;id^75358|url^https:\/\/oticasnew.com.br\/web\/wp-content\/uploads\/2018\/07\/imagem-alta-miopia-222.png|caption^null|alt^null|title^imagem alta miopia 222|description^null&#8221; bg_image_repeat=&#8221;no-repeat&#8221; bg_override=&#8221;full&#8221; css=&#8221;.vc_custom_1532437843653{padding-top: 130px !important;padding-bottom: 150px !important;}&#8221;][vc_column][vc_custom_heading text=&#8221;ESPECIALISTA EM LENTES MULTIFOCAIS SBC&#8221; font_container=&#8221;tag:h1|text_align:center|color:%23ffffff&#8221; use_theme_fonts=&#8221;yes&#8221; css=&#8221;.vc_custom_1532369160573{border-bottom-width: px !important;padding-top: 70px !important;border-bottom-color: #ffffff !important;border-bottom-style: solid !important;}&#8221;][vc_custom_heading text=&#8221;Busca por lentes com tecnologia e corredores de progress\u00e3o mais atuais?&#8221; font_container=&#8221;tag:h3|text_align:center&#8221; use_theme_fonts=&#8221;yes&#8221;][\/vc_column][\/vc_row][vc_row type=&#8221;full_width&#8221; css=&#8221;.vc_custom_1521486489439{padding-bottom: 60px !important;background-image: url(https:\/\/oticasnew.com.br\/web\/wp-content\/uploads\/2018\/03\/img-07.png?id=74774) !important;background-position: center !important;background-repeat: no-repeat !important;background-size: cover !important;}&#8221;][vc_column css=&#8221;.vc_custom_1520949887233{padding-bottom: 129px !important;}&#8221;][vc_row_inner css=&#8221;.vc_custom_1520961061478{padding-top: 70px !important;padding-right: 50px !important;}&#8221;][vc_column_inner width=&#8221;1\/2&#8243; css=&#8221;.vc_custom_1520954274835{padding-left: 70px !important;}&#8221;][vc_column_text css_animation=&#8221;left-to-right&#8221; css=&#8221;.vc_custom_1532369225940{padding-top: 30px !important;padding-right: 50px !important;padding-left: 50px !important;}&#8221;]<\/p>\n<p style=\"text-align: justify; font-size: 18px;\"><span style=\"color: #ffffff;\">A \u00d3ticas New \u00e9 especialista em lentes multifocais SBC digitais. Lentes multifocais s\u00e3o geralmente utilizadas por pessoas com mais de 40 anos que come\u00e7am a ter dificuldade para enxergar de perto.<\/span><\/p>\n<p style=\"text-align: justify; font-size: 18px;\"><span style=\"color: #ffffff;\">Com um corredor de progress\u00e3o desenhado em um ponto da lente, o usu\u00e1rio tem a possibilidade de ter em uma mesma lente o seu grau de longe, intermedi\u00e1rio e perto. De acordo com o modelo da lente o corredor se torna mais duro ou suave, isso quer dizer, quanto mais investir na qualidade e tecnologia da lente mais ser\u00e1 a facilidade de adapta\u00e7\u00e3o.<\/span><\/p>\n<p>[\/vc_column_text][\/vc_column_inner][vc_column_inner width=&#8221;1\/2&#8243;][vc_column_text css_animation=&#8221;left-to-right&#8221; css=&#8221;.vc_custom_1532369434777{padding-top: 30px !important;padding-right: 50px !important;padding-left: 50px !important;}&#8221;]<\/p>\n<p style=\"text-align: justify; font-size: 18px;\"><span style=\"color: #ffffff;\">N\u00e3o quer dizer que s\u00f3 as lentes mais caras dar\u00e3o resultado e qualidade de vis\u00e3o, mas \u00e9 fato que investir certo valor nas lentes vai trazer um resultado mais satisfat\u00f3rio no uso dos \u00f3culos.<br \/>\n\u00d3ticas New \u00e9 especialista em lentes multifocais SBC digitais. Com a nova gera\u00e7\u00e3o de lentes multifocais que est\u00e3o sendo chamadas de digitais ou free form, esse novo conceito de fabrica\u00e7\u00e3o de lentes traz muitos ben\u00e9ficos ao usu\u00e1rio, tais como: transpar\u00eancia de imagem, menor distor\u00e7\u00e3o lateral de vis\u00e3o perif\u00e9rica, grau de perto mais pr\u00f3ximo do olho dando amplitude no corredor, tecnologias diversas fazendo melhor distribui\u00e7\u00e3o entre os graus de longe, intermedi\u00e1rio e perto.<\/span><\/p>\n<p style=\"text-align: justify; font-size: 18px;\"><span style=\"color: #ffffff;\">Busca por Lentes multifocais digitais de qualidade? Confie na\u00a0especialista em<br \/>\nLentes multifocais\u00a0\u00d3tica NEW!<\/span><\/p>\n<p>[\/vc_column_text][\/vc_column_inner][\/vc_row_inner][\/vc_column][\/vc_row][vc_row css=&#8221;.vc_custom_1522266107699{padding-top: 60px !important;padding-bottom: 80px !important;background-position: center !important;background-repeat: no-repeat !important;background-size: cover !important;}&#8221;][vc_column][vc_custom_heading text=&#8221;Especialista em lentes Multifocais SBC&#8221; font_container=&#8221;tag:h1|text_align:center&#8221; use_theme_fonts=&#8221;yes&#8221; css=&#8221;.vc_custom_1532369365216{padding-right: 40px !important;padding-left: 40px !important;}&#8221;][vc_row_inner][vc_column_inner width=&#8221;1\/3&#8243;][\/vc_column_inner][vc_column_inner width=&#8221;1\/3&#8243;][vc_separator border_width=&#8221;2&#8243; css=&#8221;.vc_custom_1522266127910{padding-top: 20px !important;padding-bottom: 30px !important;}&#8221;][\/vc_column_inner][vc_column_inner width=&#8221;1\/3&#8243;][\/vc_column_inner][\/vc_row_inner][vc_row_inner css=&#8221;.vc_custom_1522266056918{padding-top: 50px !important;}&#8221;][vc_column_inner width=&#8221;1\/4&#8243;][\/vc_column_inner][vc_column_inner width=&#8221;1\/2&#8243; css=&#8221;.vc_custom_1522266175622{padding-top: 0px !important;}&#8221;][vc_column_text]<\/p>\n<p style=\"text-align: left;\">Vantagem das lentes multifocais digitais da<strong><b>\u00a0especialista em lentes multifocais SBC<\/b><\/strong>:<\/p>\n<ul>\n<li style=\"text-align: justify;\">Anamnese do usu\u00e1rio antes de oferecer grade de lentes multifocais digitais;<\/li>\n<li style=\"text-align: justify;\">Melhor custo beneficio de acordo com a necessidade do usu\u00e1rio;<\/li>\n<li style=\"text-align: justify;\">Rapidez no prazo de entrega;<\/li>\n<li style=\"text-align: justify;\">Garantia de adapta\u00e7\u00e3o nas lentes Optiswiss e HB;<\/li>\n<li style=\"text-align: justify;\">Teste dos graus antes de confeccionar as lentes, caso haja d\u00favida na receita prescrita.<\/li>\n<\/ul>\n<p>[\/vc_column_text][\/vc_column_inner][vc_column_inner width=&#8221;1\/4&#8243;][\/vc_column_inner][\/vc_row_inner][\/vc_column][\/vc_row][vc_row][vc_column]<div id=\"modal-trg-txt-wrap-7482\" class=\"ult-modal-input-wrapper ult-adjust-bottom-margin    \" data-keypress-control=\"keypress-control-enable\" data-overlay-control=\"overlay-control-enable\"><div data-class-id=\"content-69d18f7be79f21-53030213\" class=\"ult-onload overlay-show \" data-overlay-class=\"overlay-cornerbottomleft\" data-onload-delay=\"2\"><\/div><\/div>\n<div class=\"ult-overlay content-69d18f7be79f21-53030213 \" data-class=\"content-69d18f7be79f21-53030213\" id=\"button-click-overlay\" style=\"background:rgba(255,255,255,0.01); display:none;\">\n\t<div class=\"ult_modal ult-fade ult-medium\">\n\t<div class=\"ult-overlay-close popup-edge-top-left\" style=\"width:15px;height:15px; background-color: #ea9c00;border-radius: 50%;padding:10px;box-sizing: content-box; top:-17.5px;left:-17.5px;\"><div class=\"ult-overlay-close-inside\">Close<\/div><\/div>\n\t\t<div id=\"ult-modal-wrap-7804\" class=\"ult_modal-content ult-hide\" style=\"border-style:solid;border-width:0px;border-radius:0px;border-color:;\">\n\t\t\t<div  data-ultimate-target='#ult-modal-wrap-7804 .ult_modal-body'  data-responsive-json-new='{\"font-size\":\"\",\"line-height\":\"\"}'  class=\"ult_modal-body ult-responsive ult-html\" style=\"\">\n\t\t\t<a href=\"httpss:\/\/api.whatsapp.com\/send?phone=5511959116796\" target=\"_blank\" rel=\"noopener\"><img loading=\"lazy\" class=\"alignnone wp-image-75055\" src=\"https:\/\/oticasnew.com.br\/web\/wp-content\/uploads\/2018\/05\/whatsapp.png\" alt=\"\" width=\"395\" height=\"166\" \/><\/a>\n\t\t\t<\/div>\n\t<\/div>\n\t<\/div>\n<\/div>[\/vc_column][\/vc_row][vc_row][vc_column][vc_empty_space height=&#8221;25&#8243;][vc_column_text]<\/p>\n<p style=\"text-align: center;\">A <a href=\"httpss:\/\/oticasnew.com.br\/web\/\">\u00d3ticas New<\/a> est\u00e1 localizada em Santo Andr\u00e9, em local de f\u00e1cil acesso pelas principais cidades do Grande ABC, inclu\u00edndo S\u00e3o Bernardo do Campo, S\u00e3o Caetano do Sul, Mau\u00e1 e Diadema. Para saber mais sobre <strong>Especialista em Lentes Multifocais SBC<\/strong> entre em contato conosco atrav\u00e9s dos telefones <a href=\"tel:1149764186\">(11) 4976-4186<\/a> | <a href=\"tel:11959116796\">(11) 95911-6796<\/a>.<\/p>\n<p>[\/vc_column_text][vc_empty_space height=&#8221;25&#8243;][\/vc_column][\/vc_row]<\/p>\n","protected":false},"excerpt":{"rendered":"<p>[vc_row type=&#8221;full_width&#8221; bg_type=&#8221;image&#8221; parallax_style=&#8221;vcpb-default&#8221; bg_image_new=&#8221;id^75358|url^https:\/\/oticasnew.com.br\/web\/wp-content\/uploads\/2018\/07\/imagem-alta-miopia-222.png|caption^null|alt^null|title^imagem alta miopia 222|description^null&#8221; bg_image_repeat=&#8221;no-repeat&#8221; bg_override=&#8221;full&#8221; css=&#8221;.vc_custom_1532437843653{padding-top: 130px !important;padding-bottom: 150px !important;}&#8221;][vc_column][vc_custom_heading text=&#8221;ESPECIALISTA EM LENTES MULTIFOCAIS SBC&#8221; font_container=&#8221;tag:h1|text_align:center|color:%23ffffff&#8221; use_theme_fonts=&#8221;yes&#8221; css=&#8221;.vc_custom_1532369160573{border-bottom-width: px !important;padding-top: 70px !important;border-bottom-color: #ffffff !important;border-bottom-style: solid !important;}&#8221;][vc_custom_heading text=&#8221;Busca por lentes com tecnologia e corredores de progress\u00e3o mais atuais?&#8221; font_container=&#8221;tag:h3|text_align:center&#8221; use_theme_fonts=&#8221;yes&#8221;][\/vc_column][\/vc_row][vc_row type=&#8221;full_width&#8221; css=&#8221;.vc_custom_1521486489439{padding-bottom: 60px !important;background-image: url(https:\/\/oticasnew.com.br\/web\/wp-content\/uploads\/2018\/03\/img-07.png?id=74774) !important;background-position: center !important;background-repeat: no-repeat !important;background-size: cover [&hellip;]<\/p>\n","protected":false},"author":1,"featured_media":0,"parent":0,"menu_order":0,"comment_status":"closed","ping_status":"closed","template":"","meta":{"_mi_skip_tracking":false},"yoast_head":"<!-- This site is optimized with the Yoast SEO plugin v18.0 - https:\/\/yoast.com\/wordpress\/plugins\/seo\/ -->\n<title>Especialista em Lentes Multifocais SBC | \u00d3ticas NEW - (11) 4976-4186<\/title>\n<meta name=\"description\" content=\"Se procura por especialista em lentes multifocais SBC entre em contato com a \u00d3ticas New: (11) 4976-4186 | (11) 95911-6796.\" \/>\n<meta name=\"robots\" content=\"index, follow, max-snippet:-1, max-image-preview:large, max-video-preview:-1\" \/>\n<link rel=\"canonical\" href=\"https:\/\/oticasnew.com.br\/web\/especialista-em-lentes-multifocais-sbc\/\" \/>\n<meta property=\"og:locale\" content=\"en_US\" \/>\n<meta property=\"og:type\" content=\"article\" \/>\n<meta property=\"og:title\" content=\"Especialista em Lentes Multifocais SBC | \u00d3ticas NEW - (11) 4976-4186\" \/>\n<meta property=\"og:description\" content=\"Se procura por especialista em lentes multifocais SBC entre em contato com a \u00d3ticas New: (11) 4976-4186 | (11) 95911-6796.\" \/>\n<meta property=\"og:url\" content=\"https:\/\/oticasnew.com.br\/web\/especialista-em-lentes-multifocais-sbc\/\" \/>\n<meta property=\"og:site_name\" content=\"Oticas New\" \/>\n<meta property=\"article:modified_time\" content=\"2025-08-18T13:14:23+00:00\" \/>\n<meta property=\"og:image\" content=\"https:\/\/oticasnew.com.br\/web\/wp-content\/uploads\/2018\/05\/whatsapp.png\" \/>\n<meta name=\"twitter:card\" content=\"summary_large_image\" \/>\n<meta name=\"twitter:label1\" content=\"Est. reading time\" \/>\n\t<meta name=\"twitter:data1\" content=\"3 minutes\" \/>\n<script type=\"application\/ld+json\" class=\"yoast-schema-graph\">{\"@context\":\"https:\/\/schema.org\",\"@graph\":[{\"@type\":\"WebSite\",\"@id\":\"https:\/\/oticasnew.com.br\/web\/#website\",\"url\":\"https:\/\/oticasnew.com.br\/web\/\",\"name\":\"Oticas New\",\"description\":\"\",\"potentialAction\":[{\"@type\":\"SearchAction\",\"target\":{\"@type\":\"EntryPoint\",\"urlTemplate\":\"https:\/\/oticasnew.com.br\/web\/?s={search_term_string}\"},\"query-input\":\"required name=search_term_string\"}],\"inLanguage\":\"en-US\"},{\"@type\":\"ImageObject\",\"@id\":\"https:\/\/oticasnew.com.br\/web\/especialista-em-lentes-multifocais-sbc\/#primaryimage\",\"inLanguage\":\"en-US\",\"url\":\"https:\/\/oticasnew.com.br\/web\/wp-content\/uploads\/2018\/05\/whatsapp.png\",\"contentUrl\":\"https:\/\/oticasnew.com.br\/web\/wp-content\/uploads\/2018\/05\/whatsapp.png\",\"width\":387,\"height\":160},{\"@type\":\"WebPage\",\"@id\":\"https:\/\/oticasnew.com.br\/web\/especialista-em-lentes-multifocais-sbc\/#webpage\",\"url\":\"https:\/\/oticasnew.com.br\/web\/especialista-em-lentes-multifocais-sbc\/\",\"name\":\"Especialista em Lentes Multifocais SBC | \u00d3ticas NEW - (11) 4976-4186\",\"isPartOf\":{\"@id\":\"https:\/\/oticasnew.com.br\/web\/#website\"},\"primaryImageOfPage\":{\"@id\":\"https:\/\/oticasnew.com.br\/web\/especialista-em-lentes-multifocais-sbc\/#primaryimage\"},\"datePublished\":\"2018-07-23T18:18:38+00:00\",\"dateModified\":\"2025-08-18T13:14:23+00:00\",\"description\":\"Se procura por especialista em lentes multifocais SBC entre em contato com a \u00d3ticas New: (11) 4976-4186 | (11) 95911-6796.\",\"breadcrumb\":{\"@id\":\"https:\/\/oticasnew.com.br\/web\/especialista-em-lentes-multifocais-sbc\/#breadcrumb\"},\"inLanguage\":\"en-US\",\"potentialAction\":[{\"@type\":\"ReadAction\",\"target\":[\"https:\/\/oticasnew.com.br\/web\/especialista-em-lentes-multifocais-sbc\/\"]}]},{\"@type\":\"BreadcrumbList\",\"@id\":\"https:\/\/oticasnew.com.br\/web\/especialista-em-lentes-multifocais-sbc\/#breadcrumb\",\"itemListElement\":[{\"@type\":\"ListItem\",\"position\":1,\"name\":\"Home\",\"item\":\"https:\/\/oticasnew.com.br\/web\/\"},{\"@type\":\"ListItem\",\"position\":2,\"name\":\"Especialista em Lentes Multifocais SBC\"}]}]}<\/script>\n<!-- \/ Yoast SEO plugin. -->","yoast_head_json":{"title":"Especialista em Lentes Multifocais SBC | \u00d3ticas NEW - (11) 4976-4186","description":"Se procura por especialista em lentes multifocais SBC entre em contato com a \u00d3ticas New: (11) 4976-4186 | (11) 95911-6796.","robots":{"index":"index","follow":"follow","max-snippet":"max-snippet:-1","max-image-preview":"max-image-preview:large","max-video-preview":"max-video-preview:-1"},"canonical":"https:\/\/oticasnew.com.br\/web\/especialista-em-lentes-multifocais-sbc\/","og_locale":"en_US","og_type":"article","og_title":"Especialista em Lentes Multifocais SBC | \u00d3ticas NEW - (11) 4976-4186","og_description":"Se procura por especialista em lentes multifocais SBC entre em contato com a \u00d3ticas New: (11) 4976-4186 | (11) 95911-6796.","og_url":"https:\/\/oticasnew.com.br\/web\/especialista-em-lentes-multifocais-sbc\/","og_site_name":"Oticas New","article_modified_time":"2025-08-18T13:14:23+00:00","og_image":[{"url":"https:\/\/oticasnew.com.br\/web\/wp-content\/uploads\/2018\/05\/whatsapp.png"}],"twitter_card":"summary_large_image","twitter_misc":{"Est. reading time":"3 minutes"},"schema":{"@context":"https:\/\/schema.org","@graph":[{"@type":"WebSite","@id":"https:\/\/oticasnew.com.br\/web\/#website","url":"https:\/\/oticasnew.com.br\/web\/","name":"Oticas New","description":"","potentialAction":[{"@type":"SearchAction","target":{"@type":"EntryPoint","urlTemplate":"https:\/\/oticasnew.com.br\/web\/?s={search_term_string}"},"query-input":"required name=search_term_string"}],"inLanguage":"en-US"},{"@type":"ImageObject","@id":"https:\/\/oticasnew.com.br\/web\/especialista-em-lentes-multifocais-sbc\/#primaryimage","inLanguage":"en-US","url":"https:\/\/oticasnew.com.br\/web\/wp-content\/uploads\/2018\/05\/whatsapp.png","contentUrl":"https:\/\/oticasnew.com.br\/web\/wp-content\/uploads\/2018\/05\/whatsapp.png","width":387,"height":160},{"@type":"WebPage","@id":"https:\/\/oticasnew.com.br\/web\/especialista-em-lentes-multifocais-sbc\/#webpage","url":"https:\/\/oticasnew.com.br\/web\/especialista-em-lentes-multifocais-sbc\/","name":"Especialista em Lentes Multifocais SBC | \u00d3ticas NEW - (11) 4976-4186","isPartOf":{"@id":"https:\/\/oticasnew.com.br\/web\/#website"},"primaryImageOfPage":{"@id":"https:\/\/oticasnew.com.br\/web\/especialista-em-lentes-multifocais-sbc\/#primaryimage"},"datePublished":"2018-07-23T18:18:38+00:00","dateModified":"2025-08-18T13:14:23+00:00","description":"Se procura por especialista em lentes multifocais SBC entre em contato com a \u00d3ticas New: (11) 4976-4186 | (11) 95911-6796.","breadcrumb":{"@id":"https:\/\/oticasnew.com.br\/web\/especialista-em-lentes-multifocais-sbc\/#breadcrumb"},"inLanguage":"en-US","potentialAction":[{"@type":"ReadAction","target":["https:\/\/oticasnew.com.br\/web\/especialista-em-lentes-multifocais-sbc\/"]}]},{"@type":"BreadcrumbList","@id":"https:\/\/oticasnew.com.br\/web\/especialista-em-lentes-multifocais-sbc\/#breadcrumb","itemListElement":[{"@type":"ListItem","position":1,"name":"Home","item":"https:\/\/oticasnew.com.br\/web\/"},{"@type":"ListItem","position":2,"name":"Especialista em Lentes Multifocais SBC"}]}]}},"_links":{"self":[{"href":"https:\/\/oticasnew.com.br\/web\/wp-json\/wp\/v2\/pages\/75331"}],"collection":[{"href":"https:\/\/oticasnew.com.br\/web\/wp-json\/wp\/v2\/pages"}],"about":[{"href":"https:\/\/oticasnew.com.br\/web\/wp-json\/wp\/v2\/types\/page"}],"author":[{"embeddable":true,"href":"https:\/\/oticasnew.com.br\/web\/wp-json\/wp\/v2\/users\/1"}],"replies":[{"embeddable":true,"href":"https:\/\/oticasnew.com.br\/web\/wp-json\/wp\/v2\/comments?post=75331"}],"version-history":[{"count":7,"href":"https:\/\/oticasnew.com.br\/web\/wp-json\/wp\/v2\/pages\/75331\/revisions"}],"predecessor-version":[{"id":78007,"href":"https:\/\/oticasnew.com.br\/web\/wp-json\/wp\/v2\/pages\/75331\/revisions\/78007"}],"wp:attachment":[{"href":"https:\/\/oticasnew.com.br\/web\/wp-json\/wp\/v2\/media?parent=75331"}],"curies":[{"name":"wp","href":"https:\/\/api.w.org\/{rel}","templated":true}]}}