
{"id":75444,"date":"2018-08-14T12:04:46","date_gmt":"2018-08-14T12:04:46","guid":{"rendered":"http:\/\/oticasnew.com.br\/web\/?page_id=75444"},"modified":"2026-04-24T14:59:49","modified_gmt":"2026-04-24T14:59:49","slug":"perguntas-frequentes","status":"publish","type":"page","link":"https:\/\/oticasnew.com.br\/web\/perguntas-frequentes\/","title":{"rendered":"Perguntas frequentes"},"content":{"rendered":"<p>[vc_row][vc_column][vc_empty_space][vc_text_separator title=&#8221;PERGUNTAS FREQUENTES&#8221; border_width=&#8221;2&#8243;][vc_empty_space][vc_tta_accordion active_section=&#8221;1&#8243; style=&#8221;flat&#8221;][vc_tta_section title=&#8221;Onde comprar lentes no melhor pre\u00e7o?&#8221; tab_id=&#8221;1534247493640-54edac93-5484&#8243;][vc_column_text]<\/p>\n<p style=\"text-align: justify;\">Somente a \u00d3ticas New oferece a voc\u00ea os melhores pre\u00e7os nos mais diversos tipos de lentes. A \u00d3ticas New est\u00e1 localizada em Santo Andr\u00e9, em local de f\u00e1cil acesso pelas principais cidades do Grande ABC, incluindo S\u00e3o Bernardo do Campo, S\u00e3o Caetano do Sul, Mau\u00e1 e Diadema. Fa\u00e7a uma visita em nossa loja.<\/p>\n<p>[\/vc_column_text][\/vc_tta_section][vc_tta_section title=&#8221;O que s\u00e3o lentes antirreflexo?&#8221; tab_id=&#8221;1534247584689-52cb0f2c-d294&#8243;][vc_column_text]<\/p>\n<p style=\"text-align: justify;\">As lentes antirreflexo s\u00e3o em acr\u00edlico 1.50 possuem grade das lentes de -1.50 at\u00e9 +1.50 esf\u00e9rico, com cil\u00edndro de at\u00e9 -1.00.<\/p>\n<p style=\"text-align: justify;\">Lentes que n\u00e3o possuem o tratamento antirreflexo tem uma grande desvantagem, pois produzem reflexos de luz branca que podem incomodar a vis\u00e3o.<\/p>\n<p style=\"text-align: justify;\">Em situa\u00e7\u00f5es como dirigir em estradas molhadas ou no escuro, os reflexos de luz branca podem ser muito desagrad\u00e1veis.<\/p>\n<p style=\"text-align: justify;\">Algumas vantagens das lentes com antirreflexo s\u00e3o: a redu\u00e7\u00e3o de luz branca, preven\u00e7\u00e3o da sa\u00fade dos olhos, melhoram a est\u00e9tica, proporcionam mais conforto para a vis\u00e3o e alivio do cansa\u00e7o visual. S\u00e3o lentes de f\u00e1cil adapta\u00e7\u00e3o e ajudam nas corre\u00e7\u00f5es de vis\u00e3o, tais como miopia, hipermetropia e astigmatismo.<\/p>\n<p style=\"text-align: justify;\">Lentes com apar\u00eancia de grossas e com efeito de fundo de garrafa s\u00e3o esteticamente desagrad\u00e1veis para os m\u00edopes que querem disfar\u00e7ar o seu grau. As lentes antirreflexo podem resolver o seu problema de vis\u00e3o aliado a est\u00e9tica.<\/p>\n<p>[\/vc_column_text][\/vc_tta_section][vc_tta_section title=&#8221;O que s\u00e3o Lentes fotossens\u00edveis com Antirreflexo?&#8221; tab_id=&#8221;1534247588766-b0877399-f9af&#8221;][vc_column_text]<\/p>\n<p style=\"text-align: justify;\">As lentes fotossens\u00edveis com antirreflexo s\u00e3o similares as lentes transitions. Os produtos em promo\u00e7\u00e3o lentes fotossens\u00edveis com antirreflexo s\u00e3o em acr\u00edlico, \u00edndice 1.56, possuem grade das lentes de -2.00 at\u00e9 +2.00 com cil\u00edndro de at\u00e9 -2.00.<\/p>\n<p style=\"text-align: justify;\">Lentes fotossens\u00edveis que escurecem com a presen\u00e7a de luz solar e s\u00e3o similares as lentes Transitions, s\u00e3o indicadas para a preven\u00e7\u00e3o do envelhecimento precoce do olho, pois tem prote\u00e7\u00e3o contra os raios UV, previnem contra a catarata e s\u00e3o indicadas principalmente para as pessoas que tem sensibilidade a luz do sol ou fotofobia.<\/p>\n<p style=\"text-align: justify;\">S\u00e3o lentes de f\u00e1cil adapta\u00e7\u00e3o e ajudam nas corre\u00e7\u00f5es de vis\u00e3o, tais como miopia, hipermetropia e astigmatismo.<\/p>\n<p>[\/vc_column_text][\/vc_tta_section][vc_tta_section title=&#8221;Onde encontrar lentes HB?&#8221; tab_id=&#8221;1534247588306-7d6e1b73-7bdb&#8221;][vc_column_text]<\/p>\n<p style=\"text-align: justify;\">Somente a \u00d3ticas New oferece a voc\u00ea todos os tipos de lentes HB, com a melhor qualidade em produtos. A \u00d3ticas New est\u00e1 localizada em Santo Andr\u00e9, em local de f\u00e1cil acesso pelas principais cidades do Grande ABC, inclu\u00edndo S\u00e3o Bernardo do Campo, S\u00e3o Caetano do Sul, Mau\u00e1 e Diadema. Para saber mais sobre Lentes HB entre em contato conosco atrav\u00e9s dos telefones\u00a0 (11) 95911-6796.<\/p>\n<p>[\/vc_column_text][\/vc_tta_section][vc_tta_section title=&#8221;O que s\u00e3o lentes HB Dynamic?&#8221; tab_id=&#8221;1534247587923-9ff57a25-3dc1&#8243;][vc_column_text]<\/p>\n<p style=\"text-align: justify;\">As lentes HB Dynamic s\u00e3o lentes progressivas digitais com design suave que oferecem aos usu\u00e1rios uma sensa\u00e7\u00e3o maior de conforto.<\/p>\n<p>[\/vc_column_text][\/vc_tta_section][vc_tta_section title=&#8221;O que s\u00e3o lentes HB Sharp e para que tipo de usu\u00e1rios?&#8221; tab_id=&#8221;1534247587475-75bb3cca-1270&#8243;][vc_column_text]<\/p>\n<p style=\"text-align: justify;\">As lentes HB Sharp s\u00e3o lentes progressivas digitais com design equilibrado que oferecem aos usu\u00e1rios uma \u00f3tima performance \u00f3ptica. Indicado para usu\u00e1rios que necessitam de uma adapta\u00e7\u00e3o r\u00e1pida e conforto em todas as dist\u00e2ncias.<\/p>\n<p>[\/vc_column_text][\/vc_tta_section][vc_tta_section title=&#8221;Quais os benef\u00edcios das lentes HB Computer?&#8221; tab_id=&#8221;1534247587043-a748c9cc-d265&#8243;][vc_column_text]<\/p>\n<p style=\"text-align: justify;\">O usu\u00e1rio que trabalha em escrit\u00f3rio ou realiza alguma atividade em casa, for\u00e7a a vis\u00e3o para enxergar a \u00e1rea intermedi\u00e1ria ou perto.<\/p>\n<p style=\"text-align: justify;\">Para isto, temos as lentes HB Office que oferecem o m\u00e1ximo conforto visual.<\/p>\n<p style=\"text-align: justify;\">Para esse tipo de necessidades espec\u00edficas nem todas as lentes fornecem vis\u00e3o clara e adequada. As lentes oferecem o m\u00e1ximo conforto visual para essas atividades.<\/p>\n<p style=\"text-align: justify;\">Os benef\u00edcios das lentes HB Computer:<\/p>\n<ul>\n<li style=\"text-align: justify;\">Menor movimento da cabe\u00e7a<\/li>\n<li style=\"text-align: justify;\">Postura confort\u00e1vel<\/li>\n<li style=\"text-align: justify;\">Excelente conforto durante o dia<\/li>\n<\/ul>\n<p>[\/vc_column_text][\/vc_tta_section][vc_tta_section title=&#8221;Quais s\u00e3o todas as varia\u00e7\u00f5es de lentes Optswis?&#8221; tab_id=&#8221;1534247773523-9ba4e371-1b19&#8243;][vc_column_text]<\/p>\n<p style=\"text-align: justify;\">Somente a \u00d3ticas New oferece a voc\u00ea todas as varia\u00e7\u00f5es para as lentes Optswis, trabalhamos com as lentes:<\/p>\n<ul style=\"text-align: justify;\">\n<li>Pro Orga<\/li>\n<li>PX + Exclusive &amp; Classic<\/li>\n<li>Optiswiss Blue UV<\/li>\n<\/ul>\n<p style=\"text-align: justify;\">A \u00d3ticas New est\u00e1 localizada em Santo Andr\u00e9, em local de f\u00e1cil acesso pelas principais cidades do Grande ABC, inclu\u00edndo S\u00e3o Bernardo do Campo, S\u00e3o Caetano do Sul, Mau\u00e1 e Diadema. Para saber mais sobre as lentes Optswiss entre em contato conosco atrav\u00e9s dos telefones (11) 95911-6796.<\/p>\n<p>[\/vc_column_text][\/vc_tta_section][vc_tta_section title=&#8221;Quais sintomas a exposi\u00e7\u00e3o excessiva a luz azul pode causar?&#8221; tab_id=&#8221;1534247772341-5c1bf2d4-c347&#8243;][vc_column_text]<\/p>\n<p style=\"text-align: justify;\">Com alto \u00edndice de energia, a luz azul \u00e9 um fen\u00f4meno natural e um dos compostos da luz solar. Fontes de luz LED, assim como dispositivos digitais tamb\u00e9m liberam a luz azul. Hoje em dia estamos cada vez mais expostos a essa luz azul transmitida por l\u00e2mpadas de LED, televisores, computadores, smartphones, tablets e etc.. Eles nos acompanham, tanto profissionalmente quanto pessoalmente.<\/p>\n<p style=\"text-align: justify;\">Esta exposi\u00e7\u00e3o excessiva a luz azul pode causar os seguintes sintomas:<\/p>\n<ul>\n<li style=\"text-align: justify;\">Irrita\u00e7\u00e3o nos olhos<\/li>\n<li style=\"text-align: justify;\">Olhos secos<\/li>\n<li style=\"text-align: justify;\">Fadiga ocular<\/li>\n<li style=\"text-align: justify;\">Dores de cabe\u00e7a<\/li>\n<li style=\"text-align: justify;\">Ins\u00f4nia<\/li>\n<li style=\"text-align: justify;\">Vis\u00e3o emba\u00e7ada<\/li>\n<\/ul>\n<p>[\/vc_column_text][\/vc_tta_section][vc_tta_section title=&#8221;Quais s\u00e3o as vantagens das lentes Blue UV?&#8221; tab_id=&#8221;1534247771454-72e0445c-617e&#8221;][vc_column_text]<\/p>\n<p style=\"text-align: justify;\">As lentes Blue UV protegem os olhos contra a luz azul nociva e bloqueiam 100% os raios UV, proporcionam redu\u00e7\u00e3o de efeitos de brilho e possuem uma prote\u00e7\u00e3o existente j\u00e1 no material.<\/p>\n<p>[\/vc_column_text][\/vc_tta_section][vc_tta_section title=&#8221;O que s\u00e3o as lentes de alto \u00edndice de refra\u00e7\u00e3o para alta miopia?&#8221; tab_id=&#8221;1534247770352-8912e60d-b6ab&#8221;][vc_column_text]<\/p>\n<p style=\"text-align: justify;\">As lentes para alta miopia s\u00e3o chamadas de lentes de alto \u00edndice de refra\u00e7\u00e3o. O \u00edndice de refra\u00e7\u00e3o quantifica o poder da mat\u00e9ria-prima da lente de mudar a dire\u00e7\u00e3o dos raios de luz e, assim, acertar o foco. Quanto maior a taxa do \u00edndice de refra\u00e7\u00e3o, menor a espessura necess\u00e1ria para dar nitidez \u00e0 vis\u00e3o.<\/p>\n<p style=\"text-align: justify;\">Como uma das caracter\u00edsticas das lentes para miopia \u00e9 ser fina no centro e grossa nas bordas, o \u00edndice de refra\u00e7\u00e3o \u00e9 ent\u00e3o o principal respons\u00e1vel por reduzir a espessura das lentes e minimizar o efeito fundo de garrafa.<\/p>\n<p>[\/vc_column_text][\/vc_tta_section][vc_tta_section title=&#8221;Qual melhor lente para altamiopia?&#8221; tab_id=&#8221;1534247899288-715be665-8f9d&#8221;][vc_column_text]<\/p>\n<p style=\"text-align: justify;\"><strong>RESOLVA SEU PROBLEMA CONFORTAVELMENTE<\/strong><\/p>\n<p style=\"text-align: justify;\">Lentes com apar\u00eancia de grossas e com efeito de fundo de garrafa s\u00e3o esteticamente desagrad\u00e1veis para os m\u00edopes que querem disfar\u00e7ar o seu grau.<\/p>\n<p style=\"text-align: justify;\">Hoje em dia existem no mercado as lentes de alto \u00edndice e lenticular que resolvem esse problema.<\/p>\n<p style=\"text-align: justify;\">Escolher o melhor \u00edndice para a sua lente e a melhor arma\u00e7\u00e3o vai fazer um \u00f3culos com grau alto passar despercebido entre as pessoas.<\/p>\n<p style=\"text-align: justify;\">Descubra as op\u00e7\u00f5es de lentes que podem resolver o seu problema e esteja realmente preparado para fazer a melhor escolha para a sua necessidade!<\/p>\n<p>[\/vc_column_text][\/vc_tta_section][vc_tta_section title=&#8221;Qual o \u00edndice de refra\u00e7\u00e3o das lentes alta miopia?&#8221; tab_id=&#8221;1534247898779-5a5159db-a018&#8243;][vc_column_text]<\/p>\n<p style=\"text-align: justify;\"><strong>LENTES 1.67<\/strong> &#8211; S\u00e3o as lentes indicadas para as pessoas que possuem de 4 a 6 graus de miopia.<\/p>\n<p style=\"text-align: justify;\"><strong>LENTES 1.74<\/strong> &#8211; S\u00e3o as lentes em resina mais finas no mercado e s\u00e3o indicadas para graus \u00e0 cima de 6 graus.<\/p>\n<p>[\/vc_column_text][\/vc_tta_section][vc_tta_section title=&#8221;O que \u00e9 o processo lenticular?&#8221; tab_id=&#8221;1534247897863-44a5f85c-7864&#8243;][vc_column_text]<\/p>\n<p style=\"text-align: justify;\">Processo de fabrica\u00e7\u00e3o usado para altas dioptrias onde o grau do usu\u00e1rio \u00e9 posicionado em frente do seu globo ocular com a utiliza\u00e7\u00e3o de uma arma\u00e7\u00e3o, fazendo com que a dioptria do usu\u00e1rio se encontre disposta em uma circunfer\u00eancia de 17mm a 25mm. O restante da lente praticamente n\u00e3o tem distor\u00e7\u00e3o de imagem pois \u00e9 uma lente quase plana.<\/p>\n<p style=\"text-align: justify;\">Geralmente o material utilizado para a fabrica\u00e7\u00e3o da lente \u00e9 de alto \u00edndice dando maior acabamento no produto final.<\/p>\n<p style=\"text-align: justify;\">O que o usu\u00e1rio precisa saber que a vis\u00e3o perif\u00e9rica fica bastante comprometida, pois a gradua\u00e7\u00e3o do usu\u00e1rio dessas lentes \u00e9 limitado a circunfer\u00eancia.<\/p>\n<p>[\/vc_column_text][\/vc_tta_section][vc_tta_section title=&#8221;Quais s\u00e3o as vantagens das Lentes multifocais ZEISS?&#8221; tab_id=&#8221;1534247897097-49f594a1-a71e&#8221;][vc_column_text]<\/p>\n<p style=\"text-align: justify;\">Confira as vantagens da lente Light ZEISS multifocal:<\/p>\n<ul style=\"text-align: justify;\">\n<li>F\u00e1cil de indicar &#8211; N\u00e3o requer equipamentos ou software complexos no processo de venda<\/li>\n<li>F\u00e1cil de vender &#8211; Ser r\u00e1pido quando a loja estiver muito cheia num s\u00e1bado de manh\u00e3<\/li>\n<li>F\u00e1cil adapta\u00e7\u00e3o &#8211; Convers\u00e3o r\u00e1pida e f\u00e1cil, n\u00e3o importando a lente anterior<\/li>\n<\/ul>\n<p style=\"text-align: justify;\">A \u00d3ticas New est\u00e1 localizada em Santo Andr\u00e9, em local de f\u00e1cil acesso pelas principais cidades do Grande ABC, incluindo S\u00e3o Bernardo do Campo, S\u00e3o Caetano do Sul, Mau\u00e1 e Diadema. Para saber mais sobre as Lentes multifocais ZEISS entre em contato conosco atrav\u00e9s dos telefones\u00a0 (11) 95911-6796.<\/p>\n<p>[\/vc_column_text][\/vc_tta_section][vc_tta_section title=&#8221;Quais s\u00e3o todas as varia\u00e7\u00f5es de lentes ZEISS?&#8221; tab_id=&#8221;1534248039112-02b7a587-0d25&#8243;][vc_column_text]<\/p>\n<p style=\"text-align: justify;\">Que tal uma nova fam\u00edlia de lentes progressivas desenvolvida para superar as necessidades de pacientes acostumados a usar lentes menos sofisticas (marca privada, lentes sem grife e gera\u00e7\u00f5es antigas de lentes de marca da concorr\u00eancia) para facilitar a experi\u00eancia da qualidade da marca ZEISS?<\/p>\n<p style=\"text-align: justify;\">Somente a \u00d3ticas New oferece a voc\u00ea todas as varia\u00e7\u00f5es para as lentes ZEISS, trabalhamos com as lentes:<\/p>\n<ul>\n<li style=\"text-align: justify;\">Lentes multifocais ZEISS<\/li>\n<li style=\"text-align: justify;\">Lente ZEISS Progressive Light D<\/li>\n<li style=\"text-align: justify;\">Lente PROGRESSIVE GT2<\/li>\n<li style=\"text-align: justify;\">Lente Zeiss Progressive Light 3D<\/li>\n<\/ul>\n<p>[\/vc_column_text][\/vc_tta_section][vc_tta_section title=&#8221;O que \u00e9 a Lente ZEISS Light D?&#8221; tab_id=&#8221;1534248038321-324cf712-be7e&#8221;][vc_column_text]<\/p>\n<p style=\"text-align: justify;\">A nova ZEISS Light Design vem com Limites Otimizados um Perfil de Adi\u00e7\u00e3o Otimizada, garantindo uma vis\u00e3o n\u00edtida em todas as dist\u00e2ncias e dire\u00e7\u00f5es e durante o movimento, uma melhor experi\u00eancia de leitura e uma f\u00e1cil adapta\u00e7\u00e3o \u00e0s lentes.<\/p>\n<p style=\"text-align: justify;\">A otimiza\u00e7\u00e3o dos limites do desenho mant\u00e9m a zona de dist\u00e2ncia ampla e n\u00edtida, enquanto o acesso ao corredor \u00e9 f\u00e1cil e suave, com uma distor\u00e7\u00e3o perif\u00e9rica muito baixa. A zona de perto \u00e9 ampliada e moldada precisamente para as necessidades do usu\u00e1rio.<\/p>\n<p>[\/vc_column_text][\/vc_tta_section][vc_tta_section title=&#8221;O que \u00e9 a Lente Progressive GT2 e sua Simetria Horizontal?&#8221; tab_id=&#8221;1534248037305-5cfcaeb5-b58a&#8221;][vc_column_text]<\/p>\n<p style=\"text-align: justify;\">\u00c9 a best seller das lentes semiacabadas na Am\u00e9rica do Norte, vencedora do pr\u00eamio OLA (Organiza\u00e7\u00e3o dos Laborat\u00f3rios Americanos como o \u201cmelhor desenho de lentes\u201d. Porque? Seu desenho confort\u00e1vel baseado na ergonomia e qualidade \u00f3tica combinadas resultam em uma adapta\u00e7\u00e3o r\u00e1pida e satisfat\u00f3ria<\/p>\n<p style=\"text-align: justify;\">Simetria horizontal &#8211; As lentes progressivas com simetria horizontal s\u00e3o o resultado de um sistema de desenho assim\u00e9trico. A ZEISS tornou isso poss\u00edvel com avan\u00e7adas t\u00e9cnicas no c\u00e1lculo das lentes.<\/p>\n<p style=\"text-align: justify;\">Proporcionando melhor vis\u00e3o binocular e benef\u00edcios como identifica\u00e7\u00e3o das imagens com o olho direito e esquerdo, simultaneamente e uma melhor percep\u00e7\u00e3o de profundidade.<\/p>\n<p>[\/vc_column_text][\/vc_tta_section][vc_tta_section title=&#8221;Onde encontrar \u00d3culos de Seguran\u00e7a com grau?&#8221; tab_id=&#8221;1534248036178-70c755e9-5e4a&#8221;][vc_column_text]<\/p>\n<p style=\"text-align: justify;\">Somente a \u00d3ticas New oferece a voc\u00ea os melhores pre\u00e7os nos mais diversos modelos de \u00f3culos de seguran\u00e7a com grau. Com as mais modernas tecnologias a disposi\u00e7\u00e3o das mais diversas necessidades. Disponibilizamos lentes de vis\u00e3o simples, bifocais e multifocais. As lentes podem ser feitas em resina ou em cristal, todas nas medidas padr\u00e3o para \u00f3culos de seguran\u00e7a.<\/p>\n<p>[\/vc_column_text][\/vc_tta_section][vc_tta_section title=&#8221;Qual indica\u00e7\u00e3o das lentes ZEISS Progressive Light 3D?&#8221; tab_id=&#8221;1534248175097-4f566bf6-e50d&#8221;][vc_column_text]<\/p>\n<p style=\"text-align: justify;\">Indicada para usu\u00e1rios que necessitam de uma vis\u00e3o n\u00edtida em qualquer dist\u00e2ncia. A ZEISS Light 3D oferece a melhor adapta\u00e7\u00e3o do usu\u00e1rio devido ao seu desenho otimizado para todas as dist\u00e2ncias. A ZEISS garante que o design tenha uma sincroniza\u00e7\u00e3o ainda mais precisa entre o olho Esquerdo e o Direito, oferendo melhor percep\u00e7\u00e3o de espa\u00e7o, profundidade e experi\u00eancia de leitura aprimorada (devido \u00e1 vis\u00e3o binocular aumentada).<\/p>\n<p>[\/vc_column_text][\/vc_tta_section][\/vc_tta_accordion][\/vc_column][\/vc_row]<\/p>\n","protected":false},"excerpt":{"rendered":"<p>[vc_row][vc_column][vc_empty_space][vc_text_separator title=&#8221;PERGUNTAS FREQUENTES&#8221; border_width=&#8221;2&#8243;][vc_empty_space][vc_tta_accordion active_section=&#8221;1&#8243; style=&#8221;flat&#8221;][vc_tta_section title=&#8221;Onde comprar lentes no melhor pre\u00e7o?&#8221; tab_id=&#8221;1534247493640-54edac93-5484&#8243;][vc_column_text] Somente a \u00d3ticas New oferece a voc\u00ea os melhores pre\u00e7os nos mais diversos tipos de lentes. A \u00d3ticas New est\u00e1 localizada em Santo Andr\u00e9, em local de f\u00e1cil acesso pelas principais cidades do Grande ABC, incluindo S\u00e3o Bernardo do Campo, S\u00e3o Caetano [&hellip;]<\/p>\n","protected":false},"author":1,"featured_media":0,"parent":0,"menu_order":0,"comment_status":"closed","ping_status":"closed","template":"","meta":{"_mi_skip_tracking":false},"yoast_head":"<!-- This site is optimized with the Yoast SEO plugin v18.0 - https:\/\/yoast.com\/wordpress\/plugins\/seo\/ -->\n<title>Perguntas frequentes - \u00d3ticas new | (11) 4976-4186<\/title>\n<meta name=\"robots\" content=\"index, follow, max-snippet:-1, max-image-preview:large, max-video-preview:-1\" \/>\n<link rel=\"canonical\" href=\"https:\/\/oticasnew.com.br\/web\/perguntas-frequentes\/\" \/>\n<meta property=\"og:locale\" content=\"en_US\" \/>\n<meta property=\"og:type\" content=\"article\" \/>\n<meta property=\"og:title\" content=\"Perguntas frequentes - \u00d3ticas new | (11) 4976-4186\" \/>\n<meta property=\"og:description\" content=\"[vc_row][vc_column][vc_empty_space][vc_text_separator title=&#8221;PERGUNTAS FREQUENTES&#8221; border_width=&#8221;2&#8243;][vc_empty_space][vc_tta_accordion active_section=&#8221;1&#8243; style=&#8221;flat&#8221;][vc_tta_section title=&#8221;Onde comprar lentes no melhor pre\u00e7o?&#8221; tab_id=&#8221;1534247493640-54edac93-5484&#8243;][vc_column_text] Somente a \u00d3ticas New oferece a voc\u00ea os melhores pre\u00e7os nos mais diversos tipos de lentes. A \u00d3ticas New est\u00e1 localizada em Santo Andr\u00e9, em local de f\u00e1cil acesso pelas principais cidades do Grande ABC, incluindo S\u00e3o Bernardo do Campo, S\u00e3o Caetano [&hellip;]\" \/>\n<meta property=\"og:url\" content=\"https:\/\/oticasnew.com.br\/web\/perguntas-frequentes\/\" \/>\n<meta property=\"og:site_name\" content=\"Oticas New\" \/>\n<meta property=\"article:modified_time\" content=\"2026-04-24T14:59:49+00:00\" \/>\n<meta name=\"twitter:card\" content=\"summary_large_image\" \/>\n<meta name=\"twitter:label1\" content=\"Est. reading time\" \/>\n\t<meta name=\"twitter:data1\" content=\"8 minutes\" \/>\n<script type=\"application\/ld+json\" class=\"yoast-schema-graph\">{\"@context\":\"https:\/\/schema.org\",\"@graph\":[{\"@type\":\"WebSite\",\"@id\":\"https:\/\/oticasnew.com.br\/web\/#website\",\"url\":\"https:\/\/oticasnew.com.br\/web\/\",\"name\":\"Oticas New\",\"description\":\"\",\"potentialAction\":[{\"@type\":\"SearchAction\",\"target\":{\"@type\":\"EntryPoint\",\"urlTemplate\":\"https:\/\/oticasnew.com.br\/web\/?s={search_term_string}\"},\"query-input\":\"required name=search_term_string\"}],\"inLanguage\":\"en-US\"},{\"@type\":\"WebPage\",\"@id\":\"https:\/\/oticasnew.com.br\/web\/perguntas-frequentes\/#webpage\",\"url\":\"https:\/\/oticasnew.com.br\/web\/perguntas-frequentes\/\",\"name\":\"Perguntas frequentes - \u00d3ticas new | (11) 4976-4186\",\"isPartOf\":{\"@id\":\"https:\/\/oticasnew.com.br\/web\/#website\"},\"datePublished\":\"2018-08-14T12:04:46+00:00\",\"dateModified\":\"2026-04-24T14:59:49+00:00\",\"breadcrumb\":{\"@id\":\"https:\/\/oticasnew.com.br\/web\/perguntas-frequentes\/#breadcrumb\"},\"inLanguage\":\"en-US\",\"potentialAction\":[{\"@type\":\"ReadAction\",\"target\":[\"https:\/\/oticasnew.com.br\/web\/perguntas-frequentes\/\"]}]},{\"@type\":\"BreadcrumbList\",\"@id\":\"https:\/\/oticasnew.com.br\/web\/perguntas-frequentes\/#breadcrumb\",\"itemListElement\":[{\"@type\":\"ListItem\",\"position\":1,\"name\":\"Home\",\"item\":\"https:\/\/oticasnew.com.br\/web\/\"},{\"@type\":\"ListItem\",\"position\":2,\"name\":\"Perguntas frequentes\"}]}]}<\/script>\n<!-- \/ Yoast SEO plugin. -->","yoast_head_json":{"title":"Perguntas frequentes - \u00d3ticas new | (11) 4976-4186","robots":{"index":"index","follow":"follow","max-snippet":"max-snippet:-1","max-image-preview":"max-image-preview:large","max-video-preview":"max-video-preview:-1"},"canonical":"https:\/\/oticasnew.com.br\/web\/perguntas-frequentes\/","og_locale":"en_US","og_type":"article","og_title":"Perguntas frequentes - \u00d3ticas new | (11) 4976-4186","og_description":"[vc_row][vc_column][vc_empty_space][vc_text_separator title=&#8221;PERGUNTAS FREQUENTES&#8221; border_width=&#8221;2&#8243;][vc_empty_space][vc_tta_accordion active_section=&#8221;1&#8243; style=&#8221;flat&#8221;][vc_tta_section title=&#8221;Onde comprar lentes no melhor pre\u00e7o?&#8221; tab_id=&#8221;1534247493640-54edac93-5484&#8243;][vc_column_text] Somente a \u00d3ticas New oferece a voc\u00ea os melhores pre\u00e7os nos mais diversos tipos de lentes. A \u00d3ticas New est\u00e1 localizada em Santo Andr\u00e9, em local de f\u00e1cil acesso pelas principais cidades do Grande ABC, incluindo S\u00e3o Bernardo do Campo, S\u00e3o Caetano [&hellip;]","og_url":"https:\/\/oticasnew.com.br\/web\/perguntas-frequentes\/","og_site_name":"Oticas New","article_modified_time":"2026-04-24T14:59:49+00:00","twitter_card":"summary_large_image","twitter_misc":{"Est. reading time":"8 minutes"},"schema":{"@context":"https:\/\/schema.org","@graph":[{"@type":"WebSite","@id":"https:\/\/oticasnew.com.br\/web\/#website","url":"https:\/\/oticasnew.com.br\/web\/","name":"Oticas New","description":"","potentialAction":[{"@type":"SearchAction","target":{"@type":"EntryPoint","urlTemplate":"https:\/\/oticasnew.com.br\/web\/?s={search_term_string}"},"query-input":"required name=search_term_string"}],"inLanguage":"en-US"},{"@type":"WebPage","@id":"https:\/\/oticasnew.com.br\/web\/perguntas-frequentes\/#webpage","url":"https:\/\/oticasnew.com.br\/web\/perguntas-frequentes\/","name":"Perguntas frequentes - \u00d3ticas new | (11) 4976-4186","isPartOf":{"@id":"https:\/\/oticasnew.com.br\/web\/#website"},"datePublished":"2018-08-14T12:04:46+00:00","dateModified":"2026-04-24T14:59:49+00:00","breadcrumb":{"@id":"https:\/\/oticasnew.com.br\/web\/perguntas-frequentes\/#breadcrumb"},"inLanguage":"en-US","potentialAction":[{"@type":"ReadAction","target":["https:\/\/oticasnew.com.br\/web\/perguntas-frequentes\/"]}]},{"@type":"BreadcrumbList","@id":"https:\/\/oticasnew.com.br\/web\/perguntas-frequentes\/#breadcrumb","itemListElement":[{"@type":"ListItem","position":1,"name":"Home","item":"https:\/\/oticasnew.com.br\/web\/"},{"@type":"ListItem","position":2,"name":"Perguntas frequentes"}]}]}},"_links":{"self":[{"href":"https:\/\/oticasnew.com.br\/web\/wp-json\/wp\/v2\/pages\/75444"}],"collection":[{"href":"https:\/\/oticasnew.com.br\/web\/wp-json\/wp\/v2\/pages"}],"about":[{"href":"https:\/\/oticasnew.com.br\/web\/wp-json\/wp\/v2\/types\/page"}],"author":[{"embeddable":true,"href":"https:\/\/oticasnew.com.br\/web\/wp-json\/wp\/v2\/users\/1"}],"replies":[{"embeddable":true,"href":"https:\/\/oticasnew.com.br\/web\/wp-json\/wp\/v2\/comments?post=75444"}],"version-history":[{"count":12,"href":"https:\/\/oticasnew.com.br\/web\/wp-json\/wp\/v2\/pages\/75444\/revisions"}],"predecessor-version":[{"id":78250,"href":"https:\/\/oticasnew.com.br\/web\/wp-json\/wp\/v2\/pages\/75444\/revisions\/78250"}],"wp:attachment":[{"href":"https:\/\/oticasnew.com.br\/web\/wp-json\/wp\/v2\/media?parent=75444"}],"curies":[{"name":"wp","href":"https:\/\/api.w.org\/{rel}","templated":true}]}}