
{"id":75507,"date":"2018-09-19T17:26:19","date_gmt":"2018-09-19T17:26:19","guid":{"rendered":"http:\/\/oticasnew.com.br\/web\/?page_id=75507"},"modified":"2025-09-23T14:58:00","modified_gmt":"2025-09-23T14:58:00","slug":"otica-em-santo-andre","status":"publish","type":"page","link":"https:\/\/oticasnew.com.br\/web\/otica-em-santo-andre\/","title":{"rendered":"\u00d3tica em Santo Andr\u00e9"},"content":{"rendered":"<p>[vc_row][vc_column][vc_custom_heading text=&#8221;\u00d3tica em Santo Andr\u00e9&#8221; font_container=&#8221;tag:h2|text_align:center&#8221; use_theme_fonts=&#8221;yes&#8221;][\/vc_column][\/vc_row][vc_row][vc_column][vc_column_text]A <a href=\"httpss:\/\/oticasnew.com.br\/web\/\" target=\"_blank\" rel=\"noopener\">\u00d3ticas New<\/a> \u00e9 uma <strong><b>\u00d3tica em Santo Andr\u00e9 <\/b><\/strong>especializada em lentes multifocais, lentes para alta miopia e lentes de prote\u00e7\u00e3o luz azul (blue light).<\/p>\n<p>Somente na \u00d3ticas New \u00e9 poss\u00edvel encontrar os mais diversos tipos de lentes, com a melhor qualidade em produtos.<\/p>\n<p>A \u00d3tica\u00a0possui uma grande variedade de arma\u00e7\u00f5es para quase todos os gostos. S\u00e3o mais de 1000 modelos para combinar com o seu dia a dia.<\/p>\n<p>\u00d3tica\u00a0localizada na Av. Utinga, em Santo Andr\u00e9, especializada em arma\u00e7\u00f5es da atualidade, \u00f3culos de sol e lentes de todas as marcas e modelos.[\/vc_column_text][vc_empty_space][vc_separator][\/vc_column][\/vc_row][vc_row][vc_column][vc_empty_space][vc_column_text]A \u00d3tica em Santo Andr\u00e9 est\u00e1 localizada em Santo Andr\u00e9, em local de f\u00e1cil acesso pelas principais cidades do Grande ABC, incluindo S\u00e3o Bernardo do Campo, S\u00e3o Caetano do Sul, Mau\u00e1 e Diadema.<\/p>\n<p>Para saber mais sobre \u00d3tica\u00a0entre em contato conosco atrav\u00e9s dos telefones <a href=\"tel:1149764186\">(11) 4976-4186<\/a> | <a href=\"tel:11959116796\">(11) 95911-6796<\/a>.[\/vc_column_text][\/vc_column][\/vc_row]<\/p>\n","protected":false},"excerpt":{"rendered":"<p>[vc_row][vc_column][vc_custom_heading text=&#8221;\u00d3tica em Santo Andr\u00e9&#8221; font_container=&#8221;tag:h2|text_align:center&#8221; use_theme_fonts=&#8221;yes&#8221;][\/vc_column][\/vc_row][vc_row][vc_column][vc_column_text]A \u00d3ticas New \u00e9 uma \u00d3tica em Santo Andr\u00e9 especializada em lentes multifocais, lentes para alta miopia e lentes de prote\u00e7\u00e3o luz azul (blue light). Somente na \u00d3ticas New \u00e9 poss\u00edvel encontrar os mais diversos tipos de lentes, com a melhor qualidade em produtos. A \u00d3tica\u00a0possui uma grande variedade [&hellip;]<\/p>\n","protected":false},"author":1,"featured_media":0,"parent":0,"menu_order":0,"comment_status":"closed","ping_status":"closed","template":"","meta":{"_mi_skip_tracking":false},"yoast_head":"<!-- This site is optimized with the Yoast SEO plugin v18.0 - https:\/\/yoast.com\/wordpress\/plugins\/seo\/ -->\n<title>\u00d3tica em Santo Andr\u00e9 | \u00d3ticas New (11) 4976-4186<\/title>\n<meta name=\"description\" content=\"Se procura por uma \u00d3tica em Santo Andr\u00e9 entre em contato com a \u00d3ticas New pelos telefones: (11) 4976-4186 | (11) 95911-6796.\" \/>\n<meta name=\"robots\" content=\"index, follow, max-snippet:-1, max-image-preview:large, max-video-preview:-1\" \/>\n<link rel=\"canonical\" href=\"https:\/\/oticasnew.com.br\/web\/otica-em-santo-andre\/\" \/>\n<meta property=\"og:locale\" content=\"en_US\" \/>\n<meta property=\"og:type\" content=\"article\" \/>\n<meta property=\"og:title\" content=\"\u00d3tica em Santo Andr\u00e9 | \u00d3ticas New (11) 4976-4186\" \/>\n<meta property=\"og:description\" content=\"Se procura por uma \u00d3tica em Santo Andr\u00e9 entre em contato com a \u00d3ticas New pelos telefones: (11) 4976-4186 | (11) 95911-6796.\" \/>\n<meta property=\"og:url\" content=\"https:\/\/oticasnew.com.br\/web\/otica-em-santo-andre\/\" \/>\n<meta property=\"og:site_name\" content=\"Oticas New\" \/>\n<meta property=\"article:modified_time\" content=\"2025-09-23T14:58:00+00:00\" \/>\n<meta name=\"twitter:card\" content=\"summary_large_image\" \/>\n<meta name=\"twitter:label1\" content=\"Est. reading time\" \/>\n\t<meta name=\"twitter:data1\" content=\"1 minute\" \/>\n<script type=\"application\/ld+json\" class=\"yoast-schema-graph\">{\"@context\":\"https:\/\/schema.org\",\"@graph\":[{\"@type\":\"WebSite\",\"@id\":\"https:\/\/oticasnew.com.br\/web\/#website\",\"url\":\"https:\/\/oticasnew.com.br\/web\/\",\"name\":\"Oticas New\",\"description\":\"\",\"potentialAction\":[{\"@type\":\"SearchAction\",\"target\":{\"@type\":\"EntryPoint\",\"urlTemplate\":\"https:\/\/oticasnew.com.br\/web\/?s={search_term_string}\"},\"query-input\":\"required name=search_term_string\"}],\"inLanguage\":\"en-US\"},{\"@type\":\"WebPage\",\"@id\":\"https:\/\/oticasnew.com.br\/web\/otica-em-santo-andre\/#webpage\",\"url\":\"https:\/\/oticasnew.com.br\/web\/otica-em-santo-andre\/\",\"name\":\"\u00d3tica em Santo Andr\u00e9 | \u00d3ticas New (11) 4976-4186\",\"isPartOf\":{\"@id\":\"https:\/\/oticasnew.com.br\/web\/#website\"},\"datePublished\":\"2018-09-19T17:26:19+00:00\",\"dateModified\":\"2025-09-23T14:58:00+00:00\",\"description\":\"Se procura por uma \u00d3tica em Santo Andr\u00e9 entre em contato com a \u00d3ticas New pelos telefones: (11) 4976-4186 | (11) 95911-6796.\",\"breadcrumb\":{\"@id\":\"https:\/\/oticasnew.com.br\/web\/otica-em-santo-andre\/#breadcrumb\"},\"inLanguage\":\"en-US\",\"potentialAction\":[{\"@type\":\"ReadAction\",\"target\":[\"https:\/\/oticasnew.com.br\/web\/otica-em-santo-andre\/\"]}]},{\"@type\":\"BreadcrumbList\",\"@id\":\"https:\/\/oticasnew.com.br\/web\/otica-em-santo-andre\/#breadcrumb\",\"itemListElement\":[{\"@type\":\"ListItem\",\"position\":1,\"name\":\"Home\",\"item\":\"https:\/\/oticasnew.com.br\/web\/\"},{\"@type\":\"ListItem\",\"position\":2,\"name\":\"\u00d3tica em Santo Andr\u00e9\"}]}]}<\/script>\n<!-- \/ Yoast SEO plugin. -->","yoast_head_json":{"title":"\u00d3tica em Santo Andr\u00e9 | \u00d3ticas New (11) 4976-4186","description":"Se procura por uma \u00d3tica em Santo Andr\u00e9 entre em contato com a \u00d3ticas New pelos telefones: (11) 4976-4186 | (11) 95911-6796.","robots":{"index":"index","follow":"follow","max-snippet":"max-snippet:-1","max-image-preview":"max-image-preview:large","max-video-preview":"max-video-preview:-1"},"canonical":"https:\/\/oticasnew.com.br\/web\/otica-em-santo-andre\/","og_locale":"en_US","og_type":"article","og_title":"\u00d3tica em Santo Andr\u00e9 | \u00d3ticas New (11) 4976-4186","og_description":"Se procura por uma \u00d3tica em Santo Andr\u00e9 entre em contato com a \u00d3ticas New pelos telefones: (11) 4976-4186 | (11) 95911-6796.","og_url":"https:\/\/oticasnew.com.br\/web\/otica-em-santo-andre\/","og_site_name":"Oticas New","article_modified_time":"2025-09-23T14:58:00+00:00","twitter_card":"summary_large_image","twitter_misc":{"Est. reading time":"1 minute"},"schema":{"@context":"https:\/\/schema.org","@graph":[{"@type":"WebSite","@id":"https:\/\/oticasnew.com.br\/web\/#website","url":"https:\/\/oticasnew.com.br\/web\/","name":"Oticas New","description":"","potentialAction":[{"@type":"SearchAction","target":{"@type":"EntryPoint","urlTemplate":"https:\/\/oticasnew.com.br\/web\/?s={search_term_string}"},"query-input":"required name=search_term_string"}],"inLanguage":"en-US"},{"@type":"WebPage","@id":"https:\/\/oticasnew.com.br\/web\/otica-em-santo-andre\/#webpage","url":"https:\/\/oticasnew.com.br\/web\/otica-em-santo-andre\/","name":"\u00d3tica em Santo Andr\u00e9 | \u00d3ticas New (11) 4976-4186","isPartOf":{"@id":"https:\/\/oticasnew.com.br\/web\/#website"},"datePublished":"2018-09-19T17:26:19+00:00","dateModified":"2025-09-23T14:58:00+00:00","description":"Se procura por uma \u00d3tica em Santo Andr\u00e9 entre em contato com a \u00d3ticas New pelos telefones: (11) 4976-4186 | (11) 95911-6796.","breadcrumb":{"@id":"https:\/\/oticasnew.com.br\/web\/otica-em-santo-andre\/#breadcrumb"},"inLanguage":"en-US","potentialAction":[{"@type":"ReadAction","target":["https:\/\/oticasnew.com.br\/web\/otica-em-santo-andre\/"]}]},{"@type":"BreadcrumbList","@id":"https:\/\/oticasnew.com.br\/web\/otica-em-santo-andre\/#breadcrumb","itemListElement":[{"@type":"ListItem","position":1,"name":"Home","item":"https:\/\/oticasnew.com.br\/web\/"},{"@type":"ListItem","position":2,"name":"\u00d3tica em Santo Andr\u00e9"}]}]}},"_links":{"self":[{"href":"https:\/\/oticasnew.com.br\/web\/wp-json\/wp\/v2\/pages\/75507"}],"collection":[{"href":"https:\/\/oticasnew.com.br\/web\/wp-json\/wp\/v2\/pages"}],"about":[{"href":"https:\/\/oticasnew.com.br\/web\/wp-json\/wp\/v2\/types\/page"}],"author":[{"embeddable":true,"href":"https:\/\/oticasnew.com.br\/web\/wp-json\/wp\/v2\/users\/1"}],"replies":[{"embeddable":true,"href":"https:\/\/oticasnew.com.br\/web\/wp-json\/wp\/v2\/comments?post=75507"}],"version-history":[{"count":4,"href":"https:\/\/oticasnew.com.br\/web\/wp-json\/wp\/v2\/pages\/75507\/revisions"}],"predecessor-version":[{"id":78030,"href":"https:\/\/oticasnew.com.br\/web\/wp-json\/wp\/v2\/pages\/75507\/revisions\/78030"}],"wp:attachment":[{"href":"https:\/\/oticasnew.com.br\/web\/wp-json\/wp\/v2\/media?parent=75507"}],"curies":[{"name":"wp","href":"https:\/\/api.w.org\/{rel}","templated":true}]}}