
{"id":75870,"date":"2018-11-16T14:53:25","date_gmt":"2018-11-16T14:53:25","guid":{"rendered":"http:\/\/oticasnew.com.br\/web\/?page_id=75870"},"modified":"2022-07-08T18:08:42","modified_gmt":"2022-07-08T18:08:42","slug":"lentes-hb-antireflexo-1-56-visao-simples","status":"publish","type":"page","link":"https:\/\/oticasnew.com.br\/web\/lentes-hb-antireflexo-1-56-visao-simples\/","title":{"rendered":"Lentes hb antirreflexo 1.56 vis\u00e3o simples"},"content":{"rendered":"<p>[vc_row bg_type=&#8221;image&#8221; parallax_style=&#8221;vcpb-vz-jquery&#8221; bg_image_repeat=&#8221;no-repeat&#8221; bg_img_attach=&#8221;fixed&#8221; bg_override=&#8221;full&#8221; parallax_content=&#8221;parallax_content_value&#8221; fadeout_row=&#8221;fadeout_row_value&#8221; type=&#8221;full_width&#8221; css=&#8221;.vc_custom_1633544782160{padding-bottom: 300px !important;background-image: url(https:\/\/oticasnew.com.br\/web\/wp-content\/uploads\/2021\/09\/Oticas_New_Imagens_Site_Lentes_Antreflexo-scaled.jpg?id=76271) !important;background-position: center !important;background-repeat: no-repeat !important;background-size: cover !important;}&#8221;][vc_column][\/vc_column][\/vc_row][vc_row bg_type=&#8221;image&#8221; parallax_style=&#8221;vcpb-vz-jquery&#8221; bg_image_new=&#8221;id^75074|url^https:\/\/oticasnew.com.br\/web\/wp-content\/uploads\/2018\/05\/imgs-47.png|caption^null|alt^null|title^imgs-47|description^null&#8221; bg_image_repeat=&#8221;no-repeat&#8221; bg_img_attach=&#8221;fixed&#8221; bg_override=&#8221;full&#8221; parallax_content=&#8221;parallax_content_value&#8221; fadeout_row=&#8221;fadeout_row_value&#8221; type=&#8221;full_width&#8221;][vc_column][vc_custom_heading text=&#8221;HB ANTIRREFLEXO 1.56 &#8211; VIS\u00c3O SIMPLES&#8221; font_container=&#8221;tag:h1|text_align:center|color:%23083b7e&#8221; use_theme_fonts=&#8221;yes&#8221; css=&#8221;.vc_custom_1633544796332{border-bottom-width: px !important;border-bottom-color: #ffffff !important;border-bottom-style: solid !important;}&#8221;][vc_custom_heading text=&#8221;A melhor op\u00e7\u00e3o em lentes vis\u00e3o simples antirreflexo&#8221; font_container=&#8221;tag:h3|text_align:center|color:%23ff6500&#8243; use_theme_fonts=&#8221;yes&#8221;][\/vc_column][\/vc_row][vc_row type=&#8221;full_width&#8221; css=&#8221;.vc_custom_1632757348751{background-image: url(https:\/\/oticasnew.com.br\/web\/wp-content\/uploads\/2021\/09\/Oticas_New_Imagens_Site-1.png?id=76231) !important;background-position: center !important;background-repeat: no-repeat !important;background-size: cover !important;}&#8221;][vc_column css=&#8221;.vc_custom_1634911724261{padding-bottom: 15px !important;}&#8221; offset=&#8221;vc_hidden-md vc_hidden-sm&#8221;][vc_row_inner css=&#8221;.vc_custom_1522943851006{padding-top: 40px !important;padding-right: 50px !important;}&#8221;][vc_column_inner css=&#8221;.vc_custom_1522949370292{padding-left: 70px !important;}&#8221;][vc_column_text css_animation=&#8221;left-to-right&#8221; css=&#8221;.vc_custom_1542971674497{padding-top: 30px !important;padding-right: 50px !important;padding-left: 50px !important;}&#8221;]<\/p>\n<p style=\"font-size: 18px; text-align: center;\"><strong><span style=\"color: #ffffff;\">Benef\u00edcios das lentes HB antirreflexo:<\/span><\/strong><\/p>\n<p>[\/vc_column_text]<div class=\"smile_icon_list_wrap ult_info_list_container ult-adjust-bottom-margin   vc_custom_1520960906756\"><ul class=\"smile_icon_list top circle with_bg\"><li class=\"icon_list_item\" style=\" font-size:57px;\"><div class=\"icon_list_icon\" data-animation=\"fadeInUp\" data-animation-delay=\"03\" style=\"font-size:19px;border-width:1px;border-style:solid;background:#ffffff;color:#003376;border-color:#ffffff;\"><i class=\"Defaults-compress\" ><\/i><\/div><div class=\"icon_description\" id=\"Info-list-wrap-2576\" style=\"font-size:19px;\"><h3 class=\"ult-responsive\"  data-ultimate-target='#Info-list-wrap-2576 h3'  data-responsive-json-new='{\"font-size\":\"desktop:16px;\",\"line-height\":\"desktop:24px;\"}'  style=\"color:#ff6500;\">Reduz os reflexos indesejados<\/h3><div class=\"icon_description_text ult-responsive\"  data-ultimate-target='#Info-list-wrap-2576 .icon_description_text'  data-responsive-json-new='{\"font-size\":\"desktop:13px;\",\"line-height\":\"desktop:18px;\"}'  style=\"\"><\/div><\/div><div class=\"icon_list_connector\" data-animation=\"fadeInLeft\" data-animation-delay=\"03\" style=\"border-color:#ffffff;\"><\/div><\/li><li class=\"icon_list_item\" style=\" font-size:57px;\"><div class=\"icon_list_icon\" data-animation=\"fadeInUp\" data-animation-delay=\"03\" style=\"font-size:19px;border-width:1px;border-style:solid;background:#ffffff;color:#003376;border-color:#ffffff;\"><i class=\"Defaults-leaf\" ><\/i><\/div><div class=\"icon_description\" id=\"Info-list-wrap-8034\" style=\"font-size:19px;\"><h3 class=\"ult-responsive\"  data-ultimate-target='#Info-list-wrap-8034 h3'  data-responsive-json-new='{\"font-size\":\"desktop:16px;\",\"line-height\":\"desktop:24px;\"}'  style=\"color:#ff6500;\">Melhora a est\u00e9tica<\/h3><div class=\"icon_description_text ult-responsive\"  data-ultimate-target='#Info-list-wrap-8034 .icon_description_text'  data-responsive-json-new='{\"font-size\":\"desktop:13px;\",\"line-height\":\"desktop:18px;\"}'  style=\"\"><\/div><\/div><div class=\"icon_list_connector\" data-animation=\"fadeInLeft\" data-animation-delay=\"03\" style=\"border-color:#ffffff;\"><\/div><\/li><li class=\"icon_list_item\" style=\" font-size:57px;\"><div class=\"icon_list_icon\" data-animation=\"fadeInUp\" data-animation-delay=\"03\" style=\"font-size:19px;border-width:1px;border-style:solid;background:#ffffff;color:#003376;border-color:#ffffff;\"><i class=\"Defaults-shield\" ><\/i><\/div><div class=\"icon_description\" id=\"Info-list-wrap-6652\" style=\"font-size:19px;\"><h3 class=\"ult-responsive\"  data-ultimate-target='#Info-list-wrap-6652 h3'  data-responsive-json-new='{\"font-size\":\"desktop:16px;\",\"line-height\":\"desktop:24px;\"}'  style=\"color:#ff6500;\">Mais resistente a arranh\u00f5es<\/h3><div class=\"icon_description_text ult-responsive\"  data-ultimate-target='#Info-list-wrap-6652 .icon_description_text'  data-responsive-json-new='{\"font-size\":\"desktop:13px;\",\"line-height\":\"desktop:18px;\"}'  style=\"\"><\/div><\/div><div class=\"icon_list_connector\" data-animation=\"fadeInLeft\" data-animation-delay=\"03\" style=\"border-color:#ffffff;\"><\/div><\/li><\/ul><\/div><div class=\"smile_icon_list_wrap ult_info_list_container ult-adjust-bottom-margin   vc_custom_1520960906756\"><ul class=\"smile_icon_list top circle with_bg\"><li class=\"icon_list_item\" style=\" font-size:57px;\"><div class=\"icon_list_icon\" data-animation=\"fadeInUp\" data-animation-delay=\"03\" style=\"font-size:19px;border-width:1px;border-style:solid;background:#ffffff;color:#003376;border-color:#ffffff;\"><i class=\"Defaults-flask\" ><\/i><\/div><div class=\"icon_description\" id=\"Info-list-wrap-2906\" style=\"font-size:19px;\"><h3 class=\"ult-responsive\"  data-ultimate-target='#Info-list-wrap-2906 h3'  data-responsive-json-new='{\"font-size\":\"desktop:16px;\",\"line-height\":\"desktop:24px;\"}'  style=\"color:#ff6500;\">Mais resistente a manchas<\/h3><div class=\"icon_description_text ult-responsive\"  data-ultimate-target='#Info-list-wrap-2906 .icon_description_text'  data-responsive-json-new='{\"font-size\":\"desktop:13px;\",\"line-height\":\"desktop:18px;\"}'  style=\"\"><\/div><\/div><div class=\"icon_list_connector\" data-animation=\"fadeInLeft\" data-animation-delay=\"03\" style=\"border-color:#ffffff;\"><\/div><\/li><li class=\"icon_list_item\" style=\" font-size:57px;\"><div class=\"icon_list_icon\" data-animation=\"fadeInUp\" data-animation-delay=\"03\" style=\"font-size:19px;border-width:1px;border-style:solid;background:#ffffff;color:#003376;border-color:#ffffff;\"><i class=\"Defaults-lightbulb-o\" ><\/i><\/div><div class=\"icon_description\" id=\"Info-list-wrap-6016\" style=\"font-size:19px;\"><h3 class=\"ult-responsive\"  data-ultimate-target='#Info-list-wrap-6016 h3'  data-responsive-json-new='{\"font-size\":\"desktop:16px;\",\"line-height\":\"desktop:24px;\"}'  style=\"color:#ff6500;\">Prote\u00e7\u00e3o UV<\/h3><div class=\"icon_description_text ult-responsive\"  data-ultimate-target='#Info-list-wrap-6016 .icon_description_text'  data-responsive-json-new='{\"font-size\":\"desktop:13px;\",\"line-height\":\"desktop:18px;\"}'  style=\"\"><\/div><\/div><div class=\"icon_list_connector\" data-animation=\"fadeInLeft\" data-animation-delay=\"03\" style=\"border-color:#ffffff;\"><\/div><\/li><\/ul><\/div>[vc_column_text css_animation=&#8221;left-to-right&#8221; css=&#8221;.vc_custom_1542971745987{padding-top: 30px !important;padding-right: 50px !important;padding-left: 50px !important;}&#8221;]<\/p>\n<p style=\"text-align: center;\"><span style=\"color: #ffffff;\"><strong>Disponibilidades de grau:<\/strong><\/span><\/p>\n<p style=\"text-align: center;\"><span style=\"color: #ffffff;\">+4,00 a -4,00 no grau esf\u00e9rico e at\u00e9 -2,00 no grau cil\u00edndrico.<\/span><\/p>\n<p>[\/vc_column_text][\/vc_column_inner][\/vc_row_inner][\/vc_column][\/vc_row][vc_row][vc_column]<div id=\"modal-trg-txt-wrap-1123\" class=\"ult-modal-input-wrapper ult-adjust-bottom-margin    \" data-keypress-control=\"keypress-control-enable\" data-overlay-control=\"overlay-control-enable\"><div data-class-id=\"content-69e21d35a385e9-10714018\" class=\"ult-onload overlay-show \" data-overlay-class=\"overlay-cornerbottomleft\" data-onload-delay=\"2\"><\/div><\/div>\n<div class=\"ult-overlay content-69e21d35a385e9-10714018 \" data-class=\"content-69e21d35a385e9-10714018\" id=\"button-click-overlay\" style=\"background:rgba(255,255,255,0.01); display:none;\">\n\t<div class=\"ult_modal ult-fade ult-medium\">\n\t<div class=\"ult-overlay-close popup-edge-top-left\" style=\"width:15px;height:15px; background-color: #ea9c00;border-radius: 50%;padding:10px;box-sizing: content-box; top:-17.5px;left:-17.5px;\"><div class=\"ult-overlay-close-inside\">Close<\/div><\/div>\n\t\t<div id=\"ult-modal-wrap-3764\" class=\"ult_modal-content ult-hide\" style=\"border-style:solid;border-width:0px;border-radius:0px;border-color:;\">\n\t\t\t<div  data-ultimate-target='#ult-modal-wrap-3764 .ult_modal-body'  data-responsive-json-new='{\"font-size\":\"\",\"line-height\":\"\"}'  class=\"ult_modal-body ult-responsive ult-html\" style=\"\">\n\t\t\t<a href=\"httpss:\/\/api.whatsapp.com\/send?phone=5511959116796\" target=\"_blank\" rel=\"noopener\"><img loading=\"lazy\" class=\"alignnone wp-image-75055\" src=\"https:\/\/oticasnew.com.br\/web\/wp-content\/uploads\/2018\/05\/whatsapp.png\" alt=\"\" width=\"184\" height=\"76\" \/><\/a>\n\t\t\t<\/div>\n\t<\/div>\n\t<\/div>\n<\/div>[\/vc_column][\/vc_row][vc_row][vc_column][vc_single_image image=&#8221;75884&#8243; img_size=&#8221;full&#8221; alignment=&#8221;center&#8221; css_animation=&#8221;top-to-bottom&#8221;][vc_empty_space height=&#8221;50&#8243;][vc_column_text]<\/p>\n<p style=\"text-align: center;\"><span style=\"vertical-align: inherit;\"><span style=\"vertical-align: inherit;\">A <\/span><\/span><a href=\"https:\/\/oticasnew.com.br\/web\" target=\"_blank\" rel=\"noopener\"><span style=\"vertical-align: inherit;\"><span style=\"vertical-align: inherit;\">\u00d3ticas New<\/span><\/span><\/a><span style=\"vertical-align: inherit;\"><span style=\"vertical-align: inherit;\"> est\u00e1 localizada em Santo Andr\u00e9, em local de f\u00e1cil acesso pelas principais cidades do Grande ABC, inclu\u00edndo S\u00e3o Bernardo do Campo, S\u00e3o Caetano do Sul, Mau\u00e1 e Diadema. Para saber mais sobre <\/span><\/span><strong><span style=\"color: #083b7e;\"><span style=\"vertical-align: inherit;\"><span style=\"vertical-align: inherit;\">Lentes hb antirreflexo<\/span><\/span><\/span><\/strong><span style=\"vertical-align: inherit;\"><span style=\"vertical-align: inherit;\"> entre em contato conosco atrav\u00e9s dos telefones (11) 4976-4186 | (11) 95911-6796.<\/span><\/span><\/p>\n<p><span style=\"vertical-align: inherit;\"><span style=\"vertical-align: inherit;\">[\/vc_column_text][\/vc_column][\/vc_row]<\/span><\/span><\/p>\n","protected":false},"excerpt":{"rendered":"<p>[vc_row bg_type=&#8221;image&#8221; parallax_style=&#8221;vcpb-vz-jquery&#8221; bg_image_repeat=&#8221;no-repeat&#8221; bg_img_attach=&#8221;fixed&#8221; bg_override=&#8221;full&#8221; parallax_content=&#8221;parallax_content_value&#8221; fadeout_row=&#8221;fadeout_row_value&#8221; type=&#8221;full_width&#8221; css=&#8221;.vc_custom_1633544782160{padding-bottom: 300px !important;background-image: url(https:\/\/oticasnew.com.br\/web\/wp-content\/uploads\/2021\/09\/Oticas_New_Imagens_Site_Lentes_Antreflexo-scaled.jpg?id=76271) !important;background-position: center !important;background-repeat: no-repeat !important;background-size: cover !important;}&#8221;][vc_column][\/vc_column][\/vc_row][vc_row bg_type=&#8221;image&#8221; parallax_style=&#8221;vcpb-vz-jquery&#8221; bg_image_new=&#8221;id^75074|url^https:\/\/oticasnew.com.br\/web\/wp-content\/uploads\/2018\/05\/imgs-47.png|caption^null|alt^null|title^imgs-47|description^null&#8221; bg_image_repeat=&#8221;no-repeat&#8221; bg_img_attach=&#8221;fixed&#8221; bg_override=&#8221;full&#8221; parallax_content=&#8221;parallax_content_value&#8221; fadeout_row=&#8221;fadeout_row_value&#8221; type=&#8221;full_width&#8221;][vc_column][vc_custom_heading text=&#8221;HB ANTIRREFLEXO 1.56 &#8211; VIS\u00c3O SIMPLES&#8221; font_container=&#8221;tag:h1|text_align:center|color:%23083b7e&#8221; use_theme_fonts=&#8221;yes&#8221; css=&#8221;.vc_custom_1633544796332{border-bottom-width: px !important;border-bottom-color: #ffffff !important;border-bottom-style: solid !important;}&#8221;][vc_custom_heading text=&#8221;A melhor op\u00e7\u00e3o em lentes vis\u00e3o simples antirreflexo&#8221; font_container=&#8221;tag:h3|text_align:center|color:%23ff6500&#8243; use_theme_fonts=&#8221;yes&#8221;][\/vc_column][\/vc_row][vc_row type=&#8221;full_width&#8221; [&hellip;]<\/p>\n","protected":false},"author":1,"featured_media":0,"parent":0,"menu_order":0,"comment_status":"closed","ping_status":"closed","template":"","meta":{"_mi_skip_tracking":false},"yoast_head":"<!-- This site is optimized with the Yoast SEO plugin v18.0 - https:\/\/yoast.com\/wordpress\/plugins\/seo\/ -->\n<title>Lentes HB antirreflexo 1.56 vis\u00e3o simples - \u00d3ticas new | (11) 4976-4186<\/title>\n<meta name=\"description\" content=\"As lentes HB antirreflexo 1.56 vis\u00e3o simples s\u00e3o as melhores op\u00e7\u00f5es. Comprar Lentes HB antirreflexo \u00e9 na \u00d3ticas New!\" \/>\n<meta name=\"robots\" content=\"index, follow, max-snippet:-1, max-image-preview:large, max-video-preview:-1\" \/>\n<link rel=\"canonical\" href=\"https:\/\/oticasnew.com.br\/web\/lentes-hb-antireflexo-1-56-visao-simples\/\" \/>\n<meta property=\"og:locale\" content=\"en_US\" \/>\n<meta property=\"og:type\" content=\"article\" \/>\n<meta property=\"og:title\" content=\"Lentes HB antirreflexo 1.56 vis\u00e3o simples - \u00d3ticas new | (11) 4976-4186\" \/>\n<meta property=\"og:description\" content=\"As lentes HB antirreflexo 1.56 vis\u00e3o simples s\u00e3o as melhores op\u00e7\u00f5es. Comprar Lentes HB antirreflexo \u00e9 na \u00d3ticas New!\" \/>\n<meta property=\"og:url\" content=\"https:\/\/oticasnew.com.br\/web\/lentes-hb-antireflexo-1-56-visao-simples\/\" \/>\n<meta property=\"og:site_name\" content=\"Oticas New\" \/>\n<meta property=\"article:modified_time\" content=\"2022-07-08T18:08:42+00:00\" \/>\n<meta property=\"og:image\" content=\"https:\/\/oticasnew.com.br\/web\/wp-content\/uploads\/2018\/05\/whatsapp.png\" \/>\n<meta name=\"twitter:card\" content=\"summary_large_image\" \/>\n<meta name=\"twitter:label1\" content=\"Est. reading time\" \/>\n\t<meta name=\"twitter:data1\" content=\"2 minutes\" \/>\n<script type=\"application\/ld+json\" class=\"yoast-schema-graph\">{\"@context\":\"https:\/\/schema.org\",\"@graph\":[{\"@type\":\"WebSite\",\"@id\":\"https:\/\/oticasnew.com.br\/web\/#website\",\"url\":\"https:\/\/oticasnew.com.br\/web\/\",\"name\":\"Oticas New\",\"description\":\"\",\"potentialAction\":[{\"@type\":\"SearchAction\",\"target\":{\"@type\":\"EntryPoint\",\"urlTemplate\":\"https:\/\/oticasnew.com.br\/web\/?s={search_term_string}\"},\"query-input\":\"required name=search_term_string\"}],\"inLanguage\":\"en-US\"},{\"@type\":\"ImageObject\",\"@id\":\"https:\/\/oticasnew.com.br\/web\/lentes-hb-antireflexo-1-56-visao-simples\/#primaryimage\",\"inLanguage\":\"en-US\",\"url\":\"https:\/\/oticasnew.com.br\/web\/wp-content\/uploads\/2018\/05\/whatsapp.png\",\"contentUrl\":\"https:\/\/oticasnew.com.br\/web\/wp-content\/uploads\/2018\/05\/whatsapp.png\",\"width\":387,\"height\":160},{\"@type\":\"WebPage\",\"@id\":\"https:\/\/oticasnew.com.br\/web\/lentes-hb-antireflexo-1-56-visao-simples\/#webpage\",\"url\":\"https:\/\/oticasnew.com.br\/web\/lentes-hb-antireflexo-1-56-visao-simples\/\",\"name\":\"Lentes HB antirreflexo 1.56 vis\u00e3o simples - \u00d3ticas new | (11) 4976-4186\",\"isPartOf\":{\"@id\":\"https:\/\/oticasnew.com.br\/web\/#website\"},\"primaryImageOfPage\":{\"@id\":\"https:\/\/oticasnew.com.br\/web\/lentes-hb-antireflexo-1-56-visao-simples\/#primaryimage\"},\"datePublished\":\"2018-11-16T14:53:25+00:00\",\"dateModified\":\"2022-07-08T18:08:42+00:00\",\"description\":\"As lentes HB antirreflexo 1.56 vis\u00e3o simples s\u00e3o as melhores op\u00e7\u00f5es. Comprar Lentes HB antirreflexo \u00e9 na \u00d3ticas New!\",\"breadcrumb\":{\"@id\":\"https:\/\/oticasnew.com.br\/web\/lentes-hb-antireflexo-1-56-visao-simples\/#breadcrumb\"},\"inLanguage\":\"en-US\",\"potentialAction\":[{\"@type\":\"ReadAction\",\"target\":[\"https:\/\/oticasnew.com.br\/web\/lentes-hb-antireflexo-1-56-visao-simples\/\"]}]},{\"@type\":\"BreadcrumbList\",\"@id\":\"https:\/\/oticasnew.com.br\/web\/lentes-hb-antireflexo-1-56-visao-simples\/#breadcrumb\",\"itemListElement\":[{\"@type\":\"ListItem\",\"position\":1,\"name\":\"Home\",\"item\":\"https:\/\/oticasnew.com.br\/web\/\"},{\"@type\":\"ListItem\",\"position\":2,\"name\":\"Lentes hb antirreflexo 1.56 vis\u00e3o simples\"}]}]}<\/script>\n<!-- \/ Yoast SEO plugin. -->","yoast_head_json":{"title":"Lentes HB antirreflexo 1.56 vis\u00e3o simples - \u00d3ticas new | (11) 4976-4186","description":"As lentes HB antirreflexo 1.56 vis\u00e3o simples s\u00e3o as melhores op\u00e7\u00f5es. Comprar Lentes HB antirreflexo \u00e9 na \u00d3ticas New!","robots":{"index":"index","follow":"follow","max-snippet":"max-snippet:-1","max-image-preview":"max-image-preview:large","max-video-preview":"max-video-preview:-1"},"canonical":"https:\/\/oticasnew.com.br\/web\/lentes-hb-antireflexo-1-56-visao-simples\/","og_locale":"en_US","og_type":"article","og_title":"Lentes HB antirreflexo 1.56 vis\u00e3o simples - \u00d3ticas new | (11) 4976-4186","og_description":"As lentes HB antirreflexo 1.56 vis\u00e3o simples s\u00e3o as melhores op\u00e7\u00f5es. Comprar Lentes HB antirreflexo \u00e9 na \u00d3ticas New!","og_url":"https:\/\/oticasnew.com.br\/web\/lentes-hb-antireflexo-1-56-visao-simples\/","og_site_name":"Oticas New","article_modified_time":"2022-07-08T18:08:42+00:00","og_image":[{"url":"https:\/\/oticasnew.com.br\/web\/wp-content\/uploads\/2018\/05\/whatsapp.png"}],"twitter_card":"summary_large_image","twitter_misc":{"Est. reading time":"2 minutes"},"schema":{"@context":"https:\/\/schema.org","@graph":[{"@type":"WebSite","@id":"https:\/\/oticasnew.com.br\/web\/#website","url":"https:\/\/oticasnew.com.br\/web\/","name":"Oticas New","description":"","potentialAction":[{"@type":"SearchAction","target":{"@type":"EntryPoint","urlTemplate":"https:\/\/oticasnew.com.br\/web\/?s={search_term_string}"},"query-input":"required name=search_term_string"}],"inLanguage":"en-US"},{"@type":"ImageObject","@id":"https:\/\/oticasnew.com.br\/web\/lentes-hb-antireflexo-1-56-visao-simples\/#primaryimage","inLanguage":"en-US","url":"https:\/\/oticasnew.com.br\/web\/wp-content\/uploads\/2018\/05\/whatsapp.png","contentUrl":"https:\/\/oticasnew.com.br\/web\/wp-content\/uploads\/2018\/05\/whatsapp.png","width":387,"height":160},{"@type":"WebPage","@id":"https:\/\/oticasnew.com.br\/web\/lentes-hb-antireflexo-1-56-visao-simples\/#webpage","url":"https:\/\/oticasnew.com.br\/web\/lentes-hb-antireflexo-1-56-visao-simples\/","name":"Lentes HB antirreflexo 1.56 vis\u00e3o simples - \u00d3ticas new | (11) 4976-4186","isPartOf":{"@id":"https:\/\/oticasnew.com.br\/web\/#website"},"primaryImageOfPage":{"@id":"https:\/\/oticasnew.com.br\/web\/lentes-hb-antireflexo-1-56-visao-simples\/#primaryimage"},"datePublished":"2018-11-16T14:53:25+00:00","dateModified":"2022-07-08T18:08:42+00:00","description":"As lentes HB antirreflexo 1.56 vis\u00e3o simples s\u00e3o as melhores op\u00e7\u00f5es. Comprar Lentes HB antirreflexo \u00e9 na \u00d3ticas New!","breadcrumb":{"@id":"https:\/\/oticasnew.com.br\/web\/lentes-hb-antireflexo-1-56-visao-simples\/#breadcrumb"},"inLanguage":"en-US","potentialAction":[{"@type":"ReadAction","target":["https:\/\/oticasnew.com.br\/web\/lentes-hb-antireflexo-1-56-visao-simples\/"]}]},{"@type":"BreadcrumbList","@id":"https:\/\/oticasnew.com.br\/web\/lentes-hb-antireflexo-1-56-visao-simples\/#breadcrumb","itemListElement":[{"@type":"ListItem","position":1,"name":"Home","item":"https:\/\/oticasnew.com.br\/web\/"},{"@type":"ListItem","position":2,"name":"Lentes hb antirreflexo 1.56 vis\u00e3o simples"}]}]}},"_links":{"self":[{"href":"https:\/\/oticasnew.com.br\/web\/wp-json\/wp\/v2\/pages\/75870"}],"collection":[{"href":"https:\/\/oticasnew.com.br\/web\/wp-json\/wp\/v2\/pages"}],"about":[{"href":"https:\/\/oticasnew.com.br\/web\/wp-json\/wp\/v2\/types\/page"}],"author":[{"embeddable":true,"href":"https:\/\/oticasnew.com.br\/web\/wp-json\/wp\/v2\/users\/1"}],"replies":[{"embeddable":true,"href":"https:\/\/oticasnew.com.br\/web\/wp-json\/wp\/v2\/comments?post=75870"}],"version-history":[{"count":25,"href":"https:\/\/oticasnew.com.br\/web\/wp-json\/wp\/v2\/pages\/75870\/revisions"}],"predecessor-version":[{"id":76464,"href":"https:\/\/oticasnew.com.br\/web\/wp-json\/wp\/v2\/pages\/75870\/revisions\/76464"}],"wp:attachment":[{"href":"https:\/\/oticasnew.com.br\/web\/wp-json\/wp\/v2\/media?parent=75870"}],"curies":[{"name":"wp","href":"https:\/\/api.w.org\/{rel}","templated":true}]}}