
{"id":76490,"date":"2022-03-10T12:59:13","date_gmt":"2022-03-10T12:59:13","guid":{"rendered":"http:\/\/oticasnew.com.br\/web\/?page_id=76490"},"modified":"2025-10-15T12:02:40","modified_gmt":"2025-10-15T12:02:40","slug":"lentes-hoya-no-abc","status":"publish","type":"page","link":"https:\/\/oticasnew.com.br\/web\/lentes-hoya-no-abc\/","title":{"rendered":"Lentes Hoya no ABC"},"content":{"rendered":"<p>[vc_row][vc_column][vc_column_text]<\/p>\n<h1 style=\"text-align: center;\">Lentes Hoya no ABC<\/h1>\n<p>A \u00d3ticas New busca desde 2006 criar uma rela\u00e7\u00e3o de confian\u00e7a com todos os clientes, trazendo sempre o melhor produto e custo-benef\u00edcio. Possu\u00edmos uma variada gama de op\u00e7\u00f5es em lentes, marcas e arma\u00e7\u00f5es te dando a liberdade de escolher o que combina mais com voc\u00ea. Dentro do nosso leque de produtos, trabalhamos com a marca de <strong>lentes Hoya no ABC<\/strong>, uma das melhores marcas do mercado. Conhecida mundialmente pela sua alta e inovadora tecnologia.<\/p>\n<p>A Hoya possui um sistema interligado ao Jap\u00e3o. As lentes s\u00e3o lapidadas em m\u00e1quinas digitais que dar\u00e3o um grau indicado para cada usu\u00e1rio. Do inicio ao final de todos os processos de produ\u00e7\u00e3o as lentes passam por v\u00e1rios controles de qualidade, garantindo 100% de precis\u00e3o. As<strong> lentes Hoya no ABC<\/strong> tamb\u00e9m possuem tratamento anti risco, que \u00e9 feito atrav\u00e9s de imers\u00e3o, o total encapsulamento da lente vai garantir a sua longa durabilidade.<\/p>\n<p>As <strong>lentes Hoya no ABC<\/strong> possuem antirreflexo, existem v\u00e1rios tipos de tratamentos, cada um deles atende a uma necessidade espec\u00edfica de cada cliente. Dentre eles est\u00e3o:<\/p>\n<p><strong>\u2022 Blue Control:<\/strong> para quem passa muitas horas diante de equipamentos eletr\u00f4nicos, como computadores, celulares e televis\u00f5es;<br \/>\n<strong>\u2022 Longlife:<\/strong> para quem busca m\u00e1xima resist\u00eancia. Este tratamento oferece o antiest\u00e1tico, que impede que part\u00edculas de poeira, geralmente provenientes da polui\u00e7\u00e3o das grandes cidades, se acumulem sobre as suas lentes e atrapalhem a sua vis\u00e3o.<\/p>\n<p>Todas estas aplica\u00e7\u00f5es s\u00e3o feitas pela Hoya por transfer\u00eancia i\u00f4nica, a cada lote de produ\u00e7\u00e3o s\u00e3o separadas algumas lentes que passam por uma bateria de testes de qualidade, onde s\u00e3o checadas tempo de vida, resist\u00eancia a riscos, e at\u00e9 a facilidade de limpeza das lentes. Equipamentos robotizados cortam as lentes milimetricamente para o encaixe perfeito na arma\u00e7\u00e3o. Ap\u00f3s uma inspe\u00e7\u00e3o visual minuciosa, as lentes recebem uma marca a laser, o que confere o DNA da Hoya.<\/p>\n<p>Existem diversos tipos de lente Hoya, como:<\/p>\n<p>\u2022 Lentes monofocais;<br \/>\n\u2022 Lentes progressivas;<br \/>\n\u2022 Lentes para uso em ambientes internos;<br \/>\n\u2022 Lentes especiais;<br \/>\n\u2022 Lentes fotossens\u00edveis;<br \/>\n\u2022 \u00d3culos de sol e lentes coloridas.<\/p>\n<p>Materiais das lentes Hoya:<\/p>\n<p>\u2022 \u00cdndice ultra-alto;<br \/>\n\u2022 Alto \u00cdndice 1,74;<br \/>\n\u2022 Alto \u00cdndice 1,67;<br \/>\n\u2022 Alto \u00cdndice 1,60;<br \/>\n\u2022 Resistente a impactos;<br \/>\n\u2022 Resina 1,50.<\/p>\n<p>Se interessou? Voc\u00ea encontra lentes marca Hoya aqui na \u00d3ticas New![\/vc_column_text][vc_empty_space height=&#8221;15px&#8221;][vc_separator][vc_empty_space height=&#8221;15px&#8221;][vc_column_text]<\/p>\n<p style=\"text-align: center;\"><span style=\"vertical-align: inherit;\">A <\/span><strong><a href=\"https:\/\/oticasnew.com.br\/web\/\" target=\"_blank\" rel=\"noopener\"><span style=\"vertical-align: inherit;\">\u00d3ticas New<\/span><\/a><\/strong><span style=\"vertical-align: inherit;\"> est\u00e1 localizada em Santo Andr\u00e9, em local de f\u00e1cil acesso pelas principais cidades do Grande ABC, incluindo S\u00e3o Bernardo do Campo, S\u00e3o Caetano do Sul, Mau\u00e1 e Diadema. Para saber mais sobre este ou outros produtos entre em contato conosco atrav\u00e9s dos telefones <strong><a href=\"tel:1149764186\">(11) 4976-4186<\/a> | <a href=\"tel:11959116796\">(11) 95911-6796<\/a><\/strong><strong>.<\/strong><\/span><\/p>\n<p>[\/vc_column_text][\/vc_column][\/vc_row]<\/p>\n","protected":false},"excerpt":{"rendered":"<p>[vc_row][vc_column][vc_column_text] Lentes Hoya no ABC A \u00d3ticas New busca desde 2006 criar uma rela\u00e7\u00e3o de confian\u00e7a com todos os clientes, trazendo sempre o melhor produto e custo-benef\u00edcio. Possu\u00edmos uma variada gama de op\u00e7\u00f5es em lentes, marcas e arma\u00e7\u00f5es te dando a liberdade de escolher o que combina mais com voc\u00ea. Dentro do nosso leque de [&hellip;]<\/p>\n","protected":false},"author":1,"featured_media":0,"parent":0,"menu_order":0,"comment_status":"closed","ping_status":"closed","template":"","meta":{"_mi_skip_tracking":false},"yoast_head":"<!-- This site is optimized with the Yoast SEO plugin v18.0 - https:\/\/yoast.com\/wordpress\/plugins\/seo\/ -->\n<title>Lentes Hoya no ABC - \u00d3ticas New - (11) 4976-4186<\/title>\n<meta name=\"description\" content=\"Para saber mais sobre as Lentes Hoya no ABC entre em contato com a \u00d3ticas New pelos telefones (11) 4976-4186 | (11) 95911-6796.\" \/>\n<meta name=\"robots\" content=\"index, follow, max-snippet:-1, max-image-preview:large, max-video-preview:-1\" \/>\n<link rel=\"canonical\" href=\"https:\/\/oticasnew.com.br\/web\/lentes-hoya-no-abc\/\" \/>\n<meta property=\"og:locale\" content=\"en_US\" \/>\n<meta property=\"og:type\" content=\"article\" \/>\n<meta property=\"og:title\" content=\"Lentes Hoya no ABC - \u00d3ticas New - (11) 4976-4186\" \/>\n<meta property=\"og:description\" content=\"Para saber mais sobre as Lentes Hoya no ABC entre em contato com a \u00d3ticas New pelos telefones (11) 4976-4186 | (11) 95911-6796.\" \/>\n<meta property=\"og:url\" content=\"https:\/\/oticasnew.com.br\/web\/lentes-hoya-no-abc\/\" \/>\n<meta property=\"og:site_name\" content=\"Oticas New\" \/>\n<meta property=\"article:modified_time\" content=\"2025-10-15T12:02:40+00:00\" \/>\n<meta name=\"twitter:card\" content=\"summary_large_image\" \/>\n<meta name=\"twitter:label1\" content=\"Est. reading time\" \/>\n\t<meta name=\"twitter:data1\" content=\"2 minutes\" \/>\n<script type=\"application\/ld+json\" class=\"yoast-schema-graph\">{\"@context\":\"https:\/\/schema.org\",\"@graph\":[{\"@type\":\"WebSite\",\"@id\":\"https:\/\/oticasnew.com.br\/web\/#website\",\"url\":\"https:\/\/oticasnew.com.br\/web\/\",\"name\":\"Oticas New\",\"description\":\"\",\"potentialAction\":[{\"@type\":\"SearchAction\",\"target\":{\"@type\":\"EntryPoint\",\"urlTemplate\":\"https:\/\/oticasnew.com.br\/web\/?s={search_term_string}\"},\"query-input\":\"required name=search_term_string\"}],\"inLanguage\":\"en-US\"},{\"@type\":\"WebPage\",\"@id\":\"https:\/\/oticasnew.com.br\/web\/lentes-hoya-no-abc\/#webpage\",\"url\":\"https:\/\/oticasnew.com.br\/web\/lentes-hoya-no-abc\/\",\"name\":\"Lentes Hoya no ABC - \u00d3ticas New - (11) 4976-4186\",\"isPartOf\":{\"@id\":\"https:\/\/oticasnew.com.br\/web\/#website\"},\"datePublished\":\"2022-03-10T12:59:13+00:00\",\"dateModified\":\"2025-10-15T12:02:40+00:00\",\"description\":\"Para saber mais sobre as Lentes Hoya no ABC entre em contato com a \u00d3ticas New pelos telefones (11) 4976-4186 | (11) 95911-6796.\",\"breadcrumb\":{\"@id\":\"https:\/\/oticasnew.com.br\/web\/lentes-hoya-no-abc\/#breadcrumb\"},\"inLanguage\":\"en-US\",\"potentialAction\":[{\"@type\":\"ReadAction\",\"target\":[\"https:\/\/oticasnew.com.br\/web\/lentes-hoya-no-abc\/\"]}]},{\"@type\":\"BreadcrumbList\",\"@id\":\"https:\/\/oticasnew.com.br\/web\/lentes-hoya-no-abc\/#breadcrumb\",\"itemListElement\":[{\"@type\":\"ListItem\",\"position\":1,\"name\":\"Home\",\"item\":\"https:\/\/oticasnew.com.br\/web\/\"},{\"@type\":\"ListItem\",\"position\":2,\"name\":\"Lentes Hoya no ABC\"}]}]}<\/script>\n<!-- \/ Yoast SEO plugin. -->","yoast_head_json":{"title":"Lentes Hoya no ABC - \u00d3ticas New - (11) 4976-4186","description":"Para saber mais sobre as Lentes Hoya no ABC entre em contato com a \u00d3ticas New pelos telefones (11) 4976-4186 | (11) 95911-6796.","robots":{"index":"index","follow":"follow","max-snippet":"max-snippet:-1","max-image-preview":"max-image-preview:large","max-video-preview":"max-video-preview:-1"},"canonical":"https:\/\/oticasnew.com.br\/web\/lentes-hoya-no-abc\/","og_locale":"en_US","og_type":"article","og_title":"Lentes Hoya no ABC - \u00d3ticas New - (11) 4976-4186","og_description":"Para saber mais sobre as Lentes Hoya no ABC entre em contato com a \u00d3ticas New pelos telefones (11) 4976-4186 | (11) 95911-6796.","og_url":"https:\/\/oticasnew.com.br\/web\/lentes-hoya-no-abc\/","og_site_name":"Oticas New","article_modified_time":"2025-10-15T12:02:40+00:00","twitter_card":"summary_large_image","twitter_misc":{"Est. reading time":"2 minutes"},"schema":{"@context":"https:\/\/schema.org","@graph":[{"@type":"WebSite","@id":"https:\/\/oticasnew.com.br\/web\/#website","url":"https:\/\/oticasnew.com.br\/web\/","name":"Oticas New","description":"","potentialAction":[{"@type":"SearchAction","target":{"@type":"EntryPoint","urlTemplate":"https:\/\/oticasnew.com.br\/web\/?s={search_term_string}"},"query-input":"required name=search_term_string"}],"inLanguage":"en-US"},{"@type":"WebPage","@id":"https:\/\/oticasnew.com.br\/web\/lentes-hoya-no-abc\/#webpage","url":"https:\/\/oticasnew.com.br\/web\/lentes-hoya-no-abc\/","name":"Lentes Hoya no ABC - \u00d3ticas New - (11) 4976-4186","isPartOf":{"@id":"https:\/\/oticasnew.com.br\/web\/#website"},"datePublished":"2022-03-10T12:59:13+00:00","dateModified":"2025-10-15T12:02:40+00:00","description":"Para saber mais sobre as Lentes Hoya no ABC entre em contato com a \u00d3ticas New pelos telefones (11) 4976-4186 | (11) 95911-6796.","breadcrumb":{"@id":"https:\/\/oticasnew.com.br\/web\/lentes-hoya-no-abc\/#breadcrumb"},"inLanguage":"en-US","potentialAction":[{"@type":"ReadAction","target":["https:\/\/oticasnew.com.br\/web\/lentes-hoya-no-abc\/"]}]},{"@type":"BreadcrumbList","@id":"https:\/\/oticasnew.com.br\/web\/lentes-hoya-no-abc\/#breadcrumb","itemListElement":[{"@type":"ListItem","position":1,"name":"Home","item":"https:\/\/oticasnew.com.br\/web\/"},{"@type":"ListItem","position":2,"name":"Lentes Hoya no ABC"}]}]}},"_links":{"self":[{"href":"https:\/\/oticasnew.com.br\/web\/wp-json\/wp\/v2\/pages\/76490"}],"collection":[{"href":"https:\/\/oticasnew.com.br\/web\/wp-json\/wp\/v2\/pages"}],"about":[{"href":"https:\/\/oticasnew.com.br\/web\/wp-json\/wp\/v2\/types\/page"}],"author":[{"embeddable":true,"href":"https:\/\/oticasnew.com.br\/web\/wp-json\/wp\/v2\/users\/1"}],"replies":[{"embeddable":true,"href":"https:\/\/oticasnew.com.br\/web\/wp-json\/wp\/v2\/comments?post=76490"}],"version-history":[{"count":2,"href":"https:\/\/oticasnew.com.br\/web\/wp-json\/wp\/v2\/pages\/76490\/revisions"}],"predecessor-version":[{"id":78090,"href":"https:\/\/oticasnew.com.br\/web\/wp-json\/wp\/v2\/pages\/76490\/revisions\/78090"}],"wp:attachment":[{"href":"https:\/\/oticasnew.com.br\/web\/wp-json\/wp\/v2\/media?parent=76490"}],"curies":[{"name":"wp","href":"https:\/\/api.w.org\/{rel}","templated":true}]}}