
{"id":76631,"date":"2022-03-16T14:03:45","date_gmt":"2022-03-16T14:03:45","guid":{"rendered":"http:\/\/oticasnew.com.br\/web\/?page_id=76631"},"modified":"2025-11-19T16:31:13","modified_gmt":"2025-11-19T16:31:13","slug":"lentes-de-alta-miopia","status":"publish","type":"page","link":"https:\/\/oticasnew.com.br\/web\/lentes-de-alta-miopia\/","title":{"rendered":"Lentes de Alta Miopia"},"content":{"rendered":"<p>[vc_row][vc_column][vc_column_text]<\/p>\n<h1 style=\"text-align: center;\">Lentes de Alta Miopia<\/h1>\n<p>Est\u00e1 precisando de <strong>lentes de alta miopia<\/strong>, mas n\u00e3o consegue achar um lugar que atenda sua necessidade? A \u00d3ticas New \u00e9 especialista e pode te ajudar!<\/p>\n<p>As <strong>lentes de alta miopia<\/strong> possuem \u00edndice de refra\u00e7\u00e3o mais elevados, como 1.67 e 1.74 e s\u00e3o usadas para corre\u00e7\u00e3o da vis\u00e3o de quem \u00e9 m\u00edope. As lentes de 1.67 s\u00e3o indicadas para as pessoas que possuem de -4 a -6 graus de miopia. J\u00e1 a 1.74 s\u00e3o lentes em resina mais finas no mercado e s\u00e3o indicadas para graus \u00e0 cima de 6 graus.<\/p>\n<p>As lentes para alta miopia s\u00e3o chamadas de lentes de alto \u00edndice de refra\u00e7\u00e3o. O \u00edndice de refra\u00e7\u00e3o quantifica o poder da mat\u00e9ria-prima da lente de mudar a dire\u00e7\u00e3o dos raios de luz e, assim, acertar o foco. Quanto maior a taxa do \u00edndice de refra\u00e7\u00e3o, menor a espessura necess\u00e1ria para dar nitidez \u00e0 vis\u00e3o. Como uma das caracter\u00edsticas das lentes para miopia \u00e9 ser fina no centro e grossa nas bordas, o \u00edndice de refra\u00e7\u00e3o \u00e9 ent\u00e3o o principal respons\u00e1vel por reduzir a espessura das lentes e minimizar o efeito fundo de garrafa.<\/p>\n<p>Existem dois tipos de materiais para as<strong> lentes de alta miopia<\/strong>, s\u00e3o eles:<\/p>\n<p><strong>Lente de Cristal:<\/strong> Que possui \u00edndices de refra\u00e7\u00e3o mais elevados, por\u00e9m por serem de vidros s\u00e3o pesadas e fr\u00e1geis, n\u00e3o s\u00e3o bem recomendadas.<\/p>\n<p><strong>Lentes de Resina:<\/strong> Tamb\u00e9m possuem um alto \u00edndice de refra\u00e7\u00e3o, mas por serem bem mais leves e resistentes s\u00e3o mais recomentadas para os casos de miopia. As Lentes tem como finalidade proporcionar uma vis\u00e3o mais clara e ampla, onde se permite a enxergar quem est\u00e1 a alguns metros de dist\u00e2ncia apenas focalizando em um ponto espec\u00edfico.<\/p>\n<p>As vantagens de utilizar as lentes para miopia de alto \u00edndice da \u00d3ticas New s\u00e3o:<\/p>\n<p>\u2022 F\u00e1cil adapta\u00e7\u00e3o;<br \/>\n\u2022 Convers\u00e3o r\u00e1pida e f\u00e1cil, n\u00e3o importando a lente anterior;<br \/>\n\u2022 Conforto e comodidade;<br \/>\n\u2022 Maior campo de vis\u00e3o.[\/vc_column_text][vc_empty_space height=&#8221;10px&#8221;][vc_separator][vc_column_text]<\/p>\n<p style=\"text-align: center;\">A <a href=\"https:\/\/oticasnew.com.br\/web\/\" target=\"_blank\" rel=\"noopener\"><strong>\u00d3ticas New<\/strong><\/a> est\u00e1 localizada em Santo Andr\u00e9, em local de f\u00e1cil acesso pelas principais cidades do Grande ABC, incluindo S\u00e3o Bernardo do Campo, S\u00e3o Caetano do Sul, Mau\u00e1 e Diadema. Para saber mais sobre os nossos produtos entre em contato conosco atrav\u00e9s dos telefones <strong><span style=\"vertical-align: inherit;\"><a href=\"tel:1149764186\">(11) 4976-4186<\/a> | <a href=\"tel:11959116796\">(11) 95911-6796<\/a><\/span><span style=\"vertical-align: inherit;\">.<\/span><\/strong><\/p>\n<p>[\/vc_column_text][vc_empty_space height=&#8221;15px&#8221;][\/vc_column][\/vc_row]<\/p>\n","protected":false},"excerpt":{"rendered":"<p>[vc_row][vc_column][vc_column_text] Lentes de Alta Miopia Est\u00e1 precisando de lentes de alta miopia, mas n\u00e3o consegue achar um lugar que atenda sua necessidade? A \u00d3ticas New \u00e9 especialista e pode te ajudar! As lentes de alta miopia possuem \u00edndice de refra\u00e7\u00e3o mais elevados, como 1.67 e 1.74 e s\u00e3o usadas para corre\u00e7\u00e3o da vis\u00e3o de quem [&hellip;]<\/p>\n","protected":false},"author":1,"featured_media":0,"parent":0,"menu_order":0,"comment_status":"closed","ping_status":"closed","template":"","meta":{"_mi_skip_tracking":false},"yoast_head":"<!-- This site is optimized with the Yoast SEO plugin v18.0 - https:\/\/yoast.com\/wordpress\/plugins\/seo\/ -->\n<title>Lentes de Alta Miopia - \u00d3ticas New - (11) 4976-4186<\/title>\n<meta name=\"description\" content=\"Para saber mais sobre Lentes de Alta Miopia entre em contato com a \u00d3ticas New pelos telefones (11) 4976-4186 | (11) 95911-6796.\" \/>\n<meta name=\"robots\" content=\"index, follow, max-snippet:-1, max-image-preview:large, max-video-preview:-1\" \/>\n<link rel=\"canonical\" href=\"https:\/\/oticasnew.com.br\/web\/lentes-de-alta-miopia\/\" \/>\n<meta property=\"og:locale\" content=\"en_US\" \/>\n<meta property=\"og:type\" content=\"article\" \/>\n<meta property=\"og:title\" content=\"Lentes de Alta Miopia - \u00d3ticas New - (11) 4976-4186\" \/>\n<meta property=\"og:description\" content=\"Para saber mais sobre Lentes de Alta Miopia entre em contato com a \u00d3ticas New pelos telefones (11) 4976-4186 | (11) 95911-6796.\" \/>\n<meta property=\"og:url\" content=\"https:\/\/oticasnew.com.br\/web\/lentes-de-alta-miopia\/\" \/>\n<meta property=\"og:site_name\" content=\"Oticas New\" \/>\n<meta property=\"article:modified_time\" content=\"2025-11-19T16:31:13+00:00\" \/>\n<meta name=\"twitter:card\" content=\"summary_large_image\" \/>\n<meta name=\"twitter:label1\" content=\"Est. reading time\" \/>\n\t<meta name=\"twitter:data1\" content=\"2 minutes\" \/>\n<script type=\"application\/ld+json\" class=\"yoast-schema-graph\">{\"@context\":\"https:\/\/schema.org\",\"@graph\":[{\"@type\":\"WebSite\",\"@id\":\"https:\/\/oticasnew.com.br\/web\/#website\",\"url\":\"https:\/\/oticasnew.com.br\/web\/\",\"name\":\"Oticas New\",\"description\":\"\",\"potentialAction\":[{\"@type\":\"SearchAction\",\"target\":{\"@type\":\"EntryPoint\",\"urlTemplate\":\"https:\/\/oticasnew.com.br\/web\/?s={search_term_string}\"},\"query-input\":\"required name=search_term_string\"}],\"inLanguage\":\"en-US\"},{\"@type\":\"WebPage\",\"@id\":\"https:\/\/oticasnew.com.br\/web\/lentes-de-alta-miopia\/#webpage\",\"url\":\"https:\/\/oticasnew.com.br\/web\/lentes-de-alta-miopia\/\",\"name\":\"Lentes de Alta Miopia - \u00d3ticas New - (11) 4976-4186\",\"isPartOf\":{\"@id\":\"https:\/\/oticasnew.com.br\/web\/#website\"},\"datePublished\":\"2022-03-16T14:03:45+00:00\",\"dateModified\":\"2025-11-19T16:31:13+00:00\",\"description\":\"Para saber mais sobre Lentes de Alta Miopia entre em contato com a \u00d3ticas New pelos telefones (11) 4976-4186 | (11) 95911-6796.\",\"breadcrumb\":{\"@id\":\"https:\/\/oticasnew.com.br\/web\/lentes-de-alta-miopia\/#breadcrumb\"},\"inLanguage\":\"en-US\",\"potentialAction\":[{\"@type\":\"ReadAction\",\"target\":[\"https:\/\/oticasnew.com.br\/web\/lentes-de-alta-miopia\/\"]}]},{\"@type\":\"BreadcrumbList\",\"@id\":\"https:\/\/oticasnew.com.br\/web\/lentes-de-alta-miopia\/#breadcrumb\",\"itemListElement\":[{\"@type\":\"ListItem\",\"position\":1,\"name\":\"Home\",\"item\":\"https:\/\/oticasnew.com.br\/web\/\"},{\"@type\":\"ListItem\",\"position\":2,\"name\":\"Lentes de Alta Miopia\"}]}]}<\/script>\n<!-- \/ Yoast SEO plugin. -->","yoast_head_json":{"title":"Lentes de Alta Miopia - \u00d3ticas New - (11) 4976-4186","description":"Para saber mais sobre Lentes de Alta Miopia entre em contato com a \u00d3ticas New pelos telefones (11) 4976-4186 | (11) 95911-6796.","robots":{"index":"index","follow":"follow","max-snippet":"max-snippet:-1","max-image-preview":"max-image-preview:large","max-video-preview":"max-video-preview:-1"},"canonical":"https:\/\/oticasnew.com.br\/web\/lentes-de-alta-miopia\/","og_locale":"en_US","og_type":"article","og_title":"Lentes de Alta Miopia - \u00d3ticas New - (11) 4976-4186","og_description":"Para saber mais sobre Lentes de Alta Miopia entre em contato com a \u00d3ticas New pelos telefones (11) 4976-4186 | (11) 95911-6796.","og_url":"https:\/\/oticasnew.com.br\/web\/lentes-de-alta-miopia\/","og_site_name":"Oticas New","article_modified_time":"2025-11-19T16:31:13+00:00","twitter_card":"summary_large_image","twitter_misc":{"Est. reading time":"2 minutes"},"schema":{"@context":"https:\/\/schema.org","@graph":[{"@type":"WebSite","@id":"https:\/\/oticasnew.com.br\/web\/#website","url":"https:\/\/oticasnew.com.br\/web\/","name":"Oticas New","description":"","potentialAction":[{"@type":"SearchAction","target":{"@type":"EntryPoint","urlTemplate":"https:\/\/oticasnew.com.br\/web\/?s={search_term_string}"},"query-input":"required name=search_term_string"}],"inLanguage":"en-US"},{"@type":"WebPage","@id":"https:\/\/oticasnew.com.br\/web\/lentes-de-alta-miopia\/#webpage","url":"https:\/\/oticasnew.com.br\/web\/lentes-de-alta-miopia\/","name":"Lentes de Alta Miopia - \u00d3ticas New - (11) 4976-4186","isPartOf":{"@id":"https:\/\/oticasnew.com.br\/web\/#website"},"datePublished":"2022-03-16T14:03:45+00:00","dateModified":"2025-11-19T16:31:13+00:00","description":"Para saber mais sobre Lentes de Alta Miopia entre em contato com a \u00d3ticas New pelos telefones (11) 4976-4186 | (11) 95911-6796.","breadcrumb":{"@id":"https:\/\/oticasnew.com.br\/web\/lentes-de-alta-miopia\/#breadcrumb"},"inLanguage":"en-US","potentialAction":[{"@type":"ReadAction","target":["https:\/\/oticasnew.com.br\/web\/lentes-de-alta-miopia\/"]}]},{"@type":"BreadcrumbList","@id":"https:\/\/oticasnew.com.br\/web\/lentes-de-alta-miopia\/#breadcrumb","itemListElement":[{"@type":"ListItem","position":1,"name":"Home","item":"https:\/\/oticasnew.com.br\/web\/"},{"@type":"ListItem","position":2,"name":"Lentes de Alta Miopia"}]}]}},"_links":{"self":[{"href":"https:\/\/oticasnew.com.br\/web\/wp-json\/wp\/v2\/pages\/76631"}],"collection":[{"href":"https:\/\/oticasnew.com.br\/web\/wp-json\/wp\/v2\/pages"}],"about":[{"href":"https:\/\/oticasnew.com.br\/web\/wp-json\/wp\/v2\/types\/page"}],"author":[{"embeddable":true,"href":"https:\/\/oticasnew.com.br\/web\/wp-json\/wp\/v2\/users\/1"}],"replies":[{"embeddable":true,"href":"https:\/\/oticasnew.com.br\/web\/wp-json\/wp\/v2\/comments?post=76631"}],"version-history":[{"count":6,"href":"https:\/\/oticasnew.com.br\/web\/wp-json\/wp\/v2\/pages\/76631\/revisions"}],"predecessor-version":[{"id":78134,"href":"https:\/\/oticasnew.com.br\/web\/wp-json\/wp\/v2\/pages\/76631\/revisions\/78134"}],"wp:attachment":[{"href":"https:\/\/oticasnew.com.br\/web\/wp-json\/wp\/v2\/media?parent=76631"}],"curies":[{"name":"wp","href":"https:\/\/api.w.org\/{rel}","templated":true}]}}