
{"id":76955,"date":"2022-04-25T13:22:41","date_gmt":"2022-04-25T13:22:41","guid":{"rendered":"http:\/\/oticasnew.com.br\/web\/?page_id=76955"},"modified":"2022-04-25T13:22:41","modified_gmt":"2022-04-25T13:22:41","slug":"comprar-lenticular-para-alta-miopia","status":"publish","type":"page","link":"https:\/\/oticasnew.com.br\/web\/comprar-lenticular-para-alta-miopia\/","title":{"rendered":"Comprar Lenticular para alta miopia"},"content":{"rendered":"<p>[vc_row][vc_column][vc_column_text]<\/p>\n<h1 style=\"text-align: center;\">Comprar Lenticular para alta miopia<\/h1>\n<p>Est\u00e1 precisando de lentes, mas n\u00e3o sabe onde<strong> comprar Lenticular para alta miopia<\/strong> de qualidade? A \u00d3ticas New \u00e9 especialista e pode te ajudar!<\/p>\n<p>Lenticular \u00e9 um processo de fabrica\u00e7\u00e3o usado para altas dioptrias de miopia onde o grau do usu\u00e1rio \u00e9 posicionado em frente do seu globo ocular com a utiliza\u00e7\u00e3o de uma arma\u00e7\u00e3o, fazendo com que a dioptria do usu\u00e1rio se encontre disposta em uma circunfer\u00eancia de 22mm em m\u00e9dia. Por ser uma lente quase plana, o restante da lente praticamente n\u00e3o possui distor\u00e7\u00e3o de imagem.<\/p>\n<p>Geralmente o material utilizado para a fabrica\u00e7\u00e3o da lente \u00e9 de alto \u00edndice dando maior acabamento no produto final.<\/p>\n<p>\u00c9 importante ressaltar para que o usu\u00e1rio esteja ciente, que a vis\u00e3o perif\u00e9rica fica bastante comprometida pois a gradua\u00e7\u00e3o do usu\u00e1rio dessas lentes \u00e9 limitado a circunfer\u00eancia de 22mm. Gradua\u00e7\u00e3o da lente vai at\u00e9 -21,00 de miopia.<\/p>\n<p>O \u00edndice de refra\u00e7\u00e3o quantifica o poder da mat\u00e9ria-prima da lente de mudar a dire\u00e7\u00e3o dos raios de luz e, assim, acertar o foco. Quanto maior a taxa do \u00edndice de refra\u00e7\u00e3o, menor a espessura necess\u00e1ria para dar nitidez \u00e0 vis\u00e3o.<\/p>\n<p>Como uma das caracter\u00edsticas das lentes para miopia \u00e9 ser fina no centro e grossa nas bordas, o \u00edndice de refra\u00e7\u00e3o \u00e9 ent\u00e3o o principal respons\u00e1vel por reduzir a espessura das lentes e minimizar o efeito fundo de garrafa. A lenticular por ter o seu grau reduzido em apenas uma parte da lente do \u00f3culos, faz com que a impress\u00e3o de grau alto seja bem menor que o real.<\/p>\n<p>Ent\u00e3o se n\u00e3o sabia onde<strong> comprar Lenticular para alta miopia<\/strong>, agora j\u00e1 sabe! A \u00d3ticas New \u00e9 o lugar ideal!<\/p>\n<p>[\/vc_column_text][vc_empty_space height=&#8221;10px&#8221;][vc_separator][vc_column_text]<\/p>\n<p style=\"text-align: center;\">A <a href=\"httpss:\/\/oticasnew.com.br\/web\/\" target=\"_blank\" rel=\"noopener\"><strong>\u00d3ticas New<\/strong><\/a> est\u00e1 localizada em Santo Andr\u00e9, em local de f\u00e1cil acesso pelas principais cidades do Grande ABC, incluindo S\u00e3o Bernardo do Campo, S\u00e3o Caetano do Sul, Mau\u00e1 e Diadema. Para saber onde<strong> comprar Lenticular para alta miopia <\/strong>entre em contato conosco atrav\u00e9s dos telefones (11) 4976-4186 | (11) 95911-6796.<\/p>\n<p>[\/vc_column_text][vc_empty_space height=&#8221;15px&#8221;][\/vc_column][\/vc_row]<\/p>\n","protected":false},"excerpt":{"rendered":"<p>[vc_row][vc_column][vc_column_text] Comprar Lenticular para alta miopia Est\u00e1 precisando de lentes, mas n\u00e3o sabe onde comprar Lenticular para alta miopia de qualidade? A \u00d3ticas New \u00e9 especialista e pode te ajudar! Lenticular \u00e9 um processo de fabrica\u00e7\u00e3o usado para altas dioptrias de miopia onde o grau do usu\u00e1rio \u00e9 posicionado em frente do seu globo ocular [&hellip;]<\/p>\n","protected":false},"author":1,"featured_media":0,"parent":0,"menu_order":0,"comment_status":"closed","ping_status":"closed","template":"","meta":{"_mi_skip_tracking":false},"yoast_head":"<!-- This site is optimized with the Yoast SEO plugin v18.0 - https:\/\/yoast.com\/wordpress\/plugins\/seo\/ -->\n<title>Comprar Lenticular para alta miopia - \u00d3ticas New - (11) 4976-4186<\/title>\n<meta name=\"description\" content=\"Para saber onde comprar Lenticular para alta miopia entre em contato com a \u00d3ticas New pelos telefones (11) 4976-4186 | 95911-6796\" \/>\n<meta name=\"robots\" content=\"index, follow, max-snippet:-1, max-image-preview:large, max-video-preview:-1\" \/>\n<link rel=\"canonical\" href=\"https:\/\/oticasnew.com.br\/web\/comprar-lenticular-para-alta-miopia\/\" \/>\n<meta property=\"og:locale\" content=\"en_US\" \/>\n<meta property=\"og:type\" content=\"article\" \/>\n<meta property=\"og:title\" content=\"Comprar Lenticular para alta miopia - \u00d3ticas New - (11) 4976-4186\" \/>\n<meta property=\"og:description\" content=\"Para saber onde comprar Lenticular para alta miopia entre em contato com a \u00d3ticas New pelos telefones (11) 4976-4186 | 95911-6796\" \/>\n<meta property=\"og:url\" content=\"https:\/\/oticasnew.com.br\/web\/comprar-lenticular-para-alta-miopia\/\" \/>\n<meta property=\"og:site_name\" content=\"Oticas New\" \/>\n<meta name=\"twitter:card\" content=\"summary_large_image\" \/>\n<meta name=\"twitter:label1\" content=\"Est. reading time\" \/>\n\t<meta name=\"twitter:data1\" content=\"2 minutes\" \/>\n<script type=\"application\/ld+json\" class=\"yoast-schema-graph\">{\"@context\":\"https:\/\/schema.org\",\"@graph\":[{\"@type\":\"WebSite\",\"@id\":\"https:\/\/oticasnew.com.br\/web\/#website\",\"url\":\"https:\/\/oticasnew.com.br\/web\/\",\"name\":\"Oticas New\",\"description\":\"\",\"potentialAction\":[{\"@type\":\"SearchAction\",\"target\":{\"@type\":\"EntryPoint\",\"urlTemplate\":\"https:\/\/oticasnew.com.br\/web\/?s={search_term_string}\"},\"query-input\":\"required name=search_term_string\"}],\"inLanguage\":\"en-US\"},{\"@type\":\"WebPage\",\"@id\":\"https:\/\/oticasnew.com.br\/web\/comprar-lenticular-para-alta-miopia\/#webpage\",\"url\":\"https:\/\/oticasnew.com.br\/web\/comprar-lenticular-para-alta-miopia\/\",\"name\":\"Comprar Lenticular para alta miopia - \u00d3ticas New - (11) 4976-4186\",\"isPartOf\":{\"@id\":\"https:\/\/oticasnew.com.br\/web\/#website\"},\"datePublished\":\"2022-04-25T13:22:41+00:00\",\"dateModified\":\"2022-04-25T13:22:41+00:00\",\"description\":\"Para saber onde comprar Lenticular para alta miopia entre em contato com a \u00d3ticas New pelos telefones (11) 4976-4186 | 95911-6796\",\"breadcrumb\":{\"@id\":\"https:\/\/oticasnew.com.br\/web\/comprar-lenticular-para-alta-miopia\/#breadcrumb\"},\"inLanguage\":\"en-US\",\"potentialAction\":[{\"@type\":\"ReadAction\",\"target\":[\"https:\/\/oticasnew.com.br\/web\/comprar-lenticular-para-alta-miopia\/\"]}]},{\"@type\":\"BreadcrumbList\",\"@id\":\"https:\/\/oticasnew.com.br\/web\/comprar-lenticular-para-alta-miopia\/#breadcrumb\",\"itemListElement\":[{\"@type\":\"ListItem\",\"position\":1,\"name\":\"Home\",\"item\":\"https:\/\/oticasnew.com.br\/web\/\"},{\"@type\":\"ListItem\",\"position\":2,\"name\":\"Comprar Lenticular para alta miopia\"}]}]}<\/script>\n<!-- \/ Yoast SEO plugin. -->","yoast_head_json":{"title":"Comprar Lenticular para alta miopia - \u00d3ticas New - (11) 4976-4186","description":"Para saber onde comprar Lenticular para alta miopia entre em contato com a \u00d3ticas New pelos telefones (11) 4976-4186 | 95911-6796","robots":{"index":"index","follow":"follow","max-snippet":"max-snippet:-1","max-image-preview":"max-image-preview:large","max-video-preview":"max-video-preview:-1"},"canonical":"https:\/\/oticasnew.com.br\/web\/comprar-lenticular-para-alta-miopia\/","og_locale":"en_US","og_type":"article","og_title":"Comprar Lenticular para alta miopia - \u00d3ticas New - (11) 4976-4186","og_description":"Para saber onde comprar Lenticular para alta miopia entre em contato com a \u00d3ticas New pelos telefones (11) 4976-4186 | 95911-6796","og_url":"https:\/\/oticasnew.com.br\/web\/comprar-lenticular-para-alta-miopia\/","og_site_name":"Oticas New","twitter_card":"summary_large_image","twitter_misc":{"Est. reading time":"2 minutes"},"schema":{"@context":"https:\/\/schema.org","@graph":[{"@type":"WebSite","@id":"https:\/\/oticasnew.com.br\/web\/#website","url":"https:\/\/oticasnew.com.br\/web\/","name":"Oticas New","description":"","potentialAction":[{"@type":"SearchAction","target":{"@type":"EntryPoint","urlTemplate":"https:\/\/oticasnew.com.br\/web\/?s={search_term_string}"},"query-input":"required name=search_term_string"}],"inLanguage":"en-US"},{"@type":"WebPage","@id":"https:\/\/oticasnew.com.br\/web\/comprar-lenticular-para-alta-miopia\/#webpage","url":"https:\/\/oticasnew.com.br\/web\/comprar-lenticular-para-alta-miopia\/","name":"Comprar Lenticular para alta miopia - \u00d3ticas New - (11) 4976-4186","isPartOf":{"@id":"https:\/\/oticasnew.com.br\/web\/#website"},"datePublished":"2022-04-25T13:22:41+00:00","dateModified":"2022-04-25T13:22:41+00:00","description":"Para saber onde comprar Lenticular para alta miopia entre em contato com a \u00d3ticas New pelos telefones (11) 4976-4186 | 95911-6796","breadcrumb":{"@id":"https:\/\/oticasnew.com.br\/web\/comprar-lenticular-para-alta-miopia\/#breadcrumb"},"inLanguage":"en-US","potentialAction":[{"@type":"ReadAction","target":["https:\/\/oticasnew.com.br\/web\/comprar-lenticular-para-alta-miopia\/"]}]},{"@type":"BreadcrumbList","@id":"https:\/\/oticasnew.com.br\/web\/comprar-lenticular-para-alta-miopia\/#breadcrumb","itemListElement":[{"@type":"ListItem","position":1,"name":"Home","item":"https:\/\/oticasnew.com.br\/web\/"},{"@type":"ListItem","position":2,"name":"Comprar Lenticular para alta miopia"}]}]}},"_links":{"self":[{"href":"https:\/\/oticasnew.com.br\/web\/wp-json\/wp\/v2\/pages\/76955"}],"collection":[{"href":"https:\/\/oticasnew.com.br\/web\/wp-json\/wp\/v2\/pages"}],"about":[{"href":"https:\/\/oticasnew.com.br\/web\/wp-json\/wp\/v2\/types\/page"}],"author":[{"embeddable":true,"href":"https:\/\/oticasnew.com.br\/web\/wp-json\/wp\/v2\/users\/1"}],"replies":[{"embeddable":true,"href":"https:\/\/oticasnew.com.br\/web\/wp-json\/wp\/v2\/comments?post=76955"}],"version-history":[{"count":1,"href":"https:\/\/oticasnew.com.br\/web\/wp-json\/wp\/v2\/pages\/76955\/revisions"}],"predecessor-version":[{"id":76958,"href":"https:\/\/oticasnew.com.br\/web\/wp-json\/wp\/v2\/pages\/76955\/revisions\/76958"}],"wp:attachment":[{"href":"https:\/\/oticasnew.com.br\/web\/wp-json\/wp\/v2\/media?parent=76955"}],"curies":[{"name":"wp","href":"https:\/\/api.w.org\/{rel}","templated":true}]}}