
{"id":77019,"date":"2022-07-06T12:34:59","date_gmt":"2022-07-06T12:34:59","guid":{"rendered":"http:\/\/oticasnew.com.br\/web\/?page_id=77019"},"modified":"2023-05-12T14:53:41","modified_gmt":"2023-05-12T14:53:41","slug":"comprar-lentes-zeiss","status":"publish","type":"page","link":"https:\/\/oticasnew.com.br\/web\/comprar-lentes-zeiss\/","title":{"rendered":"Comprar Lentes Zeiss"},"content":{"rendered":"<p>[vc_row][vc_column][vc_column_text]<\/p>\n<h1><img loading=\"lazy\" class=\"alignnone wp-image-77215 size-full\" src=\"https:\/\/oticasnew.com.br\/web\/wp-content\/uploads\/2023\/05\/promocao-lente-zeiss.jpg\" alt=\"\" width=\"1247\" height=\"489\" \/><\/h1>\n<h1 style=\"text-align: center;\">Comprar Lentes Zeiss<\/h1>\n<p>Precisa de lentes de qualidade, mas n\u00e3o sabe onde <strong>comprar Lentes Zeiss<\/strong>? A \u00d3ticas New pode te ajudar!<\/p>\n<p>A \u00d3ticas New busca desde 2006 criar uma rela\u00e7\u00e3o de confian\u00e7a com todos os clientes, trazendo sempre o melhor produto e custo-benef\u00edcio. Possu\u00edmos uma variada gama de op\u00e7\u00f5es em lentes, marcas e arma\u00e7\u00f5es te dando a liberdade de escolher o que combina mais com voc\u00ea. Dentro do nosso leque de produtos, trabalhamos com a marca de lentes Zeiss, a marca que mais oferece op\u00e7\u00f5es de pre\u00e7os e linhas para pessoas que sofrem com a presbiopia.<\/p>\n<p>As lentes monofocais Zeiss s\u00e3o incrivelmente leves e finas. E podem ser ajustadas ao comportamento visual individual do usu\u00e1rio, mesmo que a pessoa tenha um grau mais elevado, ou que precise acomodar outros problemas de vis\u00e3o (p. ex.: astigmatismo ou heteroforia associados).<\/p>\n<p>A Zeiss possui lentes progressivas (multifocais) personalizadas, estas s\u00e3o:<\/p>\n<p>\u2022 ZEISS Energizeme;<br \/>\n\u2022 Progressive Individual 2;<br \/>\n\u2022 ZEISS Progressive Individual Drivesafe;<br \/>\n\u2022 Progressive Drivesafe;<br \/>\n\u2022 ZEISS Progressive Precision SuperB;<br \/>\n\u2022 Progressive Precision PLUS;<br \/>\n\u2022 ZEISS Progressive Precision Pure Duravision Silver.<\/p>\n<p>E tamb\u00e9m lentes progressivas (multifocais) convencionais:<\/p>\n<p>\u2022 ZEISS Progressive Classic\/Classic Short;<br \/>\n\u2022 Progressive Light 3Dv;<br \/>\n\u2022 ZEISS Progressive Light 3D;<br \/>\n\u2022 Progressive GT2 \/ GT2 SHORT;<br \/>\n\u2022 ZEISS Progressive Light D.<\/p>\n<p>A diferen\u00e7a entre as lentes personalizadas e as lentes convencionais da marca Zeiss, \u00e9 que as lentes progressivas convencionais possuem os campos de vis\u00e3o com tamanhos padronizados, por isso acabam sendo mais baratas que as lentes personalizadas. J\u00e1 as lentes personalizadas levam em conta as necessidades individuais de cada pessoa.<\/p>\n<p>Existem lentes Zeiss para v\u00e1rios tipos de situa\u00e7\u00f5es, como:<\/p>\n<p>\u2022 Lentes de \u00f3culos para dirigir;<br \/>\n\u2022 Lentes para uso em escrit\u00f3rio;<br \/>\n\u2022 Lentes para \u00f3culos de sol;<br \/>\n\u2022 Lentes com tratamento antiviral e antibacteriano;<br \/>\n\u2022 Lentes adequadas para o seu estilo de vida m\u00f3vel e conectado;<br \/>\n\u2022 Lentes de contato;<br \/>\n\u2022 Etc.<\/p>\n<p>Todas as lentes Zeiss, principalmente as lentes progressivas (multifocais) acompanham tratamento antirreflexo.<\/p>\n<p>Ent\u00e3o se n\u00e3o sabia onde <strong>comprar Lentes Zeiss<\/strong>, agora j\u00e1 sabe! Voc\u00ea encontra aqui na \u00d3ticas New!<\/p>\n<p>[\/vc_column_text][vc_empty_space height=&#8221;10px&#8221;][vc_separator][vc_column_text]<\/p>\n<p style=\"text-align: center;\">A <a href=\"httpss:\/\/oticasnew.com.br\/web\/\" target=\"_blank\" rel=\"noopener\"><strong>\u00d3ticas New<\/strong><\/a> est\u00e1 localizada em Santo Andr\u00e9, em local de f\u00e1cil acesso pelas principais cidades do Grande ABC, incluindo S\u00e3o Bernardo do Campo, S\u00e3o Caetano do Sul, Mau\u00e1 e Diadema. Para saber onde <strong>comprar Lentes Zeiss<\/strong> ou outros produtos entre em contato conosco atrav\u00e9s dos telefones <strong>(11) 4976-4186 | (11) 95911-6796<\/strong>.<\/p>\n<p>[\/vc_column_text][vc_empty_space height=&#8221;15px&#8221;][\/vc_column][\/vc_row]<\/p>\n","protected":false},"excerpt":{"rendered":"<p>[vc_row][vc_column][vc_column_text] Comprar Lentes Zeiss Precisa de lentes de qualidade, mas n\u00e3o sabe onde comprar Lentes Zeiss? A \u00d3ticas New pode te ajudar! A \u00d3ticas New busca desde 2006 criar uma rela\u00e7\u00e3o de confian\u00e7a com todos os clientes, trazendo sempre o melhor produto e custo-benef\u00edcio. Possu\u00edmos uma variada gama de op\u00e7\u00f5es em lentes, marcas e arma\u00e7\u00f5es [&hellip;]<\/p>\n","protected":false},"author":1,"featured_media":0,"parent":0,"menu_order":0,"comment_status":"closed","ping_status":"closed","template":"","meta":{"_mi_skip_tracking":false},"yoast_head":"<!-- This site is optimized with the Yoast SEO plugin v18.0 - https:\/\/yoast.com\/wordpress\/plugins\/seo\/ -->\n<title>Comprar Lentes Zeiss - \u00d3ticas New<\/title>\n<meta name=\"description\" content=\"Para saber onde comprar Lentes Zeiss e outros produtos entre em contato com a \u00d3ticas New: (11) 4976-4186 | 95911-6796\" \/>\n<meta name=\"robots\" content=\"index, follow, max-snippet:-1, max-image-preview:large, max-video-preview:-1\" \/>\n<link rel=\"canonical\" href=\"https:\/\/oticasnew.com.br\/web\/comprar-lentes-zeiss\/\" \/>\n<meta property=\"og:locale\" content=\"en_US\" \/>\n<meta property=\"og:type\" content=\"article\" \/>\n<meta property=\"og:title\" content=\"Comprar Lentes Zeiss - \u00d3ticas New\" \/>\n<meta property=\"og:description\" content=\"Para saber onde comprar Lentes Zeiss e outros produtos entre em contato com a \u00d3ticas New: (11) 4976-4186 | 95911-6796\" \/>\n<meta property=\"og:url\" content=\"https:\/\/oticasnew.com.br\/web\/comprar-lentes-zeiss\/\" \/>\n<meta property=\"og:site_name\" content=\"Oticas New\" \/>\n<meta property=\"article:modified_time\" content=\"2023-05-12T14:53:41+00:00\" \/>\n<meta property=\"og:image\" content=\"https:\/\/oticasnew.com.br\/web\/wp-content\/uploads\/2023\/05\/promocao-lente-zeiss.jpg\" \/>\n<meta name=\"twitter:card\" content=\"summary_large_image\" \/>\n<meta name=\"twitter:label1\" content=\"Est. reading time\" \/>\n\t<meta name=\"twitter:data1\" content=\"2 minutes\" \/>\n<script type=\"application\/ld+json\" class=\"yoast-schema-graph\">{\"@context\":\"https:\/\/schema.org\",\"@graph\":[{\"@type\":\"WebSite\",\"@id\":\"https:\/\/oticasnew.com.br\/web\/#website\",\"url\":\"https:\/\/oticasnew.com.br\/web\/\",\"name\":\"Oticas New\",\"description\":\"\",\"potentialAction\":[{\"@type\":\"SearchAction\",\"target\":{\"@type\":\"EntryPoint\",\"urlTemplate\":\"https:\/\/oticasnew.com.br\/web\/?s={search_term_string}\"},\"query-input\":\"required name=search_term_string\"}],\"inLanguage\":\"en-US\"},{\"@type\":\"ImageObject\",\"@id\":\"https:\/\/oticasnew.com.br\/web\/comprar-lentes-zeiss\/#primaryimage\",\"inLanguage\":\"en-US\",\"url\":\"https:\/\/oticasnew.com.br\/web\/wp-content\/uploads\/2023\/05\/promocao-lente-zeiss.jpg\",\"contentUrl\":\"https:\/\/oticasnew.com.br\/web\/wp-content\/uploads\/2023\/05\/promocao-lente-zeiss.jpg\",\"width\":1247,\"height\":489},{\"@type\":\"WebPage\",\"@id\":\"https:\/\/oticasnew.com.br\/web\/comprar-lentes-zeiss\/#webpage\",\"url\":\"https:\/\/oticasnew.com.br\/web\/comprar-lentes-zeiss\/\",\"name\":\"Comprar Lentes Zeiss - \u00d3ticas New\",\"isPartOf\":{\"@id\":\"https:\/\/oticasnew.com.br\/web\/#website\"},\"primaryImageOfPage\":{\"@id\":\"https:\/\/oticasnew.com.br\/web\/comprar-lentes-zeiss\/#primaryimage\"},\"datePublished\":\"2022-07-06T12:34:59+00:00\",\"dateModified\":\"2023-05-12T14:53:41+00:00\",\"description\":\"Para saber onde comprar Lentes Zeiss e outros produtos entre em contato com a \u00d3ticas New: (11) 4976-4186 | 95911-6796\",\"breadcrumb\":{\"@id\":\"https:\/\/oticasnew.com.br\/web\/comprar-lentes-zeiss\/#breadcrumb\"},\"inLanguage\":\"en-US\",\"potentialAction\":[{\"@type\":\"ReadAction\",\"target\":[\"https:\/\/oticasnew.com.br\/web\/comprar-lentes-zeiss\/\"]}]},{\"@type\":\"BreadcrumbList\",\"@id\":\"https:\/\/oticasnew.com.br\/web\/comprar-lentes-zeiss\/#breadcrumb\",\"itemListElement\":[{\"@type\":\"ListItem\",\"position\":1,\"name\":\"Home\",\"item\":\"https:\/\/oticasnew.com.br\/web\/\"},{\"@type\":\"ListItem\",\"position\":2,\"name\":\"Comprar Lentes Zeiss\"}]}]}<\/script>\n<!-- \/ Yoast SEO plugin. -->","yoast_head_json":{"title":"Comprar Lentes Zeiss - \u00d3ticas New","description":"Para saber onde comprar Lentes Zeiss e outros produtos entre em contato com a \u00d3ticas New: (11) 4976-4186 | 95911-6796","robots":{"index":"index","follow":"follow","max-snippet":"max-snippet:-1","max-image-preview":"max-image-preview:large","max-video-preview":"max-video-preview:-1"},"canonical":"https:\/\/oticasnew.com.br\/web\/comprar-lentes-zeiss\/","og_locale":"en_US","og_type":"article","og_title":"Comprar Lentes Zeiss - \u00d3ticas New","og_description":"Para saber onde comprar Lentes Zeiss e outros produtos entre em contato com a \u00d3ticas New: (11) 4976-4186 | 95911-6796","og_url":"https:\/\/oticasnew.com.br\/web\/comprar-lentes-zeiss\/","og_site_name":"Oticas New","article_modified_time":"2023-05-12T14:53:41+00:00","og_image":[{"url":"https:\/\/oticasnew.com.br\/web\/wp-content\/uploads\/2023\/05\/promocao-lente-zeiss.jpg"}],"twitter_card":"summary_large_image","twitter_misc":{"Est. reading time":"2 minutes"},"schema":{"@context":"https:\/\/schema.org","@graph":[{"@type":"WebSite","@id":"https:\/\/oticasnew.com.br\/web\/#website","url":"https:\/\/oticasnew.com.br\/web\/","name":"Oticas New","description":"","potentialAction":[{"@type":"SearchAction","target":{"@type":"EntryPoint","urlTemplate":"https:\/\/oticasnew.com.br\/web\/?s={search_term_string}"},"query-input":"required name=search_term_string"}],"inLanguage":"en-US"},{"@type":"ImageObject","@id":"https:\/\/oticasnew.com.br\/web\/comprar-lentes-zeiss\/#primaryimage","inLanguage":"en-US","url":"https:\/\/oticasnew.com.br\/web\/wp-content\/uploads\/2023\/05\/promocao-lente-zeiss.jpg","contentUrl":"https:\/\/oticasnew.com.br\/web\/wp-content\/uploads\/2023\/05\/promocao-lente-zeiss.jpg","width":1247,"height":489},{"@type":"WebPage","@id":"https:\/\/oticasnew.com.br\/web\/comprar-lentes-zeiss\/#webpage","url":"https:\/\/oticasnew.com.br\/web\/comprar-lentes-zeiss\/","name":"Comprar Lentes Zeiss - \u00d3ticas New","isPartOf":{"@id":"https:\/\/oticasnew.com.br\/web\/#website"},"primaryImageOfPage":{"@id":"https:\/\/oticasnew.com.br\/web\/comprar-lentes-zeiss\/#primaryimage"},"datePublished":"2022-07-06T12:34:59+00:00","dateModified":"2023-05-12T14:53:41+00:00","description":"Para saber onde comprar Lentes Zeiss e outros produtos entre em contato com a \u00d3ticas New: (11) 4976-4186 | 95911-6796","breadcrumb":{"@id":"https:\/\/oticasnew.com.br\/web\/comprar-lentes-zeiss\/#breadcrumb"},"inLanguage":"en-US","potentialAction":[{"@type":"ReadAction","target":["https:\/\/oticasnew.com.br\/web\/comprar-lentes-zeiss\/"]}]},{"@type":"BreadcrumbList","@id":"https:\/\/oticasnew.com.br\/web\/comprar-lentes-zeiss\/#breadcrumb","itemListElement":[{"@type":"ListItem","position":1,"name":"Home","item":"https:\/\/oticasnew.com.br\/web\/"},{"@type":"ListItem","position":2,"name":"Comprar Lentes Zeiss"}]}]}},"_links":{"self":[{"href":"https:\/\/oticasnew.com.br\/web\/wp-json\/wp\/v2\/pages\/77019"}],"collection":[{"href":"https:\/\/oticasnew.com.br\/web\/wp-json\/wp\/v2\/pages"}],"about":[{"href":"https:\/\/oticasnew.com.br\/web\/wp-json\/wp\/v2\/types\/page"}],"author":[{"embeddable":true,"href":"https:\/\/oticasnew.com.br\/web\/wp-json\/wp\/v2\/users\/1"}],"replies":[{"embeddable":true,"href":"https:\/\/oticasnew.com.br\/web\/wp-json\/wp\/v2\/comments?post=77019"}],"version-history":[{"count":2,"href":"https:\/\/oticasnew.com.br\/web\/wp-json\/wp\/v2\/pages\/77019\/revisions"}],"predecessor-version":[{"id":77217,"href":"https:\/\/oticasnew.com.br\/web\/wp-json\/wp\/v2\/pages\/77019\/revisions\/77217"}],"wp:attachment":[{"href":"https:\/\/oticasnew.com.br\/web\/wp-json\/wp\/v2\/media?parent=77019"}],"curies":[{"name":"wp","href":"https:\/\/api.w.org\/{rel}","templated":true}]}}