
{"id":77404,"date":"2024-01-03T18:56:47","date_gmt":"2024-01-03T18:56:47","guid":{"rendered":"https:\/\/oticasnew.com.br\/web\/?page_id=77404"},"modified":"2024-03-28T18:16:50","modified_gmt":"2024-03-28T18:16:50","slug":"o-que-sao-lentes-stellest","status":"publish","type":"page","link":"https:\/\/oticasnew.com.br\/web\/o-que-sao-lentes-stellest\/","title":{"rendered":"O que s\u00e3o Lentes Stellest?"},"content":{"rendered":"<h1 style=\"text-align: center;\">O que s\u00e3o Lentes Stellest?<\/h1>\n<p>Voc\u00ea sabe <strong>o que s\u00e3o lentes Stellest<\/strong>?<\/p>\n<p><strong>Quem somos?<\/strong><\/p>\n<p>A \u00d3ticas New \u00e9 uma empresa que est\u00e1 no ramo desde 2006, buscando criar uma rela\u00e7\u00e3o de confian\u00e7a com todos os clientes trazendo sempre o melhor custo-benef\u00edcio. Apresentamos uma variada gama de op\u00e7\u00f5es em lentes, marcas e arma\u00e7\u00f5es te dando a liberdade de escolher o que combina mais com voc\u00ea.<\/p>\n<p><strong>O que s\u00e3o lentes Lentes Stellest e qual \u00e9 a tecnologia utilizada?<\/strong><\/p>\n<p>As <a href=\"httpss:\/\/oticasnew.com.br\/web\/lentes-stellest\/\" target=\"_blank\" rel=\"noopener\">Lentes Stellest<\/a> em S\u00e3o Paulo possuem uma tecnologia inovadora para o tratamento da miopia, desenvolvidas pela empresa Essilor buscam melhorar a qualidade da vis\u00e3o em pacientes m\u00edopes focando no princ\u00edpio da difrativa perif\u00e9rica \u00f3tica para oferecer uma corre\u00e7\u00e3o visual precisa. Elas reduzem a estimula\u00e7\u00e3o do crescimento axial do olho, visando aumentar o aumento excessivo do olho, que \u00e9 um dos principais fatores associados ao avan\u00e7o da miopia.<\/p>\n<p>Tamb\u00e9m conhecida como \u201cvis\u00e3o curta\u201d, a miopia \u00e9 um contraste visual em que os objetos pr\u00f3ximos ficam claros, mas os objetos distantes aparecem borrosos. Atualmente, o predom\u00ednio da miopia aumentou consideravelmente, principalmente em crian\u00e7as e jovens.<\/p>\n<p><strong>Quais s\u00e3o as vantagens das Lentes Stellest?<\/strong><\/p>\n<ul>\n<li>Para as crian\u00e7as, uma vis\u00e3o t\u00e3o clara quanto com as lentes de vis\u00e3o simples;<\/li>\n<li>Desaceleram a progress\u00e3o da miopia em 67% em m\u00e9dia, em compara\u00e7\u00e3o com as lentes de vis\u00e3o simples, quando usadas 12 horas por dia;<\/li>\n<li>Bonitas, seguras e simples.<\/li>\n<\/ul>\n<p><strong>Desacelera\u00e7\u00e3o do desenvolvimento de miopia em crian\u00e7as<\/strong><\/p>\n<p align=\"justify\">As lentes s\u00e3o uma solu\u00e7\u00e3o inovadora quando o assunto \u00e9 desacelerar o desenvolvimento da miopia em crian\u00e7as. Por meio de uma \u00e1rea de vis\u00e3o simples, elas permitem a corre\u00e7\u00e3o da miopia e uma vis\u00e3o n\u00edtida de longe, controlando por meio da tecnologia H.A.L.T.<\/p>\n<p class=\"western\" style=\"text-align: center;\" align=\"justify\"><strong>Ent\u00e3o se n\u00e3o sabia onde comprar lentes de qualidade, agora j\u00e1 sabe! Voc\u00ea encontra aqui na \u00d3ticas New!<\/strong><\/p>\n<p style=\"text-align: center;\"><span style=\"vertical-align: inherit;\"><span style=\"vertical-align: inherit;\">A <\/span><\/span><a href=\"httpss:\/\/oticasnew.com.br\/web\/\" target=\"_blank\" rel=\"noopener\"><strong><span style=\"vertical-align: inherit;\"><span style=\"vertical-align: inherit;\">\u00d3ticas New<\/span><\/span><\/strong><\/a><span style=\"vertical-align: inherit;\"><span style=\"vertical-align: inherit;\"> est\u00e1 localizada em Santo Andr\u00e9, em local de f\u00e1cil acesso pelas principais cidades do Grande ABC, incluindo S\u00e3o Bernardo do Campo, S\u00e3o Caetano do Sul, Mau\u00e1 e Diadema. Para saber sobre <strong>o que s\u00e3o lentes Stellest<\/strong> ou nossos produtos entre em contato conosco atrav\u00e9s dos telefones (11) 4976-4186 | (11) 95911-6796.<\/span><\/span><\/p>\n","protected":false},"excerpt":{"rendered":"<p>O que s\u00e3o Lentes Stellest? Voc\u00ea sabe o que s\u00e3o lentes Stellest? Quem somos? A \u00d3ticas New \u00e9 uma empresa que est\u00e1 no ramo desde 2006, buscando criar uma rela\u00e7\u00e3o de confian\u00e7a com todos os clientes trazendo sempre o melhor custo-benef\u00edcio. Apresentamos uma variada gama de op\u00e7\u00f5es em lentes, marcas e arma\u00e7\u00f5es te dando a [&hellip;]<\/p>\n","protected":false},"author":1,"featured_media":0,"parent":0,"menu_order":0,"comment_status":"closed","ping_status":"closed","template":"","meta":{"_mi_skip_tracking":false},"yoast_head":"<!-- This site is optimized with the Yoast SEO plugin v18.0 - https:\/\/yoast.com\/wordpress\/plugins\/seo\/ -->\n<title>O que s\u00e3o Lentes Stellest? - \u00d3ticas New - (11) 4976-4186<\/title>\n<meta name=\"description\" content=\"Para saber mais sobre o que s\u00e3o lentes Stellest entre em contato com a \u00d3ticas New: (11) 4976-4186 | 95911-6796.\" \/>\n<meta name=\"robots\" content=\"index, follow, max-snippet:-1, max-image-preview:large, max-video-preview:-1\" \/>\n<link rel=\"canonical\" href=\"https:\/\/oticasnew.com.br\/web\/o-que-sao-lentes-stellest\/\" \/>\n<meta property=\"og:locale\" content=\"en_US\" \/>\n<meta property=\"og:type\" content=\"article\" \/>\n<meta property=\"og:title\" content=\"O que s\u00e3o Lentes Stellest? - \u00d3ticas New - (11) 4976-4186\" \/>\n<meta property=\"og:description\" content=\"Para saber mais sobre o que s\u00e3o lentes Stellest entre em contato com a \u00d3ticas New: (11) 4976-4186 | 95911-6796.\" \/>\n<meta property=\"og:url\" content=\"https:\/\/oticasnew.com.br\/web\/o-que-sao-lentes-stellest\/\" \/>\n<meta property=\"og:site_name\" content=\"Oticas New\" \/>\n<meta property=\"article:modified_time\" content=\"2024-03-28T18:16:50+00:00\" \/>\n<meta name=\"twitter:card\" content=\"summary_large_image\" \/>\n<meta name=\"twitter:label1\" content=\"Est. reading time\" \/>\n\t<meta name=\"twitter:data1\" content=\"2 minutes\" \/>\n<script type=\"application\/ld+json\" class=\"yoast-schema-graph\">{\"@context\":\"https:\/\/schema.org\",\"@graph\":[{\"@type\":\"WebSite\",\"@id\":\"https:\/\/oticasnew.com.br\/web\/#website\",\"url\":\"https:\/\/oticasnew.com.br\/web\/\",\"name\":\"Oticas New\",\"description\":\"\",\"potentialAction\":[{\"@type\":\"SearchAction\",\"target\":{\"@type\":\"EntryPoint\",\"urlTemplate\":\"https:\/\/oticasnew.com.br\/web\/?s={search_term_string}\"},\"query-input\":\"required name=search_term_string\"}],\"inLanguage\":\"en-US\"},{\"@type\":\"WebPage\",\"@id\":\"https:\/\/oticasnew.com.br\/web\/o-que-sao-lentes-stellest\/#webpage\",\"url\":\"https:\/\/oticasnew.com.br\/web\/o-que-sao-lentes-stellest\/\",\"name\":\"O que s\u00e3o Lentes Stellest? - \u00d3ticas New - (11) 4976-4186\",\"isPartOf\":{\"@id\":\"https:\/\/oticasnew.com.br\/web\/#website\"},\"datePublished\":\"2024-01-03T18:56:47+00:00\",\"dateModified\":\"2024-03-28T18:16:50+00:00\",\"description\":\"Para saber mais sobre o que s\u00e3o lentes Stellest entre em contato com a \u00d3ticas New: (11) 4976-4186 | 95911-6796.\",\"breadcrumb\":{\"@id\":\"https:\/\/oticasnew.com.br\/web\/o-que-sao-lentes-stellest\/#breadcrumb\"},\"inLanguage\":\"en-US\",\"potentialAction\":[{\"@type\":\"ReadAction\",\"target\":[\"https:\/\/oticasnew.com.br\/web\/o-que-sao-lentes-stellest\/\"]}]},{\"@type\":\"BreadcrumbList\",\"@id\":\"https:\/\/oticasnew.com.br\/web\/o-que-sao-lentes-stellest\/#breadcrumb\",\"itemListElement\":[{\"@type\":\"ListItem\",\"position\":1,\"name\":\"Home\",\"item\":\"https:\/\/oticasnew.com.br\/web\/\"},{\"@type\":\"ListItem\",\"position\":2,\"name\":\"O que s\u00e3o Lentes Stellest?\"}]}]}<\/script>\n<!-- \/ Yoast SEO plugin. -->","yoast_head_json":{"title":"O que s\u00e3o Lentes Stellest? - \u00d3ticas New - (11) 4976-4186","description":"Para saber mais sobre o que s\u00e3o lentes Stellest entre em contato com a \u00d3ticas New: (11) 4976-4186 | 95911-6796.","robots":{"index":"index","follow":"follow","max-snippet":"max-snippet:-1","max-image-preview":"max-image-preview:large","max-video-preview":"max-video-preview:-1"},"canonical":"https:\/\/oticasnew.com.br\/web\/o-que-sao-lentes-stellest\/","og_locale":"en_US","og_type":"article","og_title":"O que s\u00e3o Lentes Stellest? - \u00d3ticas New - (11) 4976-4186","og_description":"Para saber mais sobre o que s\u00e3o lentes Stellest entre em contato com a \u00d3ticas New: (11) 4976-4186 | 95911-6796.","og_url":"https:\/\/oticasnew.com.br\/web\/o-que-sao-lentes-stellest\/","og_site_name":"Oticas New","article_modified_time":"2024-03-28T18:16:50+00:00","twitter_card":"summary_large_image","twitter_misc":{"Est. reading time":"2 minutes"},"schema":{"@context":"https:\/\/schema.org","@graph":[{"@type":"WebSite","@id":"https:\/\/oticasnew.com.br\/web\/#website","url":"https:\/\/oticasnew.com.br\/web\/","name":"Oticas New","description":"","potentialAction":[{"@type":"SearchAction","target":{"@type":"EntryPoint","urlTemplate":"https:\/\/oticasnew.com.br\/web\/?s={search_term_string}"},"query-input":"required name=search_term_string"}],"inLanguage":"en-US"},{"@type":"WebPage","@id":"https:\/\/oticasnew.com.br\/web\/o-que-sao-lentes-stellest\/#webpage","url":"https:\/\/oticasnew.com.br\/web\/o-que-sao-lentes-stellest\/","name":"O que s\u00e3o Lentes Stellest? - \u00d3ticas New - (11) 4976-4186","isPartOf":{"@id":"https:\/\/oticasnew.com.br\/web\/#website"},"datePublished":"2024-01-03T18:56:47+00:00","dateModified":"2024-03-28T18:16:50+00:00","description":"Para saber mais sobre o que s\u00e3o lentes Stellest entre em contato com a \u00d3ticas New: (11) 4976-4186 | 95911-6796.","breadcrumb":{"@id":"https:\/\/oticasnew.com.br\/web\/o-que-sao-lentes-stellest\/#breadcrumb"},"inLanguage":"en-US","potentialAction":[{"@type":"ReadAction","target":["https:\/\/oticasnew.com.br\/web\/o-que-sao-lentes-stellest\/"]}]},{"@type":"BreadcrumbList","@id":"https:\/\/oticasnew.com.br\/web\/o-que-sao-lentes-stellest\/#breadcrumb","itemListElement":[{"@type":"ListItem","position":1,"name":"Home","item":"https:\/\/oticasnew.com.br\/web\/"},{"@type":"ListItem","position":2,"name":"O que s\u00e3o Lentes Stellest?"}]}]}},"_links":{"self":[{"href":"https:\/\/oticasnew.com.br\/web\/wp-json\/wp\/v2\/pages\/77404"}],"collection":[{"href":"https:\/\/oticasnew.com.br\/web\/wp-json\/wp\/v2\/pages"}],"about":[{"href":"https:\/\/oticasnew.com.br\/web\/wp-json\/wp\/v2\/types\/page"}],"author":[{"embeddable":true,"href":"https:\/\/oticasnew.com.br\/web\/wp-json\/wp\/v2\/users\/1"}],"replies":[{"embeddable":true,"href":"https:\/\/oticasnew.com.br\/web\/wp-json\/wp\/v2\/comments?post=77404"}],"version-history":[{"count":2,"href":"https:\/\/oticasnew.com.br\/web\/wp-json\/wp\/v2\/pages\/77404\/revisions"}],"predecessor-version":[{"id":77567,"href":"https:\/\/oticasnew.com.br\/web\/wp-json\/wp\/v2\/pages\/77404\/revisions\/77567"}],"wp:attachment":[{"href":"https:\/\/oticasnew.com.br\/web\/wp-json\/wp\/v2\/media?parent=77404"}],"curies":[{"name":"wp","href":"https:\/\/api.w.org\/{rel}","templated":true}]}}