
{"id":77434,"date":"2024-01-03T19:32:44","date_gmt":"2024-01-03T19:32:44","guid":{"rendered":"https:\/\/oticasnew.com.br\/web\/?page_id=77434"},"modified":"2024-06-04T16:22:02","modified_gmt":"2024-06-04T16:22:02","slug":"qual-e-a-tecnologia-das-lentes-varilux-em-santo-andre","status":"publish","type":"page","link":"https:\/\/oticasnew.com.br\/web\/qual-e-a-tecnologia-das-lentes-varilux-em-santo-andre\/","title":{"rendered":"Qual \u00e9 a tecnologia das lentes Varilux em Santo Andr\u00e9?"},"content":{"rendered":"<h1 style=\"text-align: center;\">Qual \u00e9 a tecnologia das lentes Varilux em Santo Andr\u00e9?<\/h1>\n<p><strong>Voc\u00ea sabe qual \u00e9 a tecnologia das lentes Varilux em Santo Andr\u00e9? Venha conhecer!<\/strong><\/p>\n<p><strong>Quem somos?<\/strong><\/p>\n<p>A \u00d3ticas New \u00e9 uma empresa que est\u00e1 no ramo desde 2006, buscando criar uma rela\u00e7\u00e3o de confian\u00e7a com todos os clientes trazendo sempre o melhor custo-benef\u00edcio. Apresentamos uma variada gama de op\u00e7\u00f5es em lentes, marcas e arma\u00e7\u00f5es te dando a liberdade de escolher o que combina mais com voc\u00ea.<\/p>\n<p><strong>Qual \u00e9 a tecnologia das lentes Varilux em Santo Andr\u00e9?<\/strong><\/p>\n<p>Dentro do nosso leque de produtos, trabalhamos com a marca de <a href=\"httpss:\/\/oticasnew.com.br\/web\/lentes-varilux\/\" target=\"_blank\" rel=\"noopener\">lentes Varilux<\/a>, a marca que possui a tecnologia Binocular Booster que corrige os olhos de forma conjunta, proporcionando assim uma transi\u00e7\u00e3o suave em todas as dist\u00e2ncias e sem esfor\u00e7o.<\/p>\n<p>Mas n\u00e3o \u00e9 s\u00f3 essa tecnologia que as lentes Varilux possuem, existem v\u00e1rios tipos de tecnologias dispon\u00edveis, confira abaixo:<\/p>\n<p>\u2022 <strong>Binocular Booster<\/strong>: Ajusta o alinhamento do corredor progressivo na lente, favorecendo a vis\u00e3o binocular.<br \/>\n\u2022 <strong>Flex Optim<\/strong>: Tenha maior flexibilidade postural para realizar as suas atividades.<br \/>\n\u2022 <strong>Path Optimizer<\/strong>: Melhor aproveitamento da zona de perto.<br \/>\n\u2022 <strong>W.A.V.E 2.0<\/strong>: A solu\u00e7\u00e3o que \u00e9 o resultado de um mapeamento exclusivo das varia\u00e7\u00f5es do tamanho da pupila.<br \/>\n\u2022 <strong>DDV<\/strong>: A tecnologia Dual Digital Vision permite a produ\u00e7\u00e3o de superf\u00edcies \u00f3pticas complexas nos dois lados de uma mesma lente.<br \/>\n\u2022 <strong>Blue Uv Filter<\/strong>: A solu\u00e7\u00e3o que protege os seus olhos contra luzes nocivas e que pode ser adicionada \u00e0s suas lentes multifocais Varilux.<\/p>\n<p><strong>Quais s\u00e3o os tipos de personaliza\u00e7\u00f5es dispon\u00edveis?<\/strong><\/p>\n<p>A marca possui dois tipos de personaliza\u00e7\u00f5es dispon\u00edveis:<\/p>\n<p>\u2022 <strong>Essilor Fit<\/strong>: Personaliza\u00e7\u00e3o das suas lentes de acordo com os dados da arma\u00e7\u00e3o de seus \u00f3culos e com a dist\u00e2ncia de seus olhos.<br \/>\n\u2022 <strong>Eycode<\/strong>: Customiza\u00e7\u00e3o de suas lentes atrav\u00e9s da medi\u00e7\u00e3o de seu centro de rota\u00e7\u00e3o ocular \u2013 CRO.<\/p>\n<p><strong>Quais s\u00e3o os modelos de lentes Varilux? Confira alguns:<\/strong><\/p>\n<p><strong>Varilux E Series<\/strong>: Uma linha com lentes multifocais que permitem vis\u00e3o n\u00edtida em todas as dist\u00e2ncias.<br \/>\n<strong>Varilux X Series<\/strong>: reinventa a vis\u00e3o na dist\u00e2ncia ao alcance das m\u00e3os, pois n\u00e3o \u00e9 preciso mover ou inclinar a cabe\u00e7a para encontrar o foco certo na lente.<\/p>\n<p><strong>Varilux Digital<\/strong>:<br \/>\n<strong>Varilux Physio 3.0<\/strong> \u00e9 ideal para quem busca uma vis\u00e3o excelente em diferentes dist\u00e2ncias, nitidez imediata e adapta\u00e7\u00e3o suave em diversos ambientes.<br \/>\n<strong>Varilux Comfort Max<\/strong> \u00e9 para quem est\u00e1 vivenciando a sua primeira experi\u00eancia com lentes multifocais ou para j\u00e1 usu\u00e1rios que buscam conforto e r\u00e1pida adapta\u00e7\u00e3o.<br \/>\n<strong>Varilux Liberty<\/strong> <strong>3.0<\/strong> s\u00e3o feitas para quem procura uma vis\u00e3o n\u00edtida em todas as dist\u00e2ncias. Ela conta com a tecnologia Path Optimizer, que traz uma nitidez confort\u00e1vel na vis\u00e3o de longe, de perto e da vis\u00e3o intermedi\u00e1ria.<br \/>\n<strong>Varilux Activities<\/strong>:<br \/>\n<strong>Varilux Digitime<\/strong> \u00e9 ideal para leitura em dispositivos digitais como celulares, tablets e computadores.<br \/>\n<strong>Varilux Roadpilot<\/strong> \u00e9 ideal para dirigir durante o dia ou \u00e0 noite.<br \/>\n<strong>Varilux Sport<\/strong> \u00e9 indicada para atletas que t\u00eam vista cansada e precisam de corre\u00e7\u00e3o.<\/p>\n<p><strong>Ent\u00e3o se n\u00e3o sabia onde comprar Lentes Varilux, agora j\u00e1 sabe! Voc\u00ea encontra aqui na \u00d3ticas New!<\/strong><\/p>\n<p style=\"text-align: center;\"><span style=\"vertical-align: inherit;\"><span style=\"vertical-align: inherit;\">A <\/span><\/span><a href=\"httpss:\/\/oticasnew.com.br\/web\/\" target=\"_blank\" rel=\"noopener\"><strong><span style=\"vertical-align: inherit;\"><span style=\"vertical-align: inherit;\">\u00d3ticas New<\/span><\/span><\/strong><\/a><span style=\"vertical-align: inherit;\"><span style=\"vertical-align: inherit;\"> est\u00e1 localizada em Santo Andr\u00e9, em local de f\u00e1cil acesso pelas principais cidades do Grande ABC, incluindo S\u00e3o Bernardo do Campo, S\u00e3o Caetano do Sul, Mau\u00e1 e Diadema. Para saber mais sobre <strong>qual \u00e9 a tecnologia das Lentes Varilux em Santo Andr\u00e9<\/strong> ou outros produtos entre em contato conosco atrav\u00e9s dos telefones (11) 4976-4186 | (11) 95911-6796.<\/span><\/span><\/p>\n","protected":false},"excerpt":{"rendered":"<p>Qual \u00e9 a tecnologia das lentes Varilux em Santo Andr\u00e9? Voc\u00ea sabe qual \u00e9 a tecnologia das lentes Varilux em Santo Andr\u00e9? Venha conhecer! Quem somos? A \u00d3ticas New \u00e9 uma empresa que est\u00e1 no ramo desde 2006, buscando criar uma rela\u00e7\u00e3o de confian\u00e7a com todos os clientes trazendo sempre o melhor custo-benef\u00edcio. Apresentamos uma [&hellip;]<\/p>\n","protected":false},"author":1,"featured_media":0,"parent":0,"menu_order":0,"comment_status":"closed","ping_status":"closed","template":"","meta":{"_mi_skip_tracking":false},"yoast_head":"<!-- This site is optimized with the Yoast SEO plugin v18.0 - https:\/\/yoast.com\/wordpress\/plugins\/seo\/ -->\n<title>Qual \u00e9 a tecnologia das lentes Varilux em Santo Andr\u00e9? - \u00d3ticas New<\/title>\n<meta name=\"description\" content=\"Para saber mais sobre Qual \u00e9 a tecnologia das lentes Varilux em Santo Andr\u00e9 entre em contato com a \u00d3ticas New: (11) 4976-4186 | 95911-6796.\" \/>\n<meta name=\"robots\" content=\"index, follow, max-snippet:-1, max-image-preview:large, max-video-preview:-1\" \/>\n<link rel=\"canonical\" href=\"https:\/\/oticasnew.com.br\/web\/qual-e-a-tecnologia-das-lentes-varilux-em-santo-andre\/\" \/>\n<meta property=\"og:locale\" content=\"en_US\" \/>\n<meta property=\"og:type\" content=\"article\" \/>\n<meta property=\"og:title\" content=\"Qual \u00e9 a tecnologia das lentes Varilux em Santo Andr\u00e9? - \u00d3ticas New\" \/>\n<meta property=\"og:description\" content=\"Para saber mais sobre Qual \u00e9 a tecnologia das lentes Varilux em Santo Andr\u00e9 entre em contato com a \u00d3ticas New: (11) 4976-4186 | 95911-6796.\" \/>\n<meta property=\"og:url\" content=\"https:\/\/oticasnew.com.br\/web\/qual-e-a-tecnologia-das-lentes-varilux-em-santo-andre\/\" \/>\n<meta property=\"og:site_name\" content=\"Oticas New\" \/>\n<meta property=\"article:modified_time\" content=\"2024-06-04T16:22:02+00:00\" \/>\n<meta name=\"twitter:card\" content=\"summary_large_image\" \/>\n<meta name=\"twitter:label1\" content=\"Est. reading time\" \/>\n\t<meta name=\"twitter:data1\" content=\"3 minutes\" \/>\n<script type=\"application\/ld+json\" class=\"yoast-schema-graph\">{\"@context\":\"https:\/\/schema.org\",\"@graph\":[{\"@type\":\"WebSite\",\"@id\":\"https:\/\/oticasnew.com.br\/web\/#website\",\"url\":\"https:\/\/oticasnew.com.br\/web\/\",\"name\":\"Oticas New\",\"description\":\"\",\"potentialAction\":[{\"@type\":\"SearchAction\",\"target\":{\"@type\":\"EntryPoint\",\"urlTemplate\":\"https:\/\/oticasnew.com.br\/web\/?s={search_term_string}\"},\"query-input\":\"required name=search_term_string\"}],\"inLanguage\":\"en-US\"},{\"@type\":\"WebPage\",\"@id\":\"https:\/\/oticasnew.com.br\/web\/qual-e-a-tecnologia-das-lentes-varilux-em-santo-andre\/#webpage\",\"url\":\"https:\/\/oticasnew.com.br\/web\/qual-e-a-tecnologia-das-lentes-varilux-em-santo-andre\/\",\"name\":\"Qual \u00e9 a tecnologia das lentes Varilux em Santo Andr\u00e9? - \u00d3ticas New\",\"isPartOf\":{\"@id\":\"https:\/\/oticasnew.com.br\/web\/#website\"},\"datePublished\":\"2024-01-03T19:32:44+00:00\",\"dateModified\":\"2024-06-04T16:22:02+00:00\",\"description\":\"Para saber mais sobre Qual \u00e9 a tecnologia das lentes Varilux em Santo Andr\u00e9 entre em contato com a \u00d3ticas New: (11) 4976-4186 | 95911-6796.\",\"breadcrumb\":{\"@id\":\"https:\/\/oticasnew.com.br\/web\/qual-e-a-tecnologia-das-lentes-varilux-em-santo-andre\/#breadcrumb\"},\"inLanguage\":\"en-US\",\"potentialAction\":[{\"@type\":\"ReadAction\",\"target\":[\"https:\/\/oticasnew.com.br\/web\/qual-e-a-tecnologia-das-lentes-varilux-em-santo-andre\/\"]}]},{\"@type\":\"BreadcrumbList\",\"@id\":\"https:\/\/oticasnew.com.br\/web\/qual-e-a-tecnologia-das-lentes-varilux-em-santo-andre\/#breadcrumb\",\"itemListElement\":[{\"@type\":\"ListItem\",\"position\":1,\"name\":\"Home\",\"item\":\"https:\/\/oticasnew.com.br\/web\/\"},{\"@type\":\"ListItem\",\"position\":2,\"name\":\"Qual \u00e9 a tecnologia das lentes Varilux em Santo Andr\u00e9?\"}]}]}<\/script>\n<!-- \/ Yoast SEO plugin. -->","yoast_head_json":{"title":"Qual \u00e9 a tecnologia das lentes Varilux em Santo Andr\u00e9? - \u00d3ticas New","description":"Para saber mais sobre Qual \u00e9 a tecnologia das lentes Varilux em Santo Andr\u00e9 entre em contato com a \u00d3ticas New: (11) 4976-4186 | 95911-6796.","robots":{"index":"index","follow":"follow","max-snippet":"max-snippet:-1","max-image-preview":"max-image-preview:large","max-video-preview":"max-video-preview:-1"},"canonical":"https:\/\/oticasnew.com.br\/web\/qual-e-a-tecnologia-das-lentes-varilux-em-santo-andre\/","og_locale":"en_US","og_type":"article","og_title":"Qual \u00e9 a tecnologia das lentes Varilux em Santo Andr\u00e9? - \u00d3ticas New","og_description":"Para saber mais sobre Qual \u00e9 a tecnologia das lentes Varilux em Santo Andr\u00e9 entre em contato com a \u00d3ticas New: (11) 4976-4186 | 95911-6796.","og_url":"https:\/\/oticasnew.com.br\/web\/qual-e-a-tecnologia-das-lentes-varilux-em-santo-andre\/","og_site_name":"Oticas New","article_modified_time":"2024-06-04T16:22:02+00:00","twitter_card":"summary_large_image","twitter_misc":{"Est. reading time":"3 minutes"},"schema":{"@context":"https:\/\/schema.org","@graph":[{"@type":"WebSite","@id":"https:\/\/oticasnew.com.br\/web\/#website","url":"https:\/\/oticasnew.com.br\/web\/","name":"Oticas New","description":"","potentialAction":[{"@type":"SearchAction","target":{"@type":"EntryPoint","urlTemplate":"https:\/\/oticasnew.com.br\/web\/?s={search_term_string}"},"query-input":"required name=search_term_string"}],"inLanguage":"en-US"},{"@type":"WebPage","@id":"https:\/\/oticasnew.com.br\/web\/qual-e-a-tecnologia-das-lentes-varilux-em-santo-andre\/#webpage","url":"https:\/\/oticasnew.com.br\/web\/qual-e-a-tecnologia-das-lentes-varilux-em-santo-andre\/","name":"Qual \u00e9 a tecnologia das lentes Varilux em Santo Andr\u00e9? - \u00d3ticas New","isPartOf":{"@id":"https:\/\/oticasnew.com.br\/web\/#website"},"datePublished":"2024-01-03T19:32:44+00:00","dateModified":"2024-06-04T16:22:02+00:00","description":"Para saber mais sobre Qual \u00e9 a tecnologia das lentes Varilux em Santo Andr\u00e9 entre em contato com a \u00d3ticas New: (11) 4976-4186 | 95911-6796.","breadcrumb":{"@id":"https:\/\/oticasnew.com.br\/web\/qual-e-a-tecnologia-das-lentes-varilux-em-santo-andre\/#breadcrumb"},"inLanguage":"en-US","potentialAction":[{"@type":"ReadAction","target":["https:\/\/oticasnew.com.br\/web\/qual-e-a-tecnologia-das-lentes-varilux-em-santo-andre\/"]}]},{"@type":"BreadcrumbList","@id":"https:\/\/oticasnew.com.br\/web\/qual-e-a-tecnologia-das-lentes-varilux-em-santo-andre\/#breadcrumb","itemListElement":[{"@type":"ListItem","position":1,"name":"Home","item":"https:\/\/oticasnew.com.br\/web\/"},{"@type":"ListItem","position":2,"name":"Qual \u00e9 a tecnologia das lentes Varilux em Santo Andr\u00e9?"}]}]}},"_links":{"self":[{"href":"https:\/\/oticasnew.com.br\/web\/wp-json\/wp\/v2\/pages\/77434"}],"collection":[{"href":"https:\/\/oticasnew.com.br\/web\/wp-json\/wp\/v2\/pages"}],"about":[{"href":"https:\/\/oticasnew.com.br\/web\/wp-json\/wp\/v2\/types\/page"}],"author":[{"embeddable":true,"href":"https:\/\/oticasnew.com.br\/web\/wp-json\/wp\/v2\/users\/1"}],"replies":[{"embeddable":true,"href":"https:\/\/oticasnew.com.br\/web\/wp-json\/wp\/v2\/comments?post=77434"}],"version-history":[{"count":2,"href":"https:\/\/oticasnew.com.br\/web\/wp-json\/wp\/v2\/pages\/77434\/revisions"}],"predecessor-version":[{"id":77565,"href":"https:\/\/oticasnew.com.br\/web\/wp-json\/wp\/v2\/pages\/77434\/revisions\/77565"}],"wp:attachment":[{"href":"https:\/\/oticasnew.com.br\/web\/wp-json\/wp\/v2\/media?parent=77434"}],"curies":[{"name":"wp","href":"https:\/\/api.w.org\/{rel}","templated":true}]}}