
{"id":77916,"date":"2025-07-17T20:38:30","date_gmt":"2025-07-17T20:38:30","guid":{"rendered":"https:\/\/oticasnew.com.br\/web\/?page_id=77916"},"modified":"2025-07-17T20:38:30","modified_gmt":"2025-07-17T20:38:30","slug":"lentes-com-antirreflexo-quando-valem-a-pena","status":"publish","type":"page","link":"https:\/\/oticasnew.com.br\/web\/lentes-com-antirreflexo-quando-valem-a-pena\/","title":{"rendered":"Lentes com antirreflexo: quando valem a pena?"},"content":{"rendered":"<p>[vc_row][\/vc_row][vc_column][vc_column_text]<\/p>\n<h1 style=\"text-align: center;\">Lentes com antirreflexo: quando valem a pena?<\/h1>\n<p class=\"western\" align=\"justify\"><span style=\"font-family: Arial, sans-serif; color: #333333;\"><span style=\"font-size: medium;\">As <strong>lentes com antirreflexo<\/strong> s\u00e3o uma excelente op\u00e7\u00e3o para quem busca mais conforto visual, principalmente em ambientes com muita luz ou durante o uso prolongado de telas. Mas ser\u00e1 que esse investimento realmente vale a pena? Neste conte\u00fado, voc\u00ea vai descobrir como essas lentes funcionam, para quem s\u00e3o recomendadas e quais os benef\u00edcios reais que elas oferecem no dia a dia.<\/span><\/span><\/p>\n<p>[\/vc_column_text][vc_empty_space height=&#8221;15px&#8221;][\/vc_column][vc_row][vc_column][vc_single_image image=&#8221;77915&#8243; img_size=&#8221;medium&#8221; alignment=&#8221;center&#8221;][\/vc_column][\/vc_row]<\/p>\n<p class=\"western\" align=\"justify\"><strong>O que s\u00e3o lentes com antirreflexo<\/strong><br \/>\nEssas lentes recebem um tratamento especial que reduz significativamente os reflexos sobre a superf\u00edcie. Isso significa menos brilho vindo de far\u00f3is, telas de computador, luzes artificiais ou do sol. O resultado \u00e9 uma vis\u00e3o mais n\u00edtida, com menos distra\u00e7\u00f5es e maior conforto visual.<\/p>\n<p><strong>Quando vale a pena investir nesse tipo de lente<\/strong><br \/>\nAs <strong>lentes com antirreflexo<\/strong> s\u00e3o ideais para quem:<\/p>\n<p>\u2022 Trabalha por muitas horas diante de computadores ou celulares;<br \/>\n\u2022 Dirige com frequ\u00eancia, especialmente \u00e0 noite;<br \/>\n\u2022 Sente os olhos cansados ou irritados em ambientes bem iluminados;<br \/>\n\u2022 Participa de reuni\u00f5es online ou grava v\u00eddeos;<br \/>\n\u2022 Deseja mais conforto visual e apar\u00eancia discreta no uso dos \u00f3culos.<\/p>\n<p>Essas lentes n\u00e3o apenas melhoram a qualidade da vis\u00e3o, como tamb\u00e9m previnem o cansa\u00e7o ocular e tornam o uso dos \u00f3culos mais agrad\u00e1vel ao longo do dia.<\/p>\n<p><strong>Benef\u00edcios reais das lentes com antirreflexo<\/strong><br \/>\nEntre os principais benef\u00edcios, est\u00e3o:<\/p>\n<p>\u2022 Menos fadiga ocular;<br \/>\n\u2022 Imagens mais n\u00edtidas e com contraste aprimorado;<br \/>\n\u2022 Redu\u00e7\u00e3o de reflexos em fotos e v\u00eddeos;<br \/>\n\u2022 Mais seguran\u00e7a ao dirigir;<br \/>\n\u2022 Est\u00e9tica mais limpa e moderna.<\/p>\n<p>Se voc\u00ea sente desconforto ao usar \u00f3culos em ambientes claros ou passa muito tempo em frente \u00e0s telas, as l<strong>entes com antirreflexo<\/strong> s\u00e3o uma escolha inteligente. Aqui na nossa \u00f3tica, voc\u00ea encontra op\u00e7\u00f5es de alta qualidade, com atendimento personalizado para te ajudar a fazer a melhor escolha para o seu dia a dia. Visite-nos e veja o mundo com mais conforto e nitidez.<\/p>\n<p>[vc_empty_space height=&#8221;10px&#8221;][vc_separator]<\/p>\n<p style=\"text-align: center;\">A <a href=\"httpss:\/\/oticasnew.com.br\/web\/\" target=\"_blank\" rel=\"noopener\"><strong>\u00d3ticas New<\/strong><\/a> est\u00e1 localizada em Santo Andr\u00e9, em local de f\u00e1cil acesso pelas principais cidades do Grande ABC, inclu\u00edndo S\u00e3o Bernardo do Campo, S\u00e3o Caetano do Sul, Mau\u00e1 e Diadema. Para saber mais sobre nossos servi\u00e7os,\u00a0entre em contato conosco atrav\u00e9s dos telefones <strong><a href=\"tel:1149764186\">(11) 4976-4186<\/a> | <a href=\"httpss:\/\/wa.me\/5511959116796\" target=\"_blank\" rel=\"noopener\">(11) 95911-6796.<\/a><\/strong><\/p>\n<p>&nbsp;<\/p>\n","protected":false},"excerpt":{"rendered":"<p>[vc_row][\/vc_row][vc_column][vc_column_text] Lentes com antirreflexo: quando valem a pena? As lentes com antirreflexo s\u00e3o uma excelente op\u00e7\u00e3o para quem busca mais conforto visual, principalmente em ambientes com muita luz ou durante o uso prolongado de telas. Mas ser\u00e1 que esse investimento realmente vale a pena? Neste conte\u00fado, voc\u00ea vai descobrir como essas lentes funcionam, para quem [&hellip;]<\/p>\n","protected":false},"author":3,"featured_media":0,"parent":0,"menu_order":0,"comment_status":"closed","ping_status":"closed","template":"","meta":{"_mi_skip_tracking":false},"yoast_head":"<!-- This site is optimized with the Yoast SEO plugin v18.0 - https:\/\/yoast.com\/wordpress\/plugins\/seo\/ -->\n<title>Lentes com antirreflexo: quando valem a pena? - \u00d3ticas New - (11) 4976-4186<\/title>\n<meta name=\"description\" content=\"Para saber mais sobre lentes com antirreflexo entre em contato com a \u00d3ticas New: (11) 4976-4186 | 95911-6796.\" \/>\n<meta name=\"robots\" content=\"index, follow, max-snippet:-1, max-image-preview:large, max-video-preview:-1\" \/>\n<link rel=\"canonical\" href=\"https:\/\/oticasnew.com.br\/web\/lentes-com-antirreflexo-quando-valem-a-pena\/\" \/>\n<meta property=\"og:locale\" content=\"en_US\" \/>\n<meta property=\"og:type\" content=\"article\" \/>\n<meta property=\"og:title\" content=\"Lentes com antirreflexo: quando valem a pena? - \u00d3ticas New - (11) 4976-4186\" \/>\n<meta property=\"og:description\" content=\"Para saber mais sobre lentes com antirreflexo entre em contato com a \u00d3ticas New: (11) 4976-4186 | 95911-6796.\" \/>\n<meta property=\"og:url\" content=\"https:\/\/oticasnew.com.br\/web\/lentes-com-antirreflexo-quando-valem-a-pena\/\" \/>\n<meta property=\"og:site_name\" content=\"Oticas New\" \/>\n<meta name=\"twitter:card\" content=\"summary_large_image\" \/>\n<meta name=\"twitter:label1\" content=\"Est. reading time\" \/>\n\t<meta name=\"twitter:data1\" content=\"2 minutes\" \/>\n<script type=\"application\/ld+json\" class=\"yoast-schema-graph\">{\"@context\":\"https:\/\/schema.org\",\"@graph\":[{\"@type\":\"WebSite\",\"@id\":\"https:\/\/oticasnew.com.br\/web\/#website\",\"url\":\"https:\/\/oticasnew.com.br\/web\/\",\"name\":\"Oticas New\",\"description\":\"\",\"potentialAction\":[{\"@type\":\"SearchAction\",\"target\":{\"@type\":\"EntryPoint\",\"urlTemplate\":\"https:\/\/oticasnew.com.br\/web\/?s={search_term_string}\"},\"query-input\":\"required name=search_term_string\"}],\"inLanguage\":\"en-US\"},{\"@type\":\"WebPage\",\"@id\":\"https:\/\/oticasnew.com.br\/web\/lentes-com-antirreflexo-quando-valem-a-pena\/#webpage\",\"url\":\"https:\/\/oticasnew.com.br\/web\/lentes-com-antirreflexo-quando-valem-a-pena\/\",\"name\":\"Lentes com antirreflexo: quando valem a pena? - \u00d3ticas New - (11) 4976-4186\",\"isPartOf\":{\"@id\":\"https:\/\/oticasnew.com.br\/web\/#website\"},\"datePublished\":\"2025-07-17T20:38:30+00:00\",\"dateModified\":\"2025-07-17T20:38:30+00:00\",\"description\":\"Para saber mais sobre lentes com antirreflexo entre em contato com a \u00d3ticas New: (11) 4976-4186 | 95911-6796.\",\"breadcrumb\":{\"@id\":\"https:\/\/oticasnew.com.br\/web\/lentes-com-antirreflexo-quando-valem-a-pena\/#breadcrumb\"},\"inLanguage\":\"en-US\",\"potentialAction\":[{\"@type\":\"ReadAction\",\"target\":[\"https:\/\/oticasnew.com.br\/web\/lentes-com-antirreflexo-quando-valem-a-pena\/\"]}]},{\"@type\":\"BreadcrumbList\",\"@id\":\"https:\/\/oticasnew.com.br\/web\/lentes-com-antirreflexo-quando-valem-a-pena\/#breadcrumb\",\"itemListElement\":[{\"@type\":\"ListItem\",\"position\":1,\"name\":\"Home\",\"item\":\"https:\/\/oticasnew.com.br\/web\/\"},{\"@type\":\"ListItem\",\"position\":2,\"name\":\"Lentes com antirreflexo: quando valem a pena?\"}]}]}<\/script>\n<!-- \/ Yoast SEO plugin. -->","yoast_head_json":{"title":"Lentes com antirreflexo: quando valem a pena? - \u00d3ticas New - (11) 4976-4186","description":"Para saber mais sobre lentes com antirreflexo entre em contato com a \u00d3ticas New: (11) 4976-4186 | 95911-6796.","robots":{"index":"index","follow":"follow","max-snippet":"max-snippet:-1","max-image-preview":"max-image-preview:large","max-video-preview":"max-video-preview:-1"},"canonical":"https:\/\/oticasnew.com.br\/web\/lentes-com-antirreflexo-quando-valem-a-pena\/","og_locale":"en_US","og_type":"article","og_title":"Lentes com antirreflexo: quando valem a pena? - \u00d3ticas New - (11) 4976-4186","og_description":"Para saber mais sobre lentes com antirreflexo entre em contato com a \u00d3ticas New: (11) 4976-4186 | 95911-6796.","og_url":"https:\/\/oticasnew.com.br\/web\/lentes-com-antirreflexo-quando-valem-a-pena\/","og_site_name":"Oticas New","twitter_card":"summary_large_image","twitter_misc":{"Est. reading time":"2 minutes"},"schema":{"@context":"https:\/\/schema.org","@graph":[{"@type":"WebSite","@id":"https:\/\/oticasnew.com.br\/web\/#website","url":"https:\/\/oticasnew.com.br\/web\/","name":"Oticas New","description":"","potentialAction":[{"@type":"SearchAction","target":{"@type":"EntryPoint","urlTemplate":"https:\/\/oticasnew.com.br\/web\/?s={search_term_string}"},"query-input":"required name=search_term_string"}],"inLanguage":"en-US"},{"@type":"WebPage","@id":"https:\/\/oticasnew.com.br\/web\/lentes-com-antirreflexo-quando-valem-a-pena\/#webpage","url":"https:\/\/oticasnew.com.br\/web\/lentes-com-antirreflexo-quando-valem-a-pena\/","name":"Lentes com antirreflexo: quando valem a pena? - \u00d3ticas New - (11) 4976-4186","isPartOf":{"@id":"https:\/\/oticasnew.com.br\/web\/#website"},"datePublished":"2025-07-17T20:38:30+00:00","dateModified":"2025-07-17T20:38:30+00:00","description":"Para saber mais sobre lentes com antirreflexo entre em contato com a \u00d3ticas New: (11) 4976-4186 | 95911-6796.","breadcrumb":{"@id":"https:\/\/oticasnew.com.br\/web\/lentes-com-antirreflexo-quando-valem-a-pena\/#breadcrumb"},"inLanguage":"en-US","potentialAction":[{"@type":"ReadAction","target":["https:\/\/oticasnew.com.br\/web\/lentes-com-antirreflexo-quando-valem-a-pena\/"]}]},{"@type":"BreadcrumbList","@id":"https:\/\/oticasnew.com.br\/web\/lentes-com-antirreflexo-quando-valem-a-pena\/#breadcrumb","itemListElement":[{"@type":"ListItem","position":1,"name":"Home","item":"https:\/\/oticasnew.com.br\/web\/"},{"@type":"ListItem","position":2,"name":"Lentes com antirreflexo: quando valem a pena?"}]}]}},"_links":{"self":[{"href":"https:\/\/oticasnew.com.br\/web\/wp-json\/wp\/v2\/pages\/77916"}],"collection":[{"href":"https:\/\/oticasnew.com.br\/web\/wp-json\/wp\/v2\/pages"}],"about":[{"href":"https:\/\/oticasnew.com.br\/web\/wp-json\/wp\/v2\/types\/page"}],"author":[{"embeddable":true,"href":"https:\/\/oticasnew.com.br\/web\/wp-json\/wp\/v2\/users\/3"}],"replies":[{"embeddable":true,"href":"https:\/\/oticasnew.com.br\/web\/wp-json\/wp\/v2\/comments?post=77916"}],"version-history":[{"count":1,"href":"https:\/\/oticasnew.com.br\/web\/wp-json\/wp\/v2\/pages\/77916\/revisions"}],"predecessor-version":[{"id":77917,"href":"https:\/\/oticasnew.com.br\/web\/wp-json\/wp\/v2\/pages\/77916\/revisions\/77917"}],"wp:attachment":[{"href":"https:\/\/oticasnew.com.br\/web\/wp-json\/wp\/v2\/media?parent=77916"}],"curies":[{"name":"wp","href":"https:\/\/api.w.org\/{rel}","templated":true}]}}